{"id":493,"date":"2024-09-04T13:21:42","date_gmt":"2024-09-04T11:21:42","guid":{"rendered":"https:\/\/bogehiwo.cyon.site\/?page_id=493"},"modified":"2026-04-01T09:28:44","modified_gmt":"2026-04-01T07:28:44","slug":"aerorevue","status":"publish","type":"page","link":"https:\/\/aeroclub.ch\/it\/der-aecs-im-ueberblick-media\/aerorevue\/","title":{"rendered":"Annunci e inserzioni di AeroRevue"},"content":{"rendered":"<div data-elementor-type=\"wp-page\" data-elementor-id=\"493\" class=\"elementor elementor-493\" data-elementor-post-type=\"page\">\n\t\t\t\t\t\t<section class=\"elementor-section elementor-top-section elementor-element elementor-element-68387b3 elementor-section-boxed elementor-section-height-default elementor-section-height-default\" data-id=\"68387b3\" data-element_type=\"section\" data-e-type=\"section\">\n\t\t\t\t\t\t<div class=\"elementor-container elementor-column-gap-default\">\n\t\t\t\t\t<div class=\"elementor-column elementor-col-100 elementor-top-column elementor-element elementor-element-8f3fab4\" data-id=\"8f3fab4\" data-element_type=\"column\" data-e-type=\"column\">\n\t\t\t<div class=\"elementor-widget-wrap elementor-element-populated\">\n\t\t\t\t\t\t<div class=\"elementor-element elementor-element-6a6fda4 elementor-widget elementor-widget-text-editor\" data-id=\"6a6fda4\" data-element_type=\"widget\" data-e-type=\"widget\" data-widget_type=\"text-editor.default\">\n\t\t\t\t<div class=\"elementor-widget-container\">\n\t\t\t\t\t\t\t\t\t<p><strong>La sua rivista specializzata per l'aviazione leggera<\/strong><\/p><p>Il\u00a0<strong>AeroRevue<\/strong> \u00e8 di gran lunga la rivista di aviazione pi\u00f9 grande e pi\u00f9 letta in Svizzera, con una tiratura a pagamento di circa 20.500 copie (certificata WEMF) e circa 50.000 lettori (secondo lo studio MACH). In qualit\u00e0 di pubblicazione ufficiale dell'AeCS, la rivista <strong>AeroRevue<\/strong>\u00a0ai servizi inclusi nella quota associativa. Per meno di 2 franchi svizzeri a numero, i soci ricevono sei volte all'anno informazioni preziose sull'aviazione svizzera e sull'Aero Club della Svizzera.  \u00c8 anche disponibile in vendita libera presso i chioschi.\u00a0<b>Non soci\u00a0<\/b>pu\u00f2 acquistare un abbonamento annuale a 54 franchi svizzeri.<\/p><p>Per soddisfare le esigenze dei lettori francofoni, viene prodotta un'edizione speciale in francese, in cui ben 15 pagine sono completamente tradotte in francese, che viene inviata ai soci della Svizzera francese.<\/p><p class=\"p1\"><span class=\"s1\">Il suo club sta organizzando un'esposizione di modelli, un fly-in o una giornata di volo? Desidera informare tutti i 20.000 soci dell'Aero Club della Svizzera? Dal 2024, tutti i club affiliati all'AeCS possono pubblicizzare gli eventi su AeroRevue a condizioni vantaggiose. L'agenda rimarr\u00e0 ovviamente gratuita, ma un annuncio pubblicitario \u00e8 garanzia di maggiore attenzione.<\/span><\/p>\t\t\t\t\t\t\t\t<\/div>\n\t\t\t\t<\/div>\n\t\t\t\t\t<\/div>\n\t\t<\/div>\n\t\t\t\t\t<\/div>\n\t\t<\/section>\n\t\t\t\t<section class=\"elementor-section elementor-top-section elementor-element elementor-element-dd731ca elementor-section-boxed elementor-section-height-default elementor-section-height-default\" data-id=\"dd731ca\" data-element_type=\"section\" data-e-type=\"section\">\n\t\t\t\t\t\t<div class=\"elementor-container elementor-column-gap-default\">\n\t\t\t\t\t<div class=\"elementor-column elementor-col-33 elementor-top-column elementor-element elementor-element-dad92ed\" data-id=\"dad92ed\" data-element_type=\"column\" data-e-type=\"column\">\n\t\t\t<div class=\"elementor-widget-wrap elementor-element-populated\">\n\t\t\t\t\t\t<div class=\"elementor-element elementor-element-3ffb416 elementor-widget elementor-widget-text-editor\" data-id=\"3ffb416\" data-element_type=\"widget\" data-e-type=\"widget\" data-widget_type=\"text-editor.default\">\n\t\t\t\t<div class=\"elementor-widget-container\">\n\t\t\t\t\t\t\t\t\t<p><strong>Consulenza, vendite:<br \/><\/strong>Aero Club della Svizzera<br \/>Urs Holderegger\/Andrea Bolliger<br \/>Maihofstrasse 76<br \/>CH-6006 Lucerna<\/p><p>+41 41 375 01 09<br \/><a href=\"mailto:aerorevue@aeroclub.ch\">aerorevue@aeroclub.ch<\/a><\/p>\t\t\t\t\t\t\t\t<\/div>\n\t\t\t\t<\/div>\n\t\t\t\t\t<\/div>\n\t\t<\/div>\n\t\t\t\t<div class=\"elementor-column elementor-col-33 elementor-top-column elementor-element elementor-element-a1adf4f\" data-id=\"a1adf4f\" data-element_type=\"column\" data-e-type=\"column\">\n\t\t\t<div class=\"elementor-widget-wrap elementor-element-populated\">\n\t\t\t\t\t\t<div class=\"elementor-element elementor-element-d3b6efc elementor-widget elementor-widget-text-editor\" data-id=\"d3b6efc\" data-element_type=\"widget\" data-e-type=\"widget\" data-widget_type=\"text-editor.default\">\n\t\t\t\t<div class=\"elementor-widget-container\">\n\t\t\t\t\t\t\t\t\t<p><strong>Redazione<br \/><\/strong>Aero Club della Svizzera<br \/>Urs Holderegger\/Andrea Bolliger<br \/>Maihofstrasse 76<br \/>CH-6006 Lucerna<\/p><p>+41 41 375 01 09<br \/><a href=\"mailto:aerorevue@aeroclub.ch\">aerorevue@aeroclub.ch<\/a><\/p>\t\t\t\t\t\t\t\t<\/div>\n\t\t\t\t<\/div>\n\t\t\t\t\t<\/div>\n\t\t<\/div>\n\t\t\t\t<div class=\"elementor-column elementor-col-33 elementor-top-column elementor-element elementor-element-47faf24\" data-id=\"47faf24\" data-element_type=\"column\" data-e-type=\"column\">\n\t\t\t<div class=\"elementor-widget-wrap elementor-element-populated\">\n\t\t\t\t\t\t<div class=\"elementor-element elementor-element-6c0df49 elementor-widget elementor-widget-text-editor\" data-id=\"6c0df49\" data-element_type=\"widget\" data-e-type=\"widget\" data-widget_type=\"text-editor.default\">\n\t\t\t\t<div class=\"elementor-widget-container\">\n\t\t\t\t\t\t\t\t\t<p><strong>Editore<br \/><\/strong>Aero Club della Svizzera<br \/>\"AeroRevue\"<br \/>Maihofstrasse 76<br \/>CH-6006 Lucerna<\/p><p>+41 41 375 01 01<br \/><a href=\"mailto:info@aeroclub.ch\">info@aeroclub.ch<\/a><\/p>\t\t\t\t\t\t\t\t<\/div>\n\t\t\t\t<\/div>\n\t\t\t\t\t<\/div>\n\t\t<\/div>\n\t\t\t\t\t<\/div>\n\t\t<\/section>\n\t\t\t\t<section class=\"elementor-section elementor-top-section elementor-element elementor-element-2792416 elementor-section-boxed elementor-section-height-default elementor-section-height-default\" data-id=\"2792416\" data-element_type=\"section\" data-e-type=\"section\">\n\t\t\t\t\t\t<div class=\"elementor-container elementor-column-gap-default\">\n\t\t\t\t\t<div class=\"elementor-column elementor-col-100 elementor-top-column elementor-element elementor-element-ac4627b\" data-id=\"ac4627b\" data-element_type=\"column\" data-e-type=\"column\">\n\t\t\t<div class=\"elementor-widget-wrap elementor-element-populated\">\n\t\t\t\t\t\t<div class=\"elementor-element elementor-element-f9b3dec elementor-widget-divider--view-line elementor-widget elementor-widget-divider\" data-id=\"f9b3dec\" data-element_type=\"widget\" data-e-type=\"widget\" data-widget_type=\"divider.default\">\n\t\t\t\t<div class=\"elementor-widget-container\">\n\t\t\t\t\t\t\t<div class=\"elementor-divider\">\n\t\t\t<span class=\"elementor-divider-separator\">\n\t\t\t\t\t\t<\/span>\n\t\t<\/div>\n\t\t\t\t\t\t<\/div>\n\t\t\t\t<\/div>\n\t\t\t\t\t<\/div>\n\t\t<\/div>\n\t\t\t\t\t<\/div>\n\t\t<\/section>\n\t\t\t\t<section class=\"elementor-section elementor-top-section elementor-element elementor-element-dff9064 elementor-section-boxed elementor-section-height-default elementor-section-height-default\" data-id=\"dff9064\" data-element_type=\"section\" data-e-type=\"section\">\n\t\t\t\t\t\t<div class=\"elementor-container elementor-column-gap-default\">\n\t\t\t\t\t<div class=\"elementor-column elementor-col-100 elementor-top-column elementor-element elementor-element-63b5368\" data-id=\"63b5368\" data-element_type=\"column\" data-e-type=\"column\">\n\t\t\t<div class=\"elementor-widget-wrap elementor-element-populated\">\n\t\t\t\t\t\t<div class=\"elementor-element elementor-element-7c5105f elementor-widget elementor-widget-text-editor\" data-id=\"7c5105f\" data-element_type=\"widget\" data-e-type=\"widget\" data-widget_type=\"text-editor.default\">\n\t\t\t\t<div class=\"elementor-widget-container\">\n\t\t\t\t\t\t\t\t\t<p><strong>ORDINE DI ANNUNCI CLASSIFICATI<\/strong><\/p><p>Il prezzo della linea venduta in AeroRevue \u00e8 di 10,00 franchi Prezzo minimo: 20,00 franchi, <br \/>Contributo per il numero di casella: CHF 30.00, con foto in aggiunta CHF 150.00 - (tutti i prezzi\u00a0<span style=\"color: #0d1a28; font-family: Roboto; font-size: 15px; font-style: normal; font-variant-ligatures: normal; font-variant-caps: normal; font-weight: 400;\">IVA esclusa)<\/span><\/p>\t\t\t\t\t\t\t\t<\/div>\n\t\t\t\t<\/div>\n\t\t\t\t\t<\/div>\n\t\t<\/div>\n\t\t\t\t\t<\/div>\n\t\t<\/section>\n\t\t\t\t<section class=\"elementor-section elementor-top-section elementor-element elementor-element-7d498c4 elementor-section-boxed elementor-section-height-default elementor-section-height-default\" data-id=\"7d498c4\" data-element_type=\"section\" data-e-type=\"section\">\n\t\t\t\t\t\t<div class=\"elementor-container elementor-column-gap-default\">\n\t\t\t\t\t<div class=\"elementor-column elementor-col-100 elementor-top-column elementor-element elementor-element-3211d46\" data-id=\"3211d46\" data-element_type=\"column\" data-e-type=\"column\">\n\t\t\t<div class=\"elementor-widget-wrap elementor-element-populated\">\n\t\t\t\t\t\t<div class=\"elementor-element elementor-element-0088a8a elementor-alert-info elementor-widget elementor-widget-alert\" data-id=\"0088a8a\" data-element_type=\"widget\" data-e-type=\"widget\" data-widget_type=\"alert.default\">\n\t\t\t\t<div class=\"elementor-widget-container\">\n\t\t\t\t\t\t\t<div class=\"elementor-alert\" role=\"alert\">\n\n\t\t\t\t\t\t<span class=\"elementor-alert-title\">Pu\u00f2 trovare i dati mediatici attuali qui:<\/span>\n\t\t\t\n\t\t\t\t\t\t<span class=\"elementor-alert-description\"><p><a href=\"https:\/\/cloud.hoststar.ch\/s\/XzFsffXQmS6fzG2\">Dati media 2026 (TEDESCO)<\/a><\/p>\n\n<p><a href=\"https:\/\/cloud.hoststar.ch\/s\/FPemXZy2YDx2x85\">Dati media 2026 (FRANCAIS)<\/a><\/p><\/span>\n\t\t\t\n\t\t\t\n\t\t<\/div>\n\t\t\t\t\t\t<\/div>\n\t\t\t\t<\/div>\n\t\t\t\t\t<\/div>\n\t\t<\/div>\n\t\t\t\t\t<\/div>\n\t\t<\/section>\n\t\t\t\t<section class=\"elementor-section elementor-top-section elementor-element elementor-element-7775635 elementor-section-boxed elementor-section-height-default elementor-section-height-default\" data-id=\"7775635\" data-element_type=\"section\" data-e-type=\"section\">\n\t\t\t\t\t\t<div class=\"elementor-container elementor-column-gap-default\">\n\t\t\t\t\t<div class=\"elementor-column elementor-col-100 elementor-top-column elementor-element elementor-element-2455d4d\" data-id=\"2455d4d\" data-element_type=\"column\" data-e-type=\"column\">\n\t\t\t<div class=\"elementor-widget-wrap elementor-element-populated\">\n\t\t\t\t\t\t<div class=\"elementor-element elementor-element-2a51357 elementor-widget elementor-widget-everest-forms\" data-id=\"2a51357\" data-element_type=\"widget\" data-e-type=\"widget\" data-widget_type=\"everest-forms.default\">\n\t\t\t\t<div class=\"elementor-widget-container\">\n\t\t\t\t\t\t\t\t<div class=\"everest-forms\"><div class=\"evf-container default\" id=\"evf-1055\"><form id=\"evf-form-1055\" class=\"everest-form\" data-formid=\"1055\" data-ajax_submission=\"0\" data-keyboard_friendly_form=\"0\" method=\"post\" enctype=\"multipart\/form-data\" action=\"\/it\/wp-json\/wp\/v2\/pages\/493\" data-trp-original-action=\"\/it\/wp-json\/wp\/v2\/pages\/493\"><div class=\"evf-field-container\"><input type=\"hidden\" id=\"_wpnonce1055\" name=\"_wpnonce1055\" value=\"bb52d652cf\" \/><input type=\"hidden\" name=\"_wp_http_referer\" value=\"\/it\/wp-json\/wp\/v2\/pages\/493\" \/><div class=\"evf-frontend-row\" data-row=\"row_5\" conditional_rules=\"[]\"><div class=\"evf-frontend-grid evf-grid-1\" data-grid=\"grid_1\"><div id=\"evf-1055-field_MPoOcLnufb-13-container\" class=\"evf-field evf-field-textarea form-row validate-required\" data-required-field-message=\"This field is required.\" data-field-id=\"MPoOcLnufb-13\"><label class=\"evf-field-label\" for=\"evf-1055-field_MPoOcLnufb-13\"><span class=\"evf-label\">Inserisca il testo del suo annuncio:<\/span> <abbr class=\"required\" title=\"Richiesto\">*<\/abbr><\/label><textarea id=\"evf-1055-field_MPoOcLnufb-13\" class=\"input-text\" name=\"everest_forms[form_fields][MPoOcLnufb-13]\" required><\/textarea><\/div><div id=\"evf-1055-field_clvzbjXOwB-15-container\" class=\"evf-field evf-field-image-upload form-row\" data-field-id=\"clvzbjXOwB-15\"><label class=\"evf-field-label\" for=\"evf-1055-field_clvzbjXOwB-15\"><span class=\"evf-label\">Carica immagine (+ CHF 150.00, IVA esclusa)<\/span> <\/label>\t\t<div class=\"everest-forms-uploader\"\n\t\t\tdata-field-id=\"clvzbjXOwB-15\"\n\t\t\tdata-form-id=\"1055\"\n\t\t\tdata-input-name=\"everest_forms_1055_clvzbjXOwB-15\"\n\t\t\tdata-extensions=\"jpg,jpeg,jpe,gif,png,bmp,tif,tiff,ico,heic,heif,webp,avif\"\n\t\t\tdata-max-size=\"16777216\"\n\t\t\tdata-max-file-number=\"1\"\n\t\t\tdata-post-max-size=\"16777216\">\n\t\t\t<div class=\"dz-message\">\n\t\t\t\t<svg xmlns=\"http:\/\/www.w3.org\/2000\/svg\" viewbox=\"0 0 32 32\" width=\"32px\" height=\"32px\" fill=\"#868e96\"><path class=\"cls-1\" d=\"M18.12,17.52,17,16.4V25a1,1,0,0,1-2,0V16.4l-1.12,1.12a1,1,0,0,1-1.42,0,1,1,0,0,1,0-1.41l2.83-2.83a1,1,0,0,1,1.42,0l2.83,2.83a1,1,0,0,1-.71,1.7A1,1,0,0,1,18.12,17.52ZM22,22H20a1,1,0,0,1,0-2h2a4,4,0,0,0,.27-8,1,1,0,0,1-.84-.57,6,6,0,0,0-11.36,1.69,1,1,0,0,1-1,.86H9A3,3,0,0,0,9,20h3a1,1,0,0,1,0,2H9a5,5,0,0,1-.75-9.94A8,8,0,0,1,23,10.1,6,6,0,0,1,22,22Z\"\/><\/svg>\n\t\t\t\t<span class=\"everest-forms-upload-title\">\n\t\t\t\t\tLasci il suo file qui o clicchi qui per caricarlo\t\t\t\t<\/span>\n\n\t\t\t\t\t\t\t\t\t<span class=\"everest-forms-upload-hint\">\n\t\t\t\t\t\tPu\u00f2 caricare fino a 1 file.\t\t\t\t\t<\/span>\n\t\t\t\t\t\t\t<\/div>\n\t\t<\/div>\n\t\t<input type=\"text\" class=\"dropzone-input input-text\" id=\"everest-forms-1055-field_clvzbjXOwB-15\" name=\"everest_forms_1055_clvzbjXOwB-15\"  conditional_id=\"\" conditional_rules=''>\n\t\t<\/div><\/div><\/div><div class=\"evf-frontend-row\" data-row=\"row_2\" conditional_rules=\"[]\"><div class=\"evf-frontend-grid evf-grid-2\" data-grid=\"grid_1\"><div id=\"evf-1055-field_t4yZ9AAhNx-2-container\" class=\"evf-field evf-field-checkbox form-row\" data-field-id=\"t4yZ9AAhNx-2\"><label class=\"evf-field-label\" for=\"evf-1055-field_t4yZ9AAhNx-2\"><span class=\"evf-label\">Pubblichi l'annuncio nei numeri seguenti:<\/span> <\/label><ul id=\"evf-1055-field_t4yZ9AAhNx-2\"><li class=\"choice-1 depth-1\"><input type=\"checkbox\" id=\"evf-1055-field_t4yZ9AAhNx-2_1\" class=\"input-text\" name=\"everest_forms[form_fields][t4yZ9AAhNx-2][]\" value=\"Ausgabe 1 Inserateschluss: 20. Februar 2026 - Erscheinungsdatum: 06. M\u00e4rz 2026\"  ><label class=\"everest-forms-field-label-inline\" for=\"evf-1055-field_t4yZ9AAhNx-2_1\">Edizione 1 Termine ultimo per la pubblicit\u00e0: 20 febbraio 2026 - Data di pubblicazione: 06 marzo 2026<\/label><\/li><li class=\"choice-2 depth-1\"><input type=\"checkbox\" id=\"evf-1055-field_t4yZ9AAhNx-2_2\" class=\"input-text\" name=\"everest_forms[form_fields][t4yZ9AAhNx-2][]\" value=\"Ausgabe 2 Inserateschluss: 24. April 2026 - Erscheinungsdatum: 08. Mai 2026\"  ><label class=\"everest-forms-field-label-inline\" for=\"evf-1055-field_t4yZ9AAhNx-2_2\">Edizione 2 Termine ultimo per la pubblicit\u00e0: 24 aprile 2026 - Data di pubblicazione: 08 maggio 2026<\/label><\/li><li class=\"choice-3 depth-1\"><input type=\"checkbox\" id=\"evf-1055-field_t4yZ9AAhNx-2_3\" class=\"input-text\" name=\"everest_forms[form_fields][t4yZ9AAhNx-2][]\" value=\"Ausgabe 3 Inserateschluss: 19. Juni 2026 - Erscheinungsdatum: 03. Juli 2026\"  ><label class=\"everest-forms-field-label-inline\" for=\"evf-1055-field_t4yZ9AAhNx-2_3\">Edizione 3 Termine ultimo per la pubblicit\u00e0: 19 giugno 2026 - Data di pubblicazione: 03 luglio 2026<\/label><\/li><li class=\"choice-4 depth-1\"><input type=\"checkbox\" id=\"evf-1055-field_t4yZ9AAhNx-2_4\" class=\"input-text\" name=\"everest_forms[form_fields][t4yZ9AAhNx-2][]\" value=\"Ausgabe 4 Inserateschluss: 21. August 2026 - Erscheinungsdatum: 04. September 2026\"  ><label class=\"everest-forms-field-label-inline\" for=\"evf-1055-field_t4yZ9AAhNx-2_4\">Edizione 4 Termine ultimo per la pubblicit\u00e0: 21 agosto 2026 - Data di pubblicazione: 04 settembre 2026<\/label><\/li><li class=\"choice-5 depth-1\"><input type=\"checkbox\" id=\"evf-1055-field_t4yZ9AAhNx-2_5\" class=\"input-text\" name=\"everest_forms[form_fields][t4yZ9AAhNx-2][]\" value=\"Ausgabe 5 Inserateschluss: 16. Oktober 2026 - Erscheinungsdatum: 30. Oktober 2026\"  ><label class=\"everest-forms-field-label-inline\" for=\"evf-1055-field_t4yZ9AAhNx-2_5\">Edizione 5 Termine ultimo per la pubblicit\u00e0: 16 ottobre 2026 - Data di pubblicazione: 30 ottobre 2026<\/label><\/li><li class=\"choice-6 depth-1\"><input type=\"checkbox\" id=\"evf-1055-field_t4yZ9AAhNx-2_6\" class=\"input-text\" name=\"everest_forms[form_fields][t4yZ9AAhNx-2][]\" value=\"Ausgabe 6 Inserateschluss: 11. Dezember 2026 - Erscheinungsdatum: 24. Dezember 2026\"  ><label class=\"everest-forms-field-label-inline\" for=\"evf-1055-field_t4yZ9AAhNx-2_6\">Edizione 6 Termine ultimo per la pubblicit\u00e0: 11 dicembre 2026 - Data di pubblicazione: 24 dicembre 2026<\/label><\/li><\/ul><\/div><\/div><div class=\"evf-frontend-grid evf-grid-2\" data-grid=\"grid_2\"><div id=\"evf-1055-field_axzMIrgqmh-3-container\" class=\"evf-field evf-field-radio form-row\" data-field-id=\"axzMIrgqmh-3\"><label class=\"evf-field-label\" for=\"evf-1055-field_axzMIrgqmh-3\"><span class=\"evf-label\">Pubblichi l'annuncio nella sezione seguente:<\/span> <\/label><ul id=\"evf-1055-field_axzMIrgqmh-3\"><li class=\"choice-1 depth-1\"><input type=\"radio\" id=\"evf-1055-field_axzMIrgqmh-3_1\" class=\"input-text\" name=\"everest_forms[form_fields][axzMIrgqmh-3]\" value=\"zu Verkaufen\"  ><label class=\"everest-forms-field-label-inline\" for=\"evf-1055-field_axzMIrgqmh-3_1\">in vendita<\/label><\/li><li class=\"choice-2 depth-1\"><input type=\"radio\" id=\"evf-1055-field_axzMIrgqmh-3_2\" class=\"input-text\" name=\"everest_forms[form_fields][axzMIrgqmh-3]\" value=\"zu Vermieten\"  ><label class=\"everest-forms-field-label-inline\" for=\"evf-1055-field_axzMIrgqmh-3_2\">In affitto<\/label><\/li><li class=\"choice-6 depth-1\"><input type=\"radio\" id=\"evf-1055-field_axzMIrgqmh-3_6\" class=\"input-text\" name=\"everest_forms[form_fields][axzMIrgqmh-3]\" value=\"Gesucht\"  ><label class=\"everest-forms-field-label-inline\" for=\"evf-1055-field_axzMIrgqmh-3_6\">Ricercato<\/label><\/li><li class=\"choice-4 depth-1\"><input type=\"radio\" id=\"evf-1055-field_axzMIrgqmh-3_4\" class=\"input-text\" name=\"everest_forms[form_fields][axzMIrgqmh-3]\" value=\"Angebot\"  ><label class=\"everest-forms-field-label-inline\" for=\"evf-1055-field_axzMIrgqmh-3_4\">Offerta<\/label><\/li><li class=\"choice-7 depth-1\"><input type=\"radio\" id=\"evf-1055-field_axzMIrgqmh-3_7\" class=\"input-text\" name=\"everest_forms[form_fields][axzMIrgqmh-3]\" value=\"Diverses\"  ><label class=\"everest-forms-field-label-inline\" for=\"evf-1055-field_axzMIrgqmh-3_7\">Varie<\/label><\/li><\/ul><\/div><\/div><\/div><div class=\"evf-frontend-row\" data-row=\"row_6\" conditional_rules=\"[]\"><div class=\"evf-frontend-grid evf-grid-1\" data-grid=\"grid_1\"><\/div><\/div><div class=\"evf-frontend-row\" data-row=\"row_3\" conditional_rules=\"[]\"><div class=\"evf-frontend-grid evf-grid-2\" data-grid=\"grid_1\"><div id=\"evf-1055-field_cKyYoWBOIz-4-container\" class=\"evf-field evf-field-first-name form-row validate-required\" data-required-field-message=\"This field is required.\" data-field-id=\"cKyYoWBOIz-4\"><label class=\"evf-field-label\" for=\"evf-1055-field_cKyYoWBOIz-4\"><span class=\"evf-label\">Nome<\/span> <abbr class=\"required\" title=\"Richiesto\">*<\/abbr><\/label><input type=\"text\" id=\"evf-1055-field_cKyYoWBOIz-4\" class=\"input-text\" name=\"everest_forms[form_fields][cKyYoWBOIz-4]\" required><\/div><div id=\"evf-1055-field_1hYJHx4K2o-6-container\" class=\"evf-field evf-field-text form-row validate-required\" data-required-field-message=\"This field is required.\" data-field-id=\"1hYJHx4K2o-6\"><label class=\"evf-field-label\" for=\"evf-1055-field_1hYJHx4K2o-6\"><span class=\"evf-label\">Via e numero civico<\/span> <abbr class=\"required\" title=\"Richiesto\">*<\/abbr><\/label><input type=\"text\" id=\"evf-1055-field_1hYJHx4K2o-6\" class=\"input-text\" name=\"everest_forms[form_fields][1hYJHx4K2o-6]\" required><\/div><div id=\"evf-1055-field_MPpT4r2RXG-8-container\" class=\"evf-field evf-field-number form-row validate-required\" data-required-field-message=\"Please enter a valid number.\" data-field-id=\"MPpT4r2RXG-8\"><label class=\"evf-field-label\" for=\"evf-1055-field_MPpT4r2RXG-8\"><span class=\"evf-label\">Telefono<\/span> <abbr class=\"required\" title=\"Richiesto\">*<\/abbr><\/label><input type=\"number\" id=\"evf-1055-field_MPpT4r2RXG-8\" class=\"input-text\" name=\"everest_forms[form_fields][MPpT4r2RXG-8]\" step=\"1\" required><\/div><div id=\"evf-1055-field_Gtc7DPNVjZ-11-container\" class=\"evf-field evf-field-date-time form-row validate-required\" data-required-field-message=\"This field is required.\" data-field-id=\"Gtc7DPNVjZ-11\"><label class=\"evf-field-label\" for=\"evf-1055-field_Gtc7DPNVjZ-11\"><span class=\"evf-label\">data<\/span> <abbr class=\"required\" title=\"Richiesto\">*<\/abbr><\/label><input type=\"text\" id=\"evf-1055-field_Gtc7DPNVjZ-11\" class=\"flatpickr-field input-text\" name=\"everest_forms[form_fields][Gtc7DPNVjZ-11]\" data-time-interval=\"15\" data-date-time=\"date\" data-mode=\"single\" data-locale=\"de\" data-date-format=\"d\/m\/Y\" required><\/div><\/div><div class=\"evf-frontend-grid evf-grid-2\" data-grid=\"grid_2\"><div id=\"evf-1055-field_kdtiDhAY5X-5-container\" class=\"evf-field evf-field-last-name form-row validate-required\" data-required-field-message=\"This field is required.\" data-field-id=\"kdtiDhAY5X-5\"><label class=\"evf-field-label\" for=\"evf-1055-field_kdtiDhAY5X-5\"><span class=\"evf-label\">Cognome<\/span> <abbr class=\"required\" title=\"Richiesto\">*<\/abbr><\/label><input type=\"text\" id=\"evf-1055-field_kdtiDhAY5X-5\" class=\"input-text\" name=\"everest_forms[form_fields][kdtiDhAY5X-5]\" required><\/div><div id=\"evf-1055-field_g00LHNaAxd-7-container\" class=\"evf-field evf-field-text form-row\" data-field-id=\"g00LHNaAxd-7\"><label class=\"evf-field-label\" for=\"evf-1055-field_g00LHNaAxd-7\"><span class=\"evf-label\">Codice postale e citt\u00e0<\/span> <\/label><input type=\"text\" id=\"evf-1055-field_g00LHNaAxd-7\" class=\"input-text\" name=\"everest_forms[form_fields][g00LHNaAxd-7]\" ><\/div><div id=\"evf-1055-field_hzoJQqEUMV-9-container\" class=\"evf-field evf-field-email form-row validate-required validate-email\" data-required-field-message=\"Please enter a valid email address.\" data-field-id=\"hzoJQqEUMV-9\"><label class=\"evf-field-label\" for=\"evf-1055-field_hzoJQqEUMV-9\"><span class=\"evf-label\">e-mail<\/span> <abbr class=\"required\" title=\"Richiesto\">*<\/abbr><\/label><input type=\"email\" id=\"evf-1055-field_hzoJQqEUMV-9\" class=\"input-text\" name=\"everest_forms[form_fields][hzoJQqEUMV-9]\" required><\/div><div id=\"evf-1055-field_rGH4v7XXBM-12-container\" class=\"evf-field evf-field-url form-row\" data-field-id=\"rGH4v7XXBM-12\"><label class=\"evf-field-label\" for=\"evf-1055-field_rGH4v7XXBM-12\"><span class=\"evf-label\">Sito web \/ URL<\/span> <\/label><input type=\"url\" id=\"evf-1055-field_rGH4v7XXBM-12\" class=\"input-text\" name=\"everest_forms[form_fields][rGH4v7XXBM-12]\"  ><\/div><\/div><\/div><div class=\"evf-frontend-row\" data-row=\"row_4\" conditional_rules=\"[]\"><div class=\"evf-frontend-grid evf-grid-1\" data-grid=\"grid_1\"><div id=\"evf-1055-field_gNAMjkUxEX-10-container\" class=\"evf-field evf-field-textarea form-row\" data-field-id=\"gNAMjkUxEX-10\"><label class=\"evf-field-label\" for=\"evf-1055-field_gNAMjkUxEX-10\"><span class=\"evf-label\">Osservazioni<\/span> <\/label><textarea id=\"evf-1055-field_gNAMjkUxEX-10\" class=\"input-text\" name=\"everest_forms[form_fields][gNAMjkUxEX-10]\"  ><\/textarea><\/div><div id=\"evf-1055-field_cQnUo0hbII-14-container\" class=\"evf-field evf-field-radio form-row validate-required\" data-required-field-message=\"This field is required.\" data-field-id=\"cQnUo0hbII-14\"><label class=\"evf-field-label\" for=\"evf-1055-field_cQnUo0hbII-14\"><span class=\"evf-label\">I miei dati sono corretti:<\/span> <abbr class=\"required\" title=\"Richiesto\">*<\/abbr><\/label><ul id=\"evf-1055-field_cQnUo0hbII-14\" class=\"evf-field-required\"><li class=\"choice-1 depth-1\"><input type=\"radio\" id=\"evf-1055-field_cQnUo0hbII-14_1\" class=\"input-text\" name=\"everest_forms[form_fields][cQnUo0hbII-14]\" value=\"JA\" required><label class=\"everest-forms-field-label-inline\" for=\"evf-1055-field_cQnUo0hbII-14_1\">S\u00cc<\/label><\/li><\/ul><\/div><\/div><\/div><\/div><div class=\"evf-honeypot-container evf-field-hp\"><label for=\"evf-1055-field-hp\" class=\"evf-field-label\">Messaggio<\/label><input type=\"text\" name=\"everest_forms[hp]\" id=\"evf-1055-field-hp\" class=\"input-text\"><\/div><div class=\"evf-submit-container\" ><input type=\"hidden\" name=\"everest_forms[id]\" value=\"1055\"><input type=\"hidden\" name=\"everest_forms[author]\" value=\"1\"><button type='submit' name='everest_forms[submit]' class='everest-forms-submit-button button evf-submit' id='evf-submit-1055' value='evf-submit' data-process-text=\"Processing\u2026\" conditional_rules='&quot;&quot;' conditional_id='evf-submit-1055'  aria-live=\"assertive\">Invia l'annuncio...<\/button><\/div><input type=\"hidden\" name=\"trp-form-language\" value=\"it\"\/><\/form><\/div><!-- .evf-container --><\/div>\t\t\t\t\t\t<\/div>\n\t\t\t\t<\/div>\n\t\t\t\t\t<\/div>\n\t\t<\/div>\n\t\t\t\t\t<\/div>\n\t\t<\/section>\n\t\t\t\t<\/div>","protected":false},"excerpt":{"rendered":"<p>La vostra rivista specializzata in aviazione leggera AeroRevue ha una tiratura a pagamento di circa 20.500 copie (certificate WEMF) e circa 50.000 lettori.<\/p>","protected":false},"author":1,"featured_media":0,"parent":489,"menu_order":0,"comment_status":"closed","ping_status":"closed","template":"","meta":{"footnotes":""},"class_list":["post-493","page","type-page","status-publish","hentry"],"_links":{"self":[{"href":"https:\/\/aeroclub.ch\/it\/wp-json\/wp\/v2\/pages\/493","targetHints":{"allow":["GET"]}}],"collection":[{"href":"https:\/\/aeroclub.ch\/it\/wp-json\/wp\/v2\/pages"}],"about":[{"href":"https:\/\/aeroclub.ch\/it\/wp-json\/wp\/v2\/types\/page"}],"author":[{"embeddable":true,"href":"https:\/\/aeroclub.ch\/it\/wp-json\/wp\/v2\/users\/1"}],"replies":[{"embeddable":true,"href":"https:\/\/aeroclub.ch\/it\/wp-json\/wp\/v2\/comments?post=493"}],"version-history":[{"count":0,"href":"https:\/\/aeroclub.ch\/it\/wp-json\/wp\/v2\/pages\/493\/revisions"}],"up":[{"embeddable":true,"href":"https:\/\/aeroclub.ch\/it\/wp-json\/wp\/v2\/pages\/489"}],"wp:attachment":[{"href":"https:\/\/aeroclub.ch\/it\/wp-json\/wp\/v2\/media?parent=493"}],"curies":[{"name":"wp","href":"https:\/\/api.w.org\/{rel}","templated":true}]}}