{"id":404,"date":"2024-09-03T14:57:32","date_gmt":"2024-09-03T12:57:32","guid":{"rendered":"https:\/\/bogehiwo.cyon.site\/?page_id=404"},"modified":"2026-03-02T15:14:21","modified_gmt":"2026-03-02T14:14:21","slug":"versicherungen","status":"publish","type":"page","link":"https:\/\/aeroclub.ch\/it\/myaecs\/versicherungen\/","title":{"rendered":"Assicurazioni"},"content":{"rendered":"<div data-elementor-type=\"wp-page\" data-elementor-id=\"404\" class=\"elementor elementor-404\" data-elementor-post-type=\"page\">\n\t\t\t\t\t\t<section class=\"elementor-section elementor-top-section elementor-element elementor-element-b5c134b elementor-section-boxed elementor-section-height-default elementor-section-height-default\" data-id=\"b5c134b\" data-element_type=\"section\" data-e-type=\"section\">\n\t\t\t\t\t\t<div class=\"elementor-container elementor-column-gap-default\">\n\t\t\t\t\t<div class=\"elementor-column elementor-col-100 elementor-top-column elementor-element elementor-element-a61ab76\" data-id=\"a61ab76\" data-element_type=\"column\" data-e-type=\"column\">\n\t\t\t<div class=\"elementor-widget-wrap elementor-element-populated\">\n\t\t\t\t\t\t<div class=\"elementor-element elementor-element-48e6d36 elementor-widget elementor-widget-text-editor\" data-id=\"48e6d36\" data-element_type=\"widget\" data-e-type=\"widget\" data-widget_type=\"text-editor.default\">\n\t\t\t\t<div class=\"elementor-widget-container\">\n\t\t\t\t\t\t\t\t\t<h3 class=\"art-postheader\">Assicurazione AFS<\/h3><p><strong>Beneficiare di sconti assicurativi come socio dell'Aero Club<\/strong><\/p><p><img decoding=\"async\" class=\"alignleft wp-image-22476\" src=\"https:\/\/aeroclub.ch\/wp-content\/uploads\/2025\/02\/afs_global-gruppe_logo_4C_pos-239x300.png\" alt=\"\" width=\"150\" height=\"189\" srcset=\"https:\/\/aeroclub.ch\/wp-content\/uploads\/2025\/02\/afs_global-gruppe_logo_4C_pos-239x300.png 239w, https:\/\/aeroclub.ch\/wp-content\/uploads\/2025\/02\/afs_global-gruppe_logo_4C_pos-814x1024.png 814w, https:\/\/aeroclub.ch\/wp-content\/uploads\/2025\/02\/afs_global-gruppe_logo_4C_pos-768x966.png 768w, https:\/\/aeroclub.ch\/wp-content\/uploads\/2025\/02\/afs_global-gruppe_logo_4C_pos-1221x1536.png 1221w, https:\/\/aeroclub.ch\/wp-content\/uploads\/2025\/02\/afs_global-gruppe_logo_4C_pos-10x12.png 10w, https:\/\/aeroclub.ch\/wp-content\/uploads\/2025\/02\/afs_global-gruppe_logo_4C_pos.png 1590w\" sizes=\"(max-width: 150px) 100vw, 150px\" \/><\/p><p>L'Aero Club della Svizzera crea un reale valore aggiunto attraverso accordi di sconto con le compagnie assicurative, di cui possono beneficiare tutti i soci, indipendentemente dal tipo di sport aeronautico praticato. In questo modo, adempiamo alla missione di un'associazione di offrire ai singoli soci vantaggi finanziari diretti e percepibili grazie all'adesione, oltre ai servizi aeronautici di base in qualit\u00e0 di organizzazione ombrello nazionale per l'aviazione leggera, grazie a un grande collettivo (oltre 23.000 persone fisiche sono attualmente membri dell'AeCS).<\/p><p>Anche lei pu\u00f2 beneficiare dei vantaggi finanziari. Inoltre, le compagnie assicurative ci versano una commissione per ogni polizza assicurativa stipulata con un membro AeCS, che possiamo reinvestire nelle discipline sportive aeree e nelle associazioni regionali e divisionali sulla base di un progetto. A seconda del luogo e del cantone di residenza e delle polizze assicurative esistenti, queste offerte di sconto possono offrirle riduzioni significative dei premi e migliori prestazioni nei settori dell'assicurazione sanitaria e dell'assistenza, della casa, dei veicoli a motore e della protezione legale. Si assicuri quindi di controllare le sue polizze assicurative esistenti e di confrontarle con un'offerta dei nostri partner di gruppo. Il nostro broker assicurativo indipendente AFS le fornir\u00e0 i dettagli e la procedura per beneficiare degli sconti AeCS, compresi i contributi per gli esami aeromedici obbligatori.<\/p><p>Siamo convinti che anche lei potr\u00e0 beneficiare di una riduzione dei premi assicurativi e di migliori prestazioni per i prossimi anni. Le auguriamo una stagione di volo felice e di successo e tanta soddisfazione nelle sue attivit\u00e0 aeronautiche.<\/p><p>-&gt;\u00a0<a href=\"https:\/\/www.a-f-s.ch\/\" target=\"_blank\" rel=\"noopener\"><em><strong>https:\/\/www.a-f-s.ch\/<\/strong><\/em><\/a><\/p>\t\t\t\t\t\t\t\t<\/div>\n\t\t\t\t<\/div>\n\t\t\t\t\t<\/div>\n\t\t<\/div>\n\t\t\t\t\t<\/div>\n\t\t<\/section>\n\t\t\t\t<section class=\"elementor-section elementor-top-section elementor-element elementor-element-20a002f elementor-section-boxed elementor-section-height-default elementor-section-height-default\" data-id=\"20a002f\" data-element_type=\"section\" data-e-type=\"section\">\n\t\t\t\t\t\t<div class=\"elementor-container elementor-column-gap-default\">\n\t\t\t\t\t<div class=\"elementor-column elementor-col-100 elementor-top-column elementor-element elementor-element-fcc71f2\" data-id=\"fcc71f2\" data-element_type=\"column\" data-e-type=\"column\">\n\t\t\t<div class=\"elementor-widget-wrap elementor-element-populated\">\n\t\t\t\t\t\t<div class=\"elementor-element elementor-element-86e665e elementor-widget-divider--view-line elementor-widget elementor-widget-divider\" data-id=\"86e665e\" data-element_type=\"widget\" data-e-type=\"widget\" data-widget_type=\"divider.default\">\n\t\t\t\t<div class=\"elementor-widget-container\">\n\t\t\t\t\t\t\t<div class=\"elementor-divider\">\n\t\t\t<span class=\"elementor-divider-separator\">\n\t\t\t\t\t\t<\/span>\n\t\t<\/div>\n\t\t\t\t\t\t<\/div>\n\t\t\t\t<\/div>\n\t\t\t\t\t<\/div>\n\t\t<\/div>\n\t\t\t\t\t<\/div>\n\t\t<\/section>\n\t\t\t\t<section class=\"elementor-section elementor-top-section elementor-element elementor-element-370bdab elementor-section-boxed elementor-section-height-default elementor-section-height-default\" data-id=\"370bdab\" data-element_type=\"section\" data-e-type=\"section\">\n\t\t\t\t\t\t<div class=\"elementor-container elementor-column-gap-default\">\n\t\t\t\t\t<div class=\"elementor-column elementor-col-100 elementor-top-column elementor-element elementor-element-ff7853e\" data-id=\"ff7853e\" data-element_type=\"column\" data-e-type=\"column\">\n\t\t\t<div class=\"elementor-widget-wrap elementor-element-populated\">\n\t\t\t\t\t\t<div class=\"elementor-element elementor-element-420d425 elementor-widget elementor-widget-text-editor\" data-id=\"420d425\" data-element_type=\"widget\" data-e-type=\"widget\" data-widget_type=\"text-editor.default\">\n\t\t\t\t<div class=\"elementor-widget-container\">\n\t\t\t\t\t\t\t\t\t<h2>SOS 144 - protezione contro gli alti costi di salvataggio<\/h2>\n<p><\/p>\n<p><img decoding=\"async\" class=\"alignleft wp-image-25843 size-thumbnail\" src=\"https:\/\/aeroclub.ch\/wp-content\/uploads\/2026\/02\/Bildschirmfoto-2026-02-02-um-13.16.24-150x150.webp\" alt=\"\" width=\"150\" height=\"150\" srcset=\"https:\/\/aeroclub.ch\/wp-content\/uploads\/2026\/02\/Bildschirmfoto-2026-02-02-um-13.16.24-150x150.webp 150w, https:\/\/aeroclub.ch\/wp-content\/uploads\/2026\/02\/Bildschirmfoto-2026-02-02-um-13.16.24-12x12.webp 12w, https:\/\/aeroclub.ch\/wp-content\/uploads\/2026\/02\/Bildschirmfoto-2026-02-02-um-13.16.24-350x350.webp 350w, https:\/\/aeroclub.ch\/wp-content\/uploads\/2026\/02\/Bildschirmfoto-2026-02-02-um-13.16.24-51x51.webp 51w\" sizes=\"(max-width: 150px) 100vw, 150px\" \/>AeCS \u00e8 lieta di proporre ai suoi soci un'offerta speciale esclusiva in collaborazione con SOS 144. In qualit\u00e0 di socio AeCS, pu\u00f2 beneficiare di uno sconto speciale di 20% quando sottoscrive l'assicurazione SOS 144. Che si tratti di un'ambulanza o di un elicottero di soccorso, AAA o Rega, con SOS 144 le spese di soccorso sono coperte in tutto il mondo senza franchigia.&nbsp;<span style=\"color: rgb(13, 26, 40); font-family: Roboto; font-size: 15px;\">La preghiamo di compilare il modulo sottostante per consentirci di verificare la sua iscrizione all'AeCS. Ricever\u00e0 quindi un link all'offerta speciale di SOS 144.<\/span><\/p>\t\t\t\t\t\t\t\t<\/div>\n\t\t\t\t<\/div>\n\t\t\t\t\t<\/div>\n\t\t<\/div>\n\t\t\t\t\t<\/div>\n\t\t<\/section>\n\t\t\t\t<section class=\"elementor-section elementor-top-section elementor-element elementor-element-d5031ab elementor-section-boxed elementor-section-height-default elementor-section-height-default\" data-id=\"d5031ab\" data-element_type=\"section\" data-e-type=\"section\">\n\t\t\t\t\t\t<div class=\"elementor-container elementor-column-gap-default\">\n\t\t\t\t\t<div class=\"elementor-column elementor-col-100 elementor-top-column elementor-element elementor-element-be2e62f\" data-id=\"be2e62f\" data-element_type=\"column\" data-e-type=\"column\">\n\t\t\t<div class=\"elementor-widget-wrap elementor-element-populated\">\n\t\t\t\t\t\t<div class=\"elementor-element elementor-element-9797a6c elementor-widget elementor-widget-everest-forms\" data-id=\"9797a6c\" data-element_type=\"widget\" data-e-type=\"widget\" data-widget_type=\"everest-forms.default\">\n\t\t\t\t<div class=\"elementor-widget-container\">\n\t\t\t\t\t\t\t\t<div class=\"everest-forms\"><div class=\"evf-container default\" id=\"evf-26294\"><form id=\"evf-form-26294\" class=\"everest-form\" data-formid=\"26294\" data-ajax_submission=\"0\" data-keyboard_friendly_form=\"0\" method=\"post\" enctype=\"multipart\/form-data\" action=\"\/it\/wp-json\/wp\/v2\/pages\/404\" data-trp-original-action=\"\/it\/wp-json\/wp\/v2\/pages\/404\"><div class=\"evf-field-container\"><input type=\"hidden\" id=\"_wpnonce26294\" name=\"_wpnonce26294\" value=\"582266a25b\" \/><input type=\"hidden\" name=\"_wp_http_referer\" value=\"\/it\/wp-json\/wp\/v2\/pages\/404\" \/><div class=\"evf-frontend-row\" data-row=\"row_1\" conditional_rules=\"[]\"><div class=\"evf-frontend-grid evf-grid-2\" data-grid=\"grid_1\"><div id=\"evf-26294-field_ODMvfySYuA-1-container\" class=\"evf-field evf-field-first-name form-row validate-required\" data-required-field-message=\"This field is required.\" data-field-id=\"ODMvfySYuA-1\"><label class=\"evf-field-label\" for=\"evf-26294-field_ODMvfySYuA-1\"><span class=\"evf-label\">Nome<\/span> <abbr class=\"required\" title=\"Richiesto\">*<\/abbr><\/label><input type=\"text\" id=\"evf-26294-field_ODMvfySYuA-1\" class=\"input-text\" name=\"everest_forms[form_fields][ODMvfySYuA-1]\" required><\/div><\/div><div class=\"evf-frontend-grid evf-grid-2\" data-grid=\"grid_2\"><div id=\"evf-26294-field_rpYbOerFJg-2-container\" class=\"evf-field evf-field-last-name form-row validate-required\" data-required-field-message=\"This field is required.\" data-field-id=\"rpYbOerFJg-2\"><label class=\"evf-field-label\" for=\"evf-26294-field_rpYbOerFJg-2\"><span class=\"evf-label\">Cognome<\/span> <abbr class=\"required\" title=\"Richiesto\">*<\/abbr><\/label><input type=\"text\" id=\"evf-26294-field_rpYbOerFJg-2\" class=\"input-text\" name=\"everest_forms[form_fields][rpYbOerFJg-2]\" required><\/div><\/div><\/div><div class=\"evf-frontend-row\" data-row=\"row_2\" conditional_rules=\"[]\"><div class=\"evf-frontend-grid evf-grid-2\" data-grid=\"grid_1\"><div id=\"evf-26294-field_UQnlL83919-3-container\" class=\"evf-field evf-field-number form-row validate-required\" data-required-field-message=\"Please enter a valid number.\" data-field-id=\"UQnlL83919-3\"><label class=\"evf-field-label\" for=\"evf-26294-field_UQnlL83919-3\"><span class=\"evf-label\">Numero di membro AeCS<\/span> <abbr class=\"required\" title=\"Richiesto\">*<\/abbr><\/label><input type=\"number\" id=\"evf-26294-field_UQnlL83919-3\" class=\"input-text\" name=\"everest_forms[form_fields][UQnlL83919-3]\" required><\/div><\/div><div class=\"evf-frontend-grid evf-grid-2\" data-grid=\"grid_2\"><div id=\"evf-26294-field_XWY8bsYxOK-4-container\" class=\"evf-field evf-field-email form-row validate-required validate-email\" data-required-field-message=\"Please enter a valid email address.\" data-field-id=\"XWY8bsYxOK-4\"><label class=\"evf-field-label\" for=\"evf-26294-field_XWY8bsYxOK-4\"><span class=\"evf-label\">e-mail<\/span> <abbr class=\"required\" title=\"Richiesto\">*<\/abbr><\/label><input type=\"email\" id=\"evf-26294-field_XWY8bsYxOK-4\" class=\"input-text\" name=\"everest_forms[form_fields][XWY8bsYxOK-4]\" required><\/div><\/div><\/div><\/div><div class=\"evf-honeypot-container evf-field-hp\"><label for=\"evf-26294-field-hp\" class=\"evf-field-label\">Cognome<\/label><input type=\"text\" name=\"everest_forms[hp]\" id=\"evf-26294-field-hp\" class=\"input-text\"><\/div><div class=\"evf-submit-container\" ><input type=\"hidden\" name=\"everest_forms[id]\" value=\"26294\"><input type=\"hidden\" name=\"everest_forms[author]\" value=\"1\"><button type='submit' name='everest_forms[submit]' class='everest-forms-submit-button button evf-submit' id='evf-submit-26294' value='evf-submit' data-process-text=\"Processing\u2026\" conditional_rules='&quot;&quot;' conditional_id='evf-submit-26294'  aria-live=\"assertive\">...inviare<\/button><\/div><input type=\"hidden\" name=\"trp-form-language\" value=\"it\"\/><\/form><\/div><!-- .evf-container --><\/div>\t\t\t\t\t\t<\/div>\n\t\t\t\t<\/div>\n\t\t\t\t\t<\/div>\n\t\t<\/div>\n\t\t\t\t\t<\/div>\n\t\t<\/section>\n\t\t\t\t<section class=\"elementor-section elementor-top-section elementor-element elementor-element-516b967 elementor-section-boxed elementor-section-height-default elementor-section-height-default\" data-id=\"516b967\" data-element_type=\"section\" data-e-type=\"section\">\n\t\t\t\t\t\t<div class=\"elementor-container elementor-column-gap-default\">\n\t\t\t\t\t<div class=\"elementor-column elementor-col-100 elementor-top-column elementor-element elementor-element-f1ba20c\" data-id=\"f1ba20c\" data-element_type=\"column\" data-e-type=\"column\">\n\t\t\t<div class=\"elementor-widget-wrap elementor-element-populated\">\n\t\t\t\t\t\t<div class=\"elementor-element elementor-element-d8b2bc7 elementor-widget-divider--view-line elementor-widget elementor-widget-divider\" data-id=\"d8b2bc7\" data-element_type=\"widget\" data-e-type=\"widget\" data-widget_type=\"divider.default\">\n\t\t\t\t<div class=\"elementor-widget-container\">\n\t\t\t\t\t\t\t<div class=\"elementor-divider\">\n\t\t\t<span class=\"elementor-divider-separator\">\n\t\t\t\t\t\t<\/span>\n\t\t<\/div>\n\t\t\t\t\t\t<\/div>\n\t\t\t\t<\/div>\n\t\t\t\t\t<\/div>\n\t\t<\/div>\n\t\t\t\t\t<\/div>\n\t\t<\/section>\n\t\t\t\t<section class=\"elementor-section elementor-top-section elementor-element elementor-element-cebc7e9 elementor-section-boxed elementor-section-height-default elementor-section-height-default\" data-id=\"cebc7e9\" data-element_type=\"section\" data-e-type=\"section\">\n\t\t\t\t\t\t<div class=\"elementor-container elementor-column-gap-default\">\n\t\t\t\t\t<div class=\"elementor-column elementor-col-100 elementor-top-column elementor-element elementor-element-b008af3\" data-id=\"b008af3\" data-element_type=\"column\" data-e-type=\"column\">\n\t\t\t<div class=\"elementor-widget-wrap elementor-element-populated\">\n\t\t\t\t\t\t<div class=\"elementor-element elementor-element-5c48a5e elementor-widget elementor-widget-text-editor\" data-id=\"5c48a5e\" data-element_type=\"widget\" data-e-type=\"widget\" data-widget_type=\"text-editor.default\">\n\t\t\t\t<div class=\"elementor-widget-container\">\n\t\t\t\t\t\t\t\t\t<h3>CAP Protezione legale<\/h3><div><div><p><img decoding=\"async\" src=\"https:\/\/aeroclub.ch\/wp-content\/uploads\/2025\/02\/CAP_Logo_Web_NEW-300x194.png\" alt=\"\" width=\"130\" height=\"84\" \/><\/p><p><em>Sta affrontando un procedimento penale e amministrativo? Un incidente con l'aliante? L'assicurazione di responsabilit\u00e0 civile della controparte nega la responsabilit\u00e0 del risarcimento? Problemi con il suo datore di lavoro? \u00a0<\/em><\/p><p>Se \u00e8 coinvolto in una controversia, una buona consulenza \u00e8 letteralmente costosa. I costi per i tribunali e le perizie possono superare rapidamente le diverse migliaia di franchi, e gli onorari degli avvocati (in media 300 franchi all'ora) sono motivo di preoccupazione - a meno che non abbia stipulato un'assicurazione per le spese legali!<\/p><p><strong>Approfitti delle offerte speciali di CAP e costruisca la sua soluzione di protezione legale personale.<\/strong><\/p><p>In collaborazione con CAP Assicurazione di Protezione Giuridica, l'Aero Club della Svizzera offre ai suoi soci l'opportunit\u00e0 di assicurarsi contro i rischi nel settore privato, stradale e dell'aviazione - a premi interessanti e con eccellenti vantaggi. Sono disponibili i seguenti prodotti:<\/p><ul><li>Protezione giuridica del traffico (copertura di base)<\/li><li>Protezione giuridica privata e del traffico<\/li><li>Protezione legale degli immobili<\/li><li>Protezione legale per i proprietari di aeromobili<\/li><li>Protezione legale del pilota \"Veloce<\/li><\/ul><p><strong>Volantino sulla protezione legale<\/strong><strong><br \/><\/strong><\/p><p>Vale sempre la pena di stipulare un'assicurazione per poter far valere i propri diritti senza il rischio di incorrere in spese! Tanto pi\u00f9 che il Codice di Procedura Civile ha introdotto l'obbligo per l'attore di versare un anticipo per le presunte spese processuali. Pu\u00f2 affidare con fiducia questa sicurezza a CAP. Gli specialisti di CAP la supporteranno fin dall'inizio, in modo semplice e veloce. CAP si fa carico anche dei seguenti costi e spese nel caso legale assicurato:<\/p><ul><li>Spese legali proprie<\/li><li>Spese legali opposte<\/li><li>Spese processuali e di indagine<\/li><li>Costi di competenza<\/li><li>Obbligazioni penali<\/li><li>Costi di mediazione<\/li><\/ul><p><strong>Protezione legale per i piloti ora assicurata gratuitamente.\u00a0\u00a0\u00a0\u00a0\u00a0\u00a0\u00a0\u00a0\u00a0\u00a0\u00a0\u00a0\u00a0\u00a0\u00a0\u00a0\u00a0\u00a0\u00a0\u00a0\u00a0\u00a0\u00a0\u00a0\u00a0\u00a0\u00a0\u00a0\u00a0\u00a0\u00a0\u00a0\u00a0\u00a0\u00a0\u00a0\u00a0\u00a0\u00a0\u00a0\u00a0\u00a0\u00a0\u00a0\u00a0\u00a0\u00a0\u00a0\u00a0\u00a0\u00a0\u00a0 \u00a0\u00a0\u00a0\u00a0\u00a0<\/strong><br \/>Attualmente, la protezione legale per i piloti \u00e8 inclusa nella protezione legale di base per gli automobilisti e nel prodotto combinato per privati e automobilisti.\u00a0<strong>gratuitamente<\/strong>\u00a0coassicurato.<\/p><p><strong>Informazioni legali gratuite da CAP Rechtsschutz.<\/strong><\/p><p>CAP fornisce a tutti i soci AeCS informazioni legali telefoniche sul diritto svizzero nel settore privato, oltre a informazioni legali gratuite su domande e problemi relativi all'aviazione.<\/p><p><strong>Consulenza legale<\/strong><\/p><ul><li>Costi per pareri e analisi di esperti;<\/li><li>Costi per i procedimenti giudiziari e arbitrali;<\/li><li>Indennit\u00e0 per i costi degli avvocati;<\/li><li>dopo un incidente in volo o a terra (compresi gli aeromobili appesi), quando si verifica un danno<\/li><li>Richiesta di risarcimento come parte lesa<\/li><li>Controversie contrattuali con i locatori di aeromobili<\/li><li>Difesa in procedimenti penali e amministrativi per violazione di direttive.<\/li><\/ul><p><strong>Nuova copertura aggiuntiva dal 1\u00b0 gennaio 2018: RECHTSSCHUTZ PLUS<\/strong><\/p><p>Ampli la sua assicurazione di responsabilit\u00e0 civile personale e stradale con interessanti coperture e vantaggi aggiuntivi.<\/p><p>Chiudere il\u00a0<strong>PROTEZIONE LEGALE PLUS<\/strong>\u00a0e godere di una copertura assicurativa aggiuntiva nelle seguenti aree:<\/p><ul><li>Legge sulle associazioni<\/li><li>Legge doganale<\/li><li>Protezione legale per i costruttori<\/li><li>Legge scolastica<\/li><li>Protezione legale per i proprietari di animali domestici<\/li><li>Protezione legale in caso di morte<\/li><li>Legge sulla protezione dei bambini e degli adulti<\/li><li>Legge sulla protezione dei dati<\/li><li>Consulenza legale a tutti i rischi<\/li><\/ul><p>Ulteriori informazioni sono disponibili nella sezione\u00a0<strong><a href=\"https:\/\/cloud.hoststar.ch\/s\/GNYyBDKCWzbHytN\" target=\"_blank\" rel=\"noopener\">Volantino<\/a><\/strong>\u00a0e dalle Condizioni generali di assicurazione.<\/p><p>-&gt;\u00a0<em><strong><a style=\"font-size: 15px;\" href=\"https:\/\/www.cap.ch\/de\/privatkunden.html\" target=\"_blank\" rel=\"noopener\">https:\/\/www.cap.ch\/de\/privatkunden.html<\/a><\/strong><\/em><\/p><\/div><\/div>\t\t\t\t\t\t\t\t<\/div>\n\t\t\t\t<\/div>\n\t\t\t\t\t<\/div>\n\t\t<\/div>\n\t\t\t\t\t<\/div>\n\t\t<\/section>\n\t\t\t\t<section class=\"elementor-section elementor-top-section elementor-element elementor-element-b45fea0 elementor-section-boxed elementor-section-height-default elementor-section-height-default\" data-id=\"b45fea0\" data-element_type=\"section\" data-e-type=\"section\">\n\t\t\t\t\t\t<div class=\"elementor-container elementor-column-gap-default\">\n\t\t\t\t\t<div class=\"elementor-column elementor-col-100 elementor-top-column elementor-element elementor-element-1578384\" data-id=\"1578384\" data-element_type=\"column\" data-e-type=\"column\">\n\t\t\t<div class=\"elementor-widget-wrap elementor-element-populated\">\n\t\t\t\t\t\t<div class=\"elementor-element elementor-element-d73ed1c elementor-widget-divider--view-line elementor-widget elementor-widget-divider\" data-id=\"d73ed1c\" data-element_type=\"widget\" data-e-type=\"widget\" data-widget_type=\"divider.default\">\n\t\t\t\t<div class=\"elementor-widget-container\">\n\t\t\t\t\t\t\t<div class=\"elementor-divider\">\n\t\t\t<span class=\"elementor-divider-separator\">\n\t\t\t\t\t\t<\/span>\n\t\t<\/div>\n\t\t\t\t\t\t<\/div>\n\t\t\t\t<\/div>\n\t\t\t\t\t<\/div>\n\t\t<\/div>\n\t\t\t\t\t<\/div>\n\t\t<\/section>\n\t\t\t\t<section class=\"elementor-section elementor-top-section elementor-element elementor-element-77364271 elementor-section-boxed elementor-section-height-default elementor-section-height-default\" data-id=\"77364271\" data-element_type=\"section\" data-e-type=\"section\">\n\t\t\t\t\t\t<div class=\"elementor-container elementor-column-gap-default\">\n\t\t\t\t\t<div class=\"elementor-column elementor-col-33 elementor-top-column elementor-element elementor-element-4b8b914c\" data-id=\"4b8b914c\" data-element_type=\"column\" data-e-type=\"column\">\n\t\t\t<div class=\"elementor-widget-wrap elementor-element-populated\">\n\t\t\t\t\t\t<div class=\"elementor-element elementor-element-4a2d29f2 elementor-widget elementor-widget-text-editor\" data-id=\"4a2d29f2\" data-element_type=\"widget\" data-e-type=\"widget\" data-widget_type=\"text-editor.default\">\n\t\t\t\t<div class=\"elementor-widget-container\">\n\t\t\t\t\t\t\t\t\t<p><b>Aero Club della Svizzera<br \/><\/b>Maihofstrasse 76<br \/>6006 Lucerna<\/p>\t\t\t\t\t\t\t\t<\/div>\n\t\t\t\t<\/div>\n\t\t\t\t\t<\/div>\n\t\t<\/div>\n\t\t\t\t<div class=\"elementor-column elementor-col-33 elementor-top-column elementor-element elementor-element-9f2f83a\" data-id=\"9f2f83a\" data-element_type=\"column\" data-e-type=\"column\">\n\t\t\t<div class=\"elementor-widget-wrap elementor-element-populated\">\n\t\t\t\t\t\t<div class=\"elementor-element elementor-element-2bc2465 elementor-widget elementor-widget-text-editor\" data-id=\"2bc2465\" data-element_type=\"widget\" data-e-type=\"widget\" data-widget_type=\"text-editor.default\">\n\t\t\t\t<div class=\"elementor-widget-container\">\n\t\t\t\t\t\t\t\t\t<p style=\"text-align: center;\">T: +41 41 375 01 01<br \/>F: +41 41 375 01 02<\/p>\t\t\t\t\t\t\t\t<\/div>\n\t\t\t\t<\/div>\n\t\t\t\t\t<\/div>\n\t\t<\/div>\n\t\t\t\t<div class=\"elementor-column elementor-col-33 elementor-top-column elementor-element elementor-element-7855edb6\" data-id=\"7855edb6\" data-element_type=\"column\" data-e-type=\"column\">\n\t\t\t<div class=\"elementor-widget-wrap elementor-element-populated\">\n\t\t\t\t\t\t<div class=\"elementor-element elementor-element-63a87139 elementor-widget elementor-widget-text-editor\" data-id=\"63a87139\" data-element_type=\"widget\" data-e-type=\"widget\" data-widget_type=\"text-editor.default\">\n\t\t\t\t<div class=\"elementor-widget-container\">\n\t\t\t\t\t\t\t\t\t<p style=\"text-align: right;\"><a class=\"link-hover\" href=\"mailto:info@aeroclub.ch\">info@aeroclub.ch<\/a><br \/><a href=\"https:\/\/aeroclub.ch\/it\/\" rel=\"noopener\">www.aeroclub.ch<\/a><\/p>\t\t\t\t\t\t\t\t<\/div>\n\t\t\t\t<\/div>\n\t\t\t\t\t<\/div>\n\t\t<\/div>\n\t\t\t\t\t<\/div>\n\t\t<\/section>\n\t\t\t\t<\/div>","protected":false},"excerpt":{"rendered":"<p>Assicurazione AFS Beneficia di sconti assicurativi come socio dell'Aero Club L'Aero Club della Svizzera crea un mercato favorevole per le polizze assicurative attraverso accordi di sconto con le compagnie assicurative.<\/p>","protected":false},"author":1,"featured_media":0,"parent":120,"menu_order":0,"comment_status":"closed","ping_status":"closed","template":"","meta":{"footnotes":""},"class_list":["post-404","page","type-page","status-publish","hentry"],"_links":{"self":[{"href":"https:\/\/aeroclub.ch\/it\/wp-json\/wp\/v2\/pages\/404","targetHints":{"allow":["GET"]}}],"collection":[{"href":"https:\/\/aeroclub.ch\/it\/wp-json\/wp\/v2\/pages"}],"about":[{"href":"https:\/\/aeroclub.ch\/it\/wp-json\/wp\/v2\/types\/page"}],"author":[{"embeddable":true,"href":"https:\/\/aeroclub.ch\/it\/wp-json\/wp\/v2\/users\/1"}],"replies":[{"embeddable":true,"href":"https:\/\/aeroclub.ch\/it\/wp-json\/wp\/v2\/comments?post=404"}],"version-history":[{"count":0,"href":"https:\/\/aeroclub.ch\/it\/wp-json\/wp\/v2\/pages\/404\/revisions"}],"up":[{"embeddable":true,"href":"https:\/\/aeroclub.ch\/it\/wp-json\/wp\/v2\/pages\/120"}],"wp:attachment":[{"href":"https:\/\/aeroclub.ch\/it\/wp-json\/wp\/v2\/media?parent=404"}],"curies":[{"name":"wp","href":"https:\/\/api.w.org\/{rel}","templated":true}]}}