{"id":25951,"date":"2026-02-13T11:43:33","date_gmt":"2026-02-13T10:43:33","guid":{"rendered":"https:\/\/aeroclub.ch\/?page_id=25951"},"modified":"2026-03-18T14:23:56","modified_gmt":"2026-03-18T13:23:56","slug":"flight-safety","status":"publish","type":"page","link":"https:\/\/aeroclub.ch\/it\/flight-safety\/","title":{"rendered":"2026 Sicurezza del volo"},"content":{"rendered":"<div data-elementor-type=\"wp-page\" data-elementor-id=\"25951\" class=\"elementor elementor-25951\" data-elementor-post-type=\"page\">\n\t\t\t\t\t\t<section class=\"elementor-section elementor-top-section elementor-element elementor-element-d3840e7 elementor-section-boxed elementor-section-height-default elementor-section-height-default\" data-id=\"d3840e7\" data-element_type=\"section\" data-e-type=\"section\">\n\t\t\t\t\t\t<div class=\"elementor-container elementor-column-gap-default\">\n\t\t\t\t\t<div class=\"elementor-column elementor-col-100 elementor-top-column elementor-element elementor-element-ba16564\" data-id=\"ba16564\" data-element_type=\"column\" data-e-type=\"column\">\n\t\t\t<div class=\"elementor-widget-wrap elementor-element-populated\">\n\t\t\t\t\t\t<div class=\"elementor-element elementor-element-92e4589 elementor-widget elementor-widget-text-editor\" data-id=\"92e4589\" data-element_type=\"widget\" data-e-type=\"widget\" data-widget_type=\"text-editor.default\">\n\t\t\t\t<div class=\"elementor-widget-container\">\n\t\t\t\t\t\t\t\t\t<h2><strong>Dialogo sulla sicurezza del volo 2026: Programma e registrazione per la partecipazione in loco<br \/><\/strong><\/h2><p><span style=\"color: #0d1a28; font-family: Roboto; font-size: 15px;\"><br \/>Su\u00a0<\/span><strong style=\"font-family: Roboto; font-size: 15px;\">Mercoled\u00ec 18 marzo 2026<\/strong><span style=\"color: #0d1a28; font-family: Roboto; font-size: 15px;\">\u00a0trova <\/span><strong style=\"font-family: Roboto; font-size: 15px;\">nel campus del DETEC a Ittigen<\/strong><span style=\"color: #0d1a28; font-family: Roboto; font-size: 15px;\"> il Dialogo sulla sicurezza del volo 2026*, organizzato dalla Flight Safety Alliance Switzerland (FSA).<\/span><\/p><p>Il motto dell'evento di quest'anno \u00e8: \"Focus sullo spazio aereo inferiore\". Ci si pu\u00f2 aspettare contributi interessanti su temi di sicurezza attuali in <strong>Tedesco e francese.<\/strong><\/p><p>Questo inizia a\u00a0<strong>18.00<\/strong>\u00a0e offre circa <strong>60 posti a sedere<\/strong> per il <strong>Partecipazione in loco<\/strong>.<\/p><p>Le presentazioni saranno anche trasmesse in streaming dal vivo o registrate su YouTube. Al ricevimento successivo, che sar\u00e0 offerto dagli organizzatori, ci sar\u00e0 l'opportunit\u00e0 di scambiare idee tra di noi e con i relatori.<\/p><p><span style=\"color: #ff0000;\"><strong>\u21d2<\/strong><\/span> Il <em><strong><a href=\"https:\/\/www.youtube.com\/watch?v=5z2GgIwcJVM\" target=\"_blank\" rel=\"noopener\">Link alla partecipazione online tramite Youtube<\/a><\/strong><\/em> sar\u00e0 pubblicato circa 3 giorni prima dell'evento. Per la partecipazione via <a href=\"https:\/\/www.youtube.com\/watch?v=5z2GgIwcJVM\" target=\"_blank\" rel=\"noopener\"><em><strong><u>Lo streaming in diretta non richiede la registrazione<\/u><\/strong><\/em><\/a>.<\/p><p>Si consiglia di viaggiare con i mezzi pubblici, poich\u00e9 i parcheggi sono limitati.<\/p><p>Attendiamo con ansia la sua partecipazione!<\/p>\t\t\t\t\t\t\t\t<\/div>\n\t\t\t\t<\/div>\n\t\t\t\t\t<\/div>\n\t\t<\/div>\n\t\t\t\t\t<\/div>\n\t\t<\/section>\n\t\t\t\t<section class=\"elementor-section elementor-top-section elementor-element elementor-element-e50e60c elementor-section-boxed elementor-section-height-default elementor-section-height-default\" data-id=\"e50e60c\" data-element_type=\"section\" data-e-type=\"section\">\n\t\t\t\t\t\t<div class=\"elementor-container elementor-column-gap-default\">\n\t\t\t\t\t<div class=\"elementor-column elementor-col-100 elementor-top-column elementor-element elementor-element-dcc6c35\" data-id=\"dcc6c35\" data-element_type=\"column\" data-e-type=\"column\">\n\t\t\t<div class=\"elementor-widget-wrap elementor-element-populated\">\n\t\t\t\t\t\t<div class=\"elementor-element elementor-element-dc3ac2e elementor-widget-divider--view-line elementor-widget elementor-widget-divider\" data-id=\"dc3ac2e\" data-element_type=\"widget\" data-e-type=\"widget\" data-widget_type=\"divider.default\">\n\t\t\t\t<div class=\"elementor-widget-container\">\n\t\t\t\t\t\t\t<div class=\"elementor-divider\">\n\t\t\t<span class=\"elementor-divider-separator\">\n\t\t\t\t\t\t<\/span>\n\t\t<\/div>\n\t\t\t\t\t\t<\/div>\n\t\t\t\t<\/div>\n\t\t\t\t\t<\/div>\n\t\t<\/div>\n\t\t\t\t\t<\/div>\n\t\t<\/section>\n\t\t\t\t<section class=\"elementor-section elementor-top-section elementor-element elementor-element-4e8965e elementor-section-boxed elementor-section-height-default elementor-section-height-default\" data-id=\"4e8965e\" data-element_type=\"section\" data-e-type=\"section\">\n\t\t\t\t\t\t<div class=\"elementor-container elementor-column-gap-default\">\n\t\t\t\t\t<div class=\"elementor-column elementor-col-100 elementor-top-column elementor-element elementor-element-c9fd712\" data-id=\"c9fd712\" data-element_type=\"column\" data-e-type=\"column\">\n\t\t\t<div class=\"elementor-widget-wrap elementor-element-populated\">\n\t\t\t\t\t\t<div class=\"elementor-element elementor-element-f35270b elementor-widget elementor-widget-text-editor\" data-id=\"f35270b\" data-element_type=\"widget\" data-e-type=\"widget\" data-widget_type=\"text-editor.default\">\n\t\t\t\t<div class=\"elementor-widget-container\">\n\t\t\t\t\t\t\t\t\t<h3><strong>Programma: concentrarsi sullo spazio aereo inferiore<br \/><\/strong><\/h3><ul><li><span style=\"font-size: 16px;\">Durata: 18 - 19:30, ingresso dalle 17.30<\/span><\/li><li>Sede: Auditorium, Ufficio federale delle strade USTRA, Pulverstrasse 13, 3063 Ittigen<\/li><\/ul><h4><strong>Parte 1: <br \/><\/strong><\/h4><ul><li><strong>Migliore visibilit\u00e0 in aria<\/strong><\/li><li><strong>Campagna sullo spazio aereo Echo<\/strong> (indagine, risultati e misure), <em>Marc Keusch, Responsabile Sicurezza e Gestione dei rischi, FOCA (tedesco)<\/em><\/li><li><strong>Luftraum Echo: la prospettiva di Skyguide<br \/><\/strong><em>Olivier Perrin, Chief Safety and Security Officer, Skyguide (francese)<\/em><\/li><li><strong>iConspicuit\u00e0: cosa significa?<br \/><\/strong><em>Patrick Leli\u00e8vre, Esperto di Politica e Regolamentazione FASST-CH, FOCA (francese)<\/em><\/li><\/ul><h4><strong>Parte 2: <br \/><\/strong><\/h4><ul><li><strong>Scivolare vicino alla velocit\u00e0 di stallo<\/strong><\/li><li><strong>LOC-I (S): Dall'idea della campagna al concetto alla realizzazione<\/strong>,<br \/><em>Peter Lacher, Ingegnere di certificazione FOCA \/ Istruttore di volo a vela Gliding Group Bern, (tedesco)<\/em><\/li><\/ul><h4><strong>Parte 3: <br \/><\/strong><\/h4><ul><li><strong>Minimizzazione del rischio di situazioni pericolose tra servizi di linea e aviazione generale<\/strong><\/li><li><strong>Quando piccoli aerei e jet commerciali condividono lo stesso spazio aereo<\/strong>,<br \/><em>Raphael Bellwald, investigatore sulla sicurezza delle operazioni di volo FO A330, SWISS, (tedesco)<\/em><\/li><\/ul><h4><strong>Domande e risposte <\/strong><\/h4><p><span style=\"color: #0d1a28; font-family: Roboto; font-size: 15px;\"><br \/><span style=\"color: #ff0000;\"><strong>\u21d2<\/strong><\/span> Seguir\u00e0 un aperitivo con l'opportunit\u00e0 di uno scambio professionale.<\/span><\/p>\t\t\t\t\t\t\t\t<\/div>\n\t\t\t\t<\/div>\n\t\t\t\t\t<\/div>\n\t\t<\/div>\n\t\t\t\t\t<\/div>\n\t\t<\/section>\n\t\t\t\t<section class=\"elementor-section elementor-top-section elementor-element elementor-element-084f71c elementor-section-boxed elementor-section-height-default elementor-section-height-default\" data-id=\"084f71c\" data-element_type=\"section\" data-e-type=\"section\">\n\t\t\t\t\t\t<div class=\"elementor-container elementor-column-gap-default\">\n\t\t\t\t\t<div class=\"elementor-column elementor-col-100 elementor-top-column elementor-element elementor-element-bcfb508\" data-id=\"bcfb508\" data-element_type=\"column\" data-e-type=\"column\">\n\t\t\t<div class=\"elementor-widget-wrap elementor-element-populated\">\n\t\t\t\t\t\t<div class=\"elementor-element elementor-element-b4cc011 elementor-widget-divider--view-line elementor-widget elementor-widget-divider\" data-id=\"b4cc011\" data-element_type=\"widget\" data-e-type=\"widget\" data-widget_type=\"divider.default\">\n\t\t\t\t<div class=\"elementor-widget-container\">\n\t\t\t\t\t\t\t<div class=\"elementor-divider\">\n\t\t\t<span class=\"elementor-divider-separator\">\n\t\t\t\t\t\t<\/span>\n\t\t<\/div>\n\t\t\t\t\t\t<\/div>\n\t\t\t\t<\/div>\n\t\t\t\t\t<\/div>\n\t\t<\/div>\n\t\t\t\t\t<\/div>\n\t\t<\/section>\n\t\t\t\t<section class=\"elementor-section elementor-top-section elementor-element elementor-element-07a103d elementor-section-boxed elementor-section-height-default elementor-section-height-default\" data-id=\"07a103d\" data-element_type=\"section\" data-e-type=\"section\">\n\t\t\t\t\t\t<div class=\"elementor-container elementor-column-gap-default\">\n\t\t\t\t\t<div class=\"elementor-column elementor-col-50 elementor-top-column elementor-element elementor-element-1473056\" data-id=\"1473056\" data-element_type=\"column\" data-e-type=\"column\">\n\t\t\t<div class=\"elementor-widget-wrap elementor-element-populated\">\n\t\t\t\t\t\t<div class=\"elementor-element elementor-element-ed86171 elementor-widget elementor-widget-text-editor\" data-id=\"ed86171\" data-element_type=\"widget\" data-e-type=\"widget\" data-widget_type=\"text-editor.default\">\n\t\t\t\t<div class=\"elementor-widget-container\">\n\t\t\t\t\t\t\t\t\t<h4><strong>Viaggiare con i mezzi pubblici:<\/strong><\/h4><ul><li>Dalla stazione ferroviaria di Berna S7 (RBS), direzione Worb, fermata Papierm\u00fchle<\/li><li>Percorso pedonale di 450 m fino ad Astra, Pulverstrasse 13, 3063 Ittigen<\/li><\/ul>\t\t\t\t\t\t\t\t<\/div>\n\t\t\t\t<\/div>\n\t\t\t\t<div class=\"elementor-element elementor-element-e8caf84 elementor-widget elementor-widget-image\" data-id=\"e8caf84\" data-element_type=\"widget\" data-e-type=\"widget\" data-widget_type=\"image.default\">\n\t\t\t\t<div class=\"elementor-widget-container\">\n\t\t\t\t\t\t\t\t\t\t\t\t\t\t\t\t<a href=\"https:\/\/aeroclub.ch\/wp-content\/uploads\/2026\/02\/2026_anreise_oev.jpg\" data-elementor-open-lightbox=\"yes\" data-elementor-lightbox-title=\"2026_anreise_oev\" data-e-action-hash=\"#elementor-action%3Aaction%3Dlightbox%26settings%3DeyJpZCI6MjU5NTgsInVybCI6Imh0dHBzOlwvXC9hZXJvY2x1Yi5jaFwvd3AtY29udGVudFwvdXBsb2Fkc1wvMjAyNlwvMDJcLzIwMjZfYW5yZWlzZV9vZXYuanBnIn0%3D\">\n\t\t\t\t\t\t\t<img decoding=\"async\" width=\"800\" height=\"466\" src=\"https:\/\/aeroclub.ch\/wp-content\/uploads\/2026\/02\/2026_anreise_oev-1024x596.jpg\" class=\"attachment-large size-large wp-image-25958\" alt=\"\" srcset=\"https:\/\/aeroclub.ch\/wp-content\/uploads\/2026\/02\/2026_anreise_oev-1024x596.jpg 1024w, https:\/\/aeroclub.ch\/wp-content\/uploads\/2026\/02\/2026_anreise_oev-300x175.jpg 300w, https:\/\/aeroclub.ch\/wp-content\/uploads\/2026\/02\/2026_anreise_oev-768x447.jpg 768w, https:\/\/aeroclub.ch\/wp-content\/uploads\/2026\/02\/2026_anreise_oev-18x10.jpg 18w, https:\/\/aeroclub.ch\/wp-content\/uploads\/2026\/02\/2026_anreise_oev-350x204.jpg 350w, https:\/\/aeroclub.ch\/wp-content\/uploads\/2026\/02\/2026_anreise_oev-1100x640.jpg 1100w, https:\/\/aeroclub.ch\/wp-content\/uploads\/2026\/02\/2026_anreise_oev.jpg 1275w\" sizes=\"(max-width: 800px) 100vw, 800px\" \/>\t\t\t\t\t\t\t\t<\/a>\n\t\t\t\t\t\t\t\t\t\t\t\t\t\t\t<\/div>\n\t\t\t\t<\/div>\n\t\t\t\t\t<\/div>\n\t\t<\/div>\n\t\t\t\t<div class=\"elementor-column elementor-col-50 elementor-top-column elementor-element elementor-element-1085db6\" data-id=\"1085db6\" data-element_type=\"column\" data-e-type=\"column\">\n\t\t\t<div class=\"elementor-widget-wrap elementor-element-populated\">\n\t\t\t\t\t\t<div class=\"elementor-element elementor-element-2636894 elementor-widget elementor-widget-text-editor\" data-id=\"2636894\" data-element_type=\"widget\" data-e-type=\"widget\" data-widget_type=\"text-editor.default\">\n\t\t\t\t<div class=\"elementor-widget-container\">\n\t\t\t\t\t\t\t\t\t<h4><strong>Viaggiare in auto:<\/strong><\/h4><ul><li>Posti auto nel Talgutzentrum Ittigen (a pagamento)<\/li><li>Percorso pedonale di circa 1 km fino ad Astra, Pulverstrasse 13, 3063 Ittigen<\/li><\/ul>\t\t\t\t\t\t\t\t<\/div>\n\t\t\t\t<\/div>\n\t\t\t\t<div class=\"elementor-element elementor-element-e97694f elementor-widget elementor-widget-image\" data-id=\"e97694f\" data-element_type=\"widget\" data-e-type=\"widget\" data-widget_type=\"image.default\">\n\t\t\t\t<div class=\"elementor-widget-container\">\n\t\t\t\t\t\t\t\t\t\t\t\t\t\t\t\t<a href=\"https:\/\/aeroclub.ch\/wp-content\/uploads\/2026\/02\/2026_anreise_auto.jpg\" data-elementor-open-lightbox=\"yes\" data-elementor-lightbox-title=\"2026_anreise_auto\" data-e-action-hash=\"#elementor-action%3Aaction%3Dlightbox%26settings%3DeyJpZCI6MjU5NTcsInVybCI6Imh0dHBzOlwvXC9hZXJvY2x1Yi5jaFwvd3AtY29udGVudFwvdXBsb2Fkc1wvMjAyNlwvMDJcLzIwMjZfYW5yZWlzZV9hdXRvLmpwZyJ9\">\n\t\t\t\t\t\t\t<img decoding=\"async\" width=\"560\" height=\"337\" src=\"https:\/\/aeroclub.ch\/wp-content\/uploads\/2026\/02\/2026_anreise_auto.jpg\" class=\"attachment-large size-large wp-image-25957\" alt=\"\" srcset=\"https:\/\/aeroclub.ch\/wp-content\/uploads\/2026\/02\/2026_anreise_auto.jpg 560w, https:\/\/aeroclub.ch\/wp-content\/uploads\/2026\/02\/2026_anreise_auto-300x181.jpg 300w, https:\/\/aeroclub.ch\/wp-content\/uploads\/2026\/02\/2026_anreise_auto-18x12.jpg 18w, https:\/\/aeroclub.ch\/wp-content\/uploads\/2026\/02\/2026_anreise_auto-350x211.jpg 350w\" sizes=\"(max-width: 560px) 100vw, 560px\" \/>\t\t\t\t\t\t\t\t<\/a>\n\t\t\t\t\t\t\t\t\t\t\t\t\t\t\t<\/div>\n\t\t\t\t<\/div>\n\t\t\t\t\t<\/div>\n\t\t<\/div>\n\t\t\t\t\t<\/div>\n\t\t<\/section>\n\t\t\t\t<section class=\"elementor-section elementor-top-section elementor-element elementor-element-a0beda6 elementor-section-boxed elementor-section-height-default elementor-section-height-default\" data-id=\"a0beda6\" data-element_type=\"section\" data-e-type=\"section\">\n\t\t\t\t\t\t<div class=\"elementor-container elementor-column-gap-default\">\n\t\t\t\t\t<div class=\"elementor-column elementor-col-100 elementor-top-column elementor-element elementor-element-4bff300\" data-id=\"4bff300\" data-element_type=\"column\" data-e-type=\"column\">\n\t\t\t<div class=\"elementor-widget-wrap elementor-element-populated\">\n\t\t\t\t\t\t<div class=\"elementor-element elementor-element-4037e91 elementor-widget-divider--view-line elementor-widget elementor-widget-divider\" data-id=\"4037e91\" data-element_type=\"widget\" data-e-type=\"widget\" data-widget_type=\"divider.default\">\n\t\t\t\t<div class=\"elementor-widget-container\">\n\t\t\t\t\t\t\t<div class=\"elementor-divider\">\n\t\t\t<span class=\"elementor-divider-separator\">\n\t\t\t\t\t\t<\/span>\n\t\t<\/div>\n\t\t\t\t\t\t<\/div>\n\t\t\t\t<\/div>\n\t\t\t\t\t<\/div>\n\t\t<\/div>\n\t\t\t\t\t<\/div>\n\t\t<\/section>\n\t\t\t\t<section class=\"elementor-section elementor-top-section elementor-element elementor-element-6e2f559 elementor-section-boxed elementor-section-height-default elementor-section-height-default\" data-id=\"6e2f559\" data-element_type=\"section\" data-e-type=\"section\">\n\t\t\t\t\t\t<div class=\"elementor-container elementor-column-gap-default\">\n\t\t\t\t\t<div class=\"elementor-column elementor-col-100 elementor-top-column elementor-element elementor-element-fcbe2b0\" data-id=\"fcbe2b0\" data-element_type=\"column\" data-e-type=\"column\">\n\t\t\t<div class=\"elementor-widget-wrap elementor-element-populated\">\n\t\t\t\t\t\t<div class=\"elementor-element elementor-element-ff43473 elementor-widget elementor-widget-text-editor\" data-id=\"ff43473\" data-element_type=\"widget\" data-e-type=\"widget\" data-widget_type=\"text-editor.default\">\n\t\t\t\t<div class=\"elementor-widget-container\">\n\t\t\t\t\t\t\t\t\t<h4><strong>Partecipazione in loco: Si prega di registrarsi!<\/strong><\/h4><p>Per motivi organizzativi, per la partecipazione in loco \u00e8 necessaria la registrazione tramite il seguente modulo online. <strong>La data di chiusura delle candidature \u00e8 l'11 marzo 2026.<\/strong><\/p><p><span style=\"color: #ff0000;\"><strong>\u21d2<\/strong><\/span> Il link per la partecipazione online tramite YouTube sar\u00e0 pubblicato circa 3 giorni prima dell'evento. Per la partecipazione via <u>Lo streaming in diretta non richiede la registrazione<\/u>.<\/p>\t\t\t\t\t\t\t\t<\/div>\n\t\t\t\t<\/div>\n\t\t\t\t\t<\/div>\n\t\t<\/div>\n\t\t\t\t\t<\/div>\n\t\t<\/section>\n\t\t\t\t<section class=\"elementor-section elementor-top-section elementor-element elementor-element-b18e693 elementor-section-boxed elementor-section-height-default elementor-section-height-default\" data-id=\"b18e693\" data-element_type=\"section\" data-e-type=\"section\">\n\t\t\t\t\t\t<div class=\"elementor-container elementor-column-gap-default\">\n\t\t\t\t\t<div class=\"elementor-column elementor-col-100 elementor-top-column elementor-element elementor-element-8a1918f\" data-id=\"8a1918f\" data-element_type=\"column\" data-e-type=\"column\">\n\t\t\t<div class=\"elementor-widget-wrap elementor-element-populated\">\n\t\t\t\t\t\t<div class=\"elementor-element elementor-element-1d19c43 elementor-widget elementor-widget-everest-forms\" data-id=\"1d19c43\" data-element_type=\"widget\" data-e-type=\"widget\" data-widget_type=\"everest-forms.default\">\n\t\t\t\t<div class=\"elementor-widget-container\">\n\t\t\t\t\t\t\t\t<div class=\"everest-forms\"><div class=\"evf-container default\" id=\"evf-25971\"><form id=\"evf-form-25971\" class=\"everest-form\" data-formid=\"25971\" data-ajax_submission=\"0\" data-keyboard_friendly_form=\"0\" method=\"post\" enctype=\"multipart\/form-data\" action=\"\/it\/wp-json\/wp\/v2\/pages\/25951\" data-trp-original-action=\"\/it\/wp-json\/wp\/v2\/pages\/25951\"><div class=\"evf-field-container\"><input type=\"hidden\" id=\"_wpnonce25971\" name=\"_wpnonce25971\" value=\"2db91e656d\" \/><input type=\"hidden\" name=\"_wp_http_referer\" value=\"\/it\/wp-json\/wp\/v2\/pages\/25951\" \/><div class=\"evf-frontend-row\" data-row=\"row_1\" conditional_rules=\"[]\"><div class=\"evf-frontend-grid evf-grid-2\" data-grid=\"grid_1\"><div id=\"evf-25971-field_Uwdg3utloX-1-container\" class=\"evf-field evf-field-first-name form-row validate-required\" data-required-field-message=\"This field is required.\" data-field-id=\"Uwdg3utloX-1\"><label class=\"evf-field-label\" for=\"evf-25971-field_Uwdg3utloX-1\"><span class=\"evf-label\">Nome<\/span> <abbr class=\"required\" title=\"Richiesto\">*<\/abbr><\/label><input type=\"text\" id=\"evf-25971-field_Uwdg3utloX-1\" class=\"input-text\" name=\"everest_forms[form_fields][Uwdg3utloX-1]\" required><\/div><\/div><div class=\"evf-frontend-grid evf-grid-2\" data-grid=\"grid_2\"><div id=\"evf-25971-field_lEuDfwX0uK-2-container\" class=\"evf-field evf-field-last-name form-row validate-required\" data-required-field-message=\"This field is required.\" data-field-id=\"lEuDfwX0uK-2\"><label class=\"evf-field-label\" for=\"evf-25971-field_lEuDfwX0uK-2\"><span class=\"evf-label\">Cognome<\/span> <abbr class=\"required\" title=\"Richiesto\">*<\/abbr><\/label><input type=\"text\" id=\"evf-25971-field_lEuDfwX0uK-2\" class=\"input-text\" name=\"everest_forms[form_fields][lEuDfwX0uK-2]\" required><\/div><\/div><\/div><div class=\"evf-frontend-row\" data-row=\"row_2\" conditional_rules=\"[]\"><div class=\"evf-frontend-grid evf-grid-2\" data-grid=\"grid_1\"><div id=\"evf-25971-field_Os6L2G9BTB-3-container\" class=\"evf-field evf-field-email form-row validate-required validate-email\" data-required-field-message=\"Please enter a valid email address.\" data-field-id=\"Os6L2G9BTB-3\"><label class=\"evf-field-label\" for=\"evf-25971-field_Os6L2G9BTB-3\"><span class=\"evf-label\">e-mail<\/span> <abbr class=\"required\" title=\"Richiesto\">*<\/abbr><\/label><input type=\"email\" id=\"evf-25971-field_Os6L2G9BTB-3\" class=\"input-text\" name=\"everest_forms[form_fields][Os6L2G9BTB-3]\" required><\/div><\/div><div class=\"evf-frontend-grid evf-grid-2\" data-grid=\"grid_2\"><div id=\"evf-25971-field_uw2sQ5Lxd5-4-container\" class=\"evf-field evf-field-textarea form-row\" data-field-id=\"uw2sQ5Lxd5-4\"><label class=\"evf-field-label\" for=\"evf-25971-field_uw2sQ5Lxd5-4\"><span class=\"evf-label\">Osservazioni<\/span> <\/label><textarea id=\"evf-25971-field_uw2sQ5Lxd5-4\" class=\"input-text\" name=\"everest_forms[form_fields][uw2sQ5Lxd5-4]\"  ><\/textarea><\/div><\/div><\/div><\/div><div class=\"evf-honeypot-container evf-field-hp\"><label for=\"evf-25971-field-hp\" class=\"evf-field-label\">Commento<\/label><input type=\"text\" name=\"everest_forms[hp]\" id=\"evf-25971-field-hp\" class=\"input-text\"><\/div><div class=\"evf-submit-container\" ><input type=\"hidden\" name=\"everest_forms[id]\" value=\"25971\"><input type=\"hidden\" name=\"everest_forms[author]\" value=\"1\"><button type='submit' name='everest_forms[submit]' class='everest-forms-submit-button button evf-submit' id='evf-submit-25971' value='evf-submit' data-process-text=\"Processing\u2026\" conditional_rules='&quot;&quot;' conditional_id='evf-submit-25971'  aria-live=\"assertive\">accedi...<\/button><\/div><input type=\"hidden\" name=\"trp-form-language\" value=\"it\"\/><\/form><\/div><!-- .evf-container --><\/div>\t\t\t\t\t\t<\/div>\n\t\t\t\t<\/div>\n\t\t\t\t\t<\/div>\n\t\t<\/div>\n\t\t\t\t\t<\/div>\n\t\t<\/section>\n\t\t\t\t<section class=\"elementor-section elementor-top-section elementor-element elementor-element-b90a71c elementor-section-boxed elementor-section-height-default elementor-section-height-default\" data-id=\"b90a71c\" data-element_type=\"section\" data-e-type=\"section\">\n\t\t\t\t\t\t<div class=\"elementor-container elementor-column-gap-default\">\n\t\t\t\t\t<div class=\"elementor-column elementor-col-100 elementor-top-column elementor-element elementor-element-3de2eb9\" data-id=\"3de2eb9\" data-element_type=\"column\" data-e-type=\"column\">\n\t\t\t<div class=\"elementor-widget-wrap elementor-element-populated\">\n\t\t\t\t\t\t<div class=\"elementor-element elementor-element-7b875e7 elementor-alert-info elementor-widget elementor-widget-alert\" data-id=\"7b875e7\" data-element_type=\"widget\" data-e-type=\"widget\" data-widget_type=\"alert.default\">\n\t\t\t\t<div class=\"elementor-widget-container\">\n\t\t\t\t\t\t\t<div class=\"elementor-alert\" role=\"alert\">\n\n\t\t\t\t\t\t<span class=\"elementor-alert-title\">Suggerimento<\/span>\n\t\t\t\n\t\t\t\t\t\t<span class=\"elementor-alert-description\">* Il Dialogo sulla Sicurezza del Volo \u00e8 un evento annuale organizzato dalla Flight Safety Alliance Switzerland (FSA). L'obiettivo della FSA \u00e8 quello di creare una rete di vasta portata per stabilire un processo continuo di sicurezza di volo tra i piloti GA e i piloti professionisti senza AOC, nonch\u00e9 nei club di aviazione generale. Oltre alla Foundation For Aviation Competence FFAC, ora sono coinvolti anche gli AeC, il FOCA e Skyguide. \u00c8 aperto a tutti gli stakeholder dell'aviazione.<\/span>\n\t\t\t\n\t\t\t\n\t\t<\/div>\n\t\t\t\t\t\t<\/div>\n\t\t\t\t<\/div>\n\t\t\t\t\t<\/div>\n\t\t<\/div>\n\t\t\t\t\t<\/div>\n\t\t<\/section>\n\t\t\t\t<\/div>","protected":false},"excerpt":{"rendered":"<p>Dialogo sulla sicurezza del volo 2026: Programma e registrazione per la partecipazione in loco Il Dialogo sulla Sicurezza del Volo 2026 si terr\u00e0 mercoled\u00ec 18 marzo 2026 presso il campus DETEC Ittigen.<\/p>","protected":false},"author":1,"featured_media":0,"parent":0,"menu_order":0,"comment_status":"closed","ping_status":"closed","template":"","meta":{"footnotes":""},"class_list":["post-25951","page","type-page","status-publish","hentry"],"_links":{"self":[{"href":"https:\/\/aeroclub.ch\/it\/wp-json\/wp\/v2\/pages\/25951","targetHints":{"allow":["GET"]}}],"collection":[{"href":"https:\/\/aeroclub.ch\/it\/wp-json\/wp\/v2\/pages"}],"about":[{"href":"https:\/\/aeroclub.ch\/it\/wp-json\/wp\/v2\/types\/page"}],"author":[{"embeddable":true,"href":"https:\/\/aeroclub.ch\/it\/wp-json\/wp\/v2\/users\/1"}],"replies":[{"embeddable":true,"href":"https:\/\/aeroclub.ch\/it\/wp-json\/wp\/v2\/comments?post=25951"}],"version-history":[{"count":0,"href":"https:\/\/aeroclub.ch\/it\/wp-json\/wp\/v2\/pages\/25951\/revisions"}],"wp:attachment":[{"href":"https:\/\/aeroclub.ch\/it\/wp-json\/wp\/v2\/media?parent=25951"}],"curies":[{"name":"wp","href":"https:\/\/api.w.org\/{rel}","templated":true}]}}