{"id":541,"date":"2024-09-04T13:43:20","date_gmt":"2024-09-04T11:43:20","guid":{"rendered":"https:\/\/bogehiwo.cyon.site\/?page_id=541"},"modified":"2026-03-18T21:48:27","modified_gmt":"2026-03-18T20:48:27","slug":"webinare","status":"publish","type":"page","link":"https:\/\/aeroclub.ch\/fr\/der-aecs-im-ueberblick-ausbildung\/webinare\/","title":{"rendered":"Webinaires"},"content":{"rendered":"<div data-elementor-type=\"wp-page\" data-elementor-id=\"541\" class=\"elementor elementor-541\" data-elementor-post-type=\"page\">\n\t\t\t\t\t\t<section class=\"elementor-section elementor-top-section elementor-element elementor-element-46a5038 elementor-section-boxed elementor-section-height-default elementor-section-height-default\" data-id=\"46a5038\" data-element_type=\"section\" data-e-type=\"section\">\n\t\t\t\t\t\t<div class=\"elementor-container elementor-column-gap-default\">\n\t\t\t\t\t<div class=\"elementor-column elementor-col-100 elementor-top-column elementor-element elementor-element-48057e6\" data-id=\"48057e6\" data-element_type=\"column\" data-e-type=\"column\">\n\t\t\t<div class=\"elementor-widget-wrap elementor-element-populated\">\n\t\t\t\t\t\t<div class=\"elementor-element elementor-element-3d824f3 elementor-widget elementor-widget-text-editor\" data-id=\"3d824f3\" data-element_type=\"widget\" data-e-type=\"widget\" data-widget_type=\"text-editor.default\">\n\t\t\t\t<div class=\"elementor-widget-container\">\n\t\t\t\t\t\t\t\t\t<p><strong>S\u00e9minaires sur l'espace a\u00e9rien 2026<\/strong><\/p>\n<p>L'A\u00e9ro-Club de Suisse a le plaisir de vous proposer \u00e0 nouveau un webinaire en ligne sur le th\u00e8me de l'espace a\u00e9rien pour 2026. Notre responsable du ressort Espace a\u00e9rien vous pr\u00e9sentera, avec le soutien d'experts du contr\u00f4le a\u00e9rien Skyguide, les principales adaptations de l'espace a\u00e9rien pour 2026. Les s\u00e9minaires auront lieu aux dates suivantes et seront \u00e9galement enregistr\u00e9s :<\/p>\n<ul>\n<li>Lundi 16 mars \u00e0 20:00 sur <a href=\"https:\/\/71532.seu1.cleverreach.com\/cp\/48133770\/3fcd930f816a-taraz7\"><em><strong>Fran\u00e7ais<\/strong><\/em><\/a><\/li>\n<li>Mardi 17 mars \u00e0 20:00 sur <strong><em><a href=\"https:\/\/71532.seu1.cleverreach.com\/cp\/48134627\/3fcd930f816a-taraz7\">Allemand<\/a><\/em><\/strong><\/li>\n<li>Mercredi 18 mars \u00e0 20:00 sur <a href=\"https:\/\/71532.seu1.cleverreach.com\/cp\/48133772\/3fcd930f816a-taraz7\"><em><strong>Italien<\/strong><\/em><\/a><\/li>\n<\/ul>\n<p>Le s\u00e9minaire en ligne fournit des informations sur les sujets suivants :&nbsp;<\/p>\n<ul>\n<li>Adaptations de l'espace a\u00e9rien 2026<\/li>\n<li>Adaptations TMA Zurich<\/li>\n<\/ul>\n<p><strong>Conf\u00e9renciers :<\/strong><\/p>\n<ul>\n<li>Gaby Rossier (A\u00e9CS)<\/li>\n<li>Stefan Lischka (Skyguide)<\/li>\n<li>Pat Orso (Skyguide Lugano)<\/li>\n<\/ul>\n<p>Avec nos webinaires, nous leur offrons des informations pr\u00e9cieuses. Profitez de l'occasion et participez gratuitement !<\/p>\t\t\t\t\t\t\t\t<\/div>\n\t\t\t\t<\/div>\n\t\t\t\t\t<\/div>\n\t\t<\/div>\n\t\t\t\t\t<\/div>\n\t\t<\/section>\n\t\t\t\t<section class=\"elementor-section elementor-top-section elementor-element elementor-element-56ac656 elementor-section-boxed elementor-section-height-default elementor-section-height-default\" data-id=\"56ac656\" data-element_type=\"section\" data-e-type=\"section\">\n\t\t\t\t\t\t<div class=\"elementor-container elementor-column-gap-default\">\n\t\t\t\t\t<div class=\"elementor-column elementor-col-100 elementor-top-column elementor-element elementor-element-a691a81\" data-id=\"a691a81\" data-element_type=\"column\" data-e-type=\"column\">\n\t\t\t<div class=\"elementor-widget-wrap elementor-element-populated\">\n\t\t\t\t\t\t<div class=\"elementor-element elementor-element-687e361 elementor-widget-divider--view-line elementor-widget elementor-widget-divider\" data-id=\"687e361\" data-element_type=\"widget\" data-e-type=\"widget\" data-widget_type=\"divider.default\">\n\t\t\t\t<div class=\"elementor-widget-container\">\n\t\t\t\t\t\t\t<div class=\"elementor-divider\">\n\t\t\t<span class=\"elementor-divider-separator\">\n\t\t\t\t\t\t<\/span>\n\t\t<\/div>\n\t\t\t\t\t\t<\/div>\n\t\t\t\t<\/div>\n\t\t\t\t\t<\/div>\n\t\t<\/div>\n\t\t\t\t\t<\/div>\n\t\t<\/section>\n\t\t\t\t<section class=\"elementor-section elementor-top-section elementor-element elementor-element-977390f elementor-section-boxed elementor-section-height-default elementor-section-height-default\" data-id=\"977390f\" data-element_type=\"section\" data-e-type=\"section\">\n\t\t\t\t\t\t<div class=\"elementor-container elementor-column-gap-default\">\n\t\t\t\t\t<div class=\"elementor-column elementor-col-100 elementor-top-column elementor-element elementor-element-1dc69b5\" data-id=\"1dc69b5\" data-element_type=\"column\" data-e-type=\"column\">\n\t\t\t<div class=\"elementor-widget-wrap elementor-element-populated\">\n\t\t\t\t\t\t<div class=\"elementor-element elementor-element-5d66286 elementor-widget elementor-widget-text-editor\" data-id=\"5d66286\" data-element_type=\"widget\" data-e-type=\"widget\" data-widget_type=\"text-editor.default\">\n\t\t\t\t<div class=\"elementor-widget-container\">\n\t\t\t\t\t\t\t\t\t<p><strong>2026 - S\u00e9minaire sur l'espace a\u00e9rien<\/strong><\/p><ul><li><em>Modifications de l'espace a\u00e9rien en 2026<em style=\"font-size: 15px; color: var( --e-global-color-text );\">\u00a0(AeCS) -\u00a0<\/em><\/em>[<a href=\"https:\/\/cloud.hoststar.ch\/s\/9yiXYPrpWzErGz6\" target=\"_blank\" rel=\"noopener\"><strong><span style=\"color: #000000;\"><span style=\"color: #ff0000;\">DEU<\/span><\/span><\/strong><\/a><em><span style=\"color: #000000;\">\u00a0\/\u00a0<\/span><\/em><a href=\"https:\/\/cloud.hoststar.ch\/s\/Ar9zgcRyXtS22no\" target=\"_blank\" rel=\"noopener\"><span style=\"color: #ff0000;\"><strong>FRA<\/strong><\/span><\/a><em><span style=\"color: #000000;\">\u00a0\/\u00a0<\/span><\/em><a href=\"https:\/\/cloud.hoststar.ch\/s\/PqMQ9H7A3yyZSAf\" target=\"_blank\" rel=\"noopener\"><span style=\"color: #000000;\"><strong><span style=\"color: #ff0000;\">ITA<\/span><\/strong><\/span><\/a>]<\/li><li><em>L<\/em><em>Modifications de l'espace a\u00e9rien 2026 (Skyguide) -<\/em> [<a href=\"https:\/\/cloud.hoststar.ch\/s\/DzqL4MYFZSJGaKK\" target=\"_blank\" rel=\"noopener\"><span style=\"color: #000000;\"><strong><span style=\"color: #ff0000;\">DEU<\/span><\/strong><\/span><\/a><em><span style=\"color: #000000;\"> \/ <\/span><\/em><a href=\"https:\/\/cloud.hoststar.ch\/s\/cPpiJikyMcWL3a6\" target=\"_blank\" rel=\"noopener\"><strong><span style=\"color: #000000;\"><span style=\"color: #ff0000;\">FRA<\/span><\/span><\/strong><\/a><em><span style=\"color: #000000;\"> \/ <\/span><\/em><a href=\"https:\/\/cloud.hoststar.ch\/s\/6ngxC3PQY3XgAbk\" target=\"_blank\" rel=\"noopener\"><span style=\"color: #000000;\"><strong><span style=\"color: #ff0000;\">ITA<\/span><\/strong><\/span><\/a>]<\/li><li><em>Enregistrement vid\u00e9o du s\u00e9minaire - <\/em>[<a href=\"https:\/\/youtu.be\/uH9rPh13kFQ\" target=\"_blank\" rel=\"noopener\"><strong><span style=\"color: #ff0000;\">DEU <\/span><\/strong><\/a>\/ <a href=\"https:\/\/youtu.be\/VB-kB74Qwo8\" target=\"_blank\" rel=\"noopener\"><strong><span style=\"color: #ff0000;\">FRA<\/span><\/strong><\/a> \/ <a href=\"https:\/\/youtu.be\/dfx9NIqmbzs\" target=\"_blank\" rel=\"noopener\"><span style=\"color: #ff0000;\"><strong>ITA<\/strong><\/span><\/a>]<\/li><\/ul>\t\t\t\t\t\t\t\t<\/div>\n\t\t\t\t<\/div>\n\t\t\t\t\t<\/div>\n\t\t<\/div>\n\t\t\t\t\t<\/div>\n\t\t<\/section>\n\t\t\t\t<section class=\"elementor-section elementor-top-section elementor-element elementor-element-6ab41cc elementor-section-boxed elementor-section-height-default elementor-section-height-default\" data-id=\"6ab41cc\" data-element_type=\"section\" data-e-type=\"section\">\n\t\t\t\t\t\t<div class=\"elementor-container elementor-column-gap-default\">\n\t\t\t\t\t<div class=\"elementor-column elementor-col-100 elementor-top-column elementor-element elementor-element-aea92af\" data-id=\"aea92af\" data-element_type=\"column\" data-e-type=\"column\">\n\t\t\t<div class=\"elementor-widget-wrap elementor-element-populated\">\n\t\t\t\t\t\t<div class=\"elementor-element elementor-element-6dd349b elementor-widget-divider--view-line elementor-widget elementor-widget-divider\" data-id=\"6dd349b\" data-element_type=\"widget\" data-e-type=\"widget\" data-widget_type=\"divider.default\">\n\t\t\t\t<div class=\"elementor-widget-container\">\n\t\t\t\t\t\t\t<div class=\"elementor-divider\">\n\t\t\t<span class=\"elementor-divider-separator\">\n\t\t\t\t\t\t<\/span>\n\t\t<\/div>\n\t\t\t\t\t\t<\/div>\n\t\t\t\t<\/div>\n\t\t\t\t\t<\/div>\n\t\t<\/div>\n\t\t\t\t\t<\/div>\n\t\t<\/section>\n\t\t\t\t<section class=\"elementor-section elementor-top-section elementor-element elementor-element-d09eb83 elementor-section-boxed elementor-section-height-default elementor-section-height-default\" data-id=\"d09eb83\" data-element_type=\"section\" data-e-type=\"section\">\n\t\t\t\t\t\t<div class=\"elementor-container elementor-column-gap-default\">\n\t\t\t\t\t<div class=\"elementor-column elementor-col-100 elementor-top-column elementor-element elementor-element-8c4083c\" data-id=\"8c4083c\" data-element_type=\"column\" data-e-type=\"column\">\n\t\t\t<div class=\"elementor-widget-wrap elementor-element-populated\">\n\t\t\t\t\t\t<div class=\"elementor-element elementor-element-f53939f elementor-widget elementor-widget-text-editor\" data-id=\"f53939f\" data-element_type=\"widget\" data-e-type=\"widget\" data-widget_type=\"text-editor.default\">\n\t\t\t\t<div class=\"elementor-widget-container\">\n\t\t\t\t\t\t\t\t\t<p><strong>2025 - S\u00e9minaire sur l'espace a\u00e9rien<\/strong><\/p><ul><li><em>L<\/em><em>Modifications de l'espace a\u00e9rien 2025 (Skyguide) -<\/em> [<a href=\"https:\/\/cloud.hoststar.ch\/s\/RYf328gMx97D8ac\" target=\"_blank\" rel=\"noopener\"><span style=\"color: #ff0000;\"><b>DEU<\/b><\/span><\/a> \/ <a href=\"https:\/\/cloud.hoststar.ch\/s\/R9ZcApMYpwYcrEf\" target=\"_blank\" rel=\"noopener\"><strong><span style=\"color: #ff0000;\">FRA<\/span><\/strong><\/a> \/ <a href=\"https:\/\/cloud.hoststar.ch\/s\/ESfA3MAr7H4owyd\" target=\"_blank\" rel=\"noopener\"><strong><span style=\"color: #ff0000;\">ITA<\/span><\/strong><\/a>]<\/li><li><em> Modifications de l'espace a\u00e9rien 2026+<em style=\"font-size: 15px; color: var( --e-global-color-text );\">\u00a0(AeCS) - <\/em><\/em>[<a href=\"https:\/\/cloud.hoststar.ch\/s\/onRe64sAwfaKpjT\" target=\"_blank\" rel=\"noopener\"><strong><span style=\"color: #ff0000;\">DEU <\/span><\/strong>\/\u00a0<\/a><a href=\"https:\/\/cloud.hoststar.ch\/s\/N6rfnXAxHbGFjDS\" target=\"_blank\" rel=\"noopener\"><span style=\"color: #ff0000;\"><strong>FRA<\/strong><\/span><\/a> \/ <a href=\"https:\/\/cloud.hoststar.ch\/s\/gT3DWFdn8dAgzgy\" target=\"_blank\" rel=\"noopener\"><strong><span style=\"color: #ff0000;\">ITA<\/span><\/strong><\/a>]<\/li><li><em>FASST-CH (BAZL) - <\/em>[<a href=\"https:\/\/cloud.hoststar.ch\/s\/msAcKtPGEZdgDGA\" target=\"_blank\" rel=\"noopener\"><strong><span style=\"color: #ff0000;\">DEU <\/span><\/strong>\/<\/a> <a href=\"https:\/\/cloud.hoststar.ch\/s\/P4PzmZSPt6gwNZd\" target=\"_blank\" rel=\"noopener\"><strong><span style=\"color: #ff0000;\">FRA<\/span><\/strong><\/a> \/ <a href=\"https:\/\/cloud.hoststar.ch\/s\/Z4pjrym3T4kYdmn\" target=\"_blank\" rel=\"noopener\"><strong><span style=\"color: #ff0000;\">ITA<\/span><\/strong><\/a>]<\/li><li><em><em>Enregistrement vid\u00e9o du s\u00e9minaire - <\/em><\/em>[<a href=\"https:\/\/youtu.be\/GupMY7xKQr8\" target=\"_blank\" rel=\"noopener\"><strong><span style=\"color: #ff0000;\">DEU <\/span><\/strong>\/ <\/a>FRA \/ <a href=\"https:\/\/youtu.be\/EPawI9o0io0\" target=\"_blank\" rel=\"noopener\"><span style=\"color: #ff0000;\"><strong>ITA<\/strong><\/span><\/a>]<\/li><\/ul>\t\t\t\t\t\t\t\t<\/div>\n\t\t\t\t<\/div>\n\t\t\t\t\t<\/div>\n\t\t<\/div>\n\t\t\t\t\t<\/div>\n\t\t<\/section>\n\t\t\t\t<section class=\"elementor-section elementor-top-section elementor-element elementor-element-bf1ed5b elementor-section-boxed elementor-section-height-default elementor-section-height-default\" data-id=\"bf1ed5b\" data-element_type=\"section\" data-e-type=\"section\">\n\t\t\t\t\t\t<div class=\"elementor-container elementor-column-gap-default\">\n\t\t\t\t\t<div class=\"elementor-column elementor-col-100 elementor-top-column elementor-element elementor-element-7b0968c\" data-id=\"7b0968c\" data-element_type=\"column\" data-e-type=\"column\">\n\t\t\t<div class=\"elementor-widget-wrap elementor-element-populated\">\n\t\t\t\t\t\t<div class=\"elementor-element elementor-element-40bd347 elementor-widget-divider--view-line elementor-widget elementor-widget-divider\" data-id=\"40bd347\" data-element_type=\"widget\" data-e-type=\"widget\" data-widget_type=\"divider.default\">\n\t\t\t\t<div class=\"elementor-widget-container\">\n\t\t\t\t\t\t\t<div class=\"elementor-divider\">\n\t\t\t<span class=\"elementor-divider-separator\">\n\t\t\t\t\t\t<\/span>\n\t\t<\/div>\n\t\t\t\t\t\t<\/div>\n\t\t\t\t<\/div>\n\t\t\t\t\t<\/div>\n\t\t<\/div>\n\t\t\t\t\t<\/div>\n\t\t<\/section>\n\t\t\t\t<section class=\"elementor-section elementor-top-section elementor-element elementor-element-b797ee9 elementor-section-boxed elementor-section-height-default elementor-section-height-default\" data-id=\"b797ee9\" data-element_type=\"section\" data-e-type=\"section\">\n\t\t\t\t\t\t<div class=\"elementor-container elementor-column-gap-default\">\n\t\t\t\t\t<div class=\"elementor-column elementor-col-33 elementor-top-column elementor-element elementor-element-dc0f5a7\" data-id=\"dc0f5a7\" data-element_type=\"column\" data-e-type=\"column\">\n\t\t\t<div class=\"elementor-widget-wrap elementor-element-populated\">\n\t\t\t\t\t\t<div class=\"elementor-element elementor-element-55820e4 elementor-widget elementor-widget-text-editor\" data-id=\"55820e4\" data-element_type=\"widget\" data-e-type=\"widget\" data-widget_type=\"text-editor.default\">\n\t\t\t\t<div class=\"elementor-widget-container\">\n\t\t\t\t\t\t\t\t\t<p><strong>2023 - S\u00e9minaire sur l'espace a\u00e9rien<\/strong><\/p><ul><li><a href=\"https:\/\/cloud.hoststar.ch\/s\/TsYZRKdXXrWcExt\" target=\"_blank\" rel=\"noopener\"><em>Modifications de l'espace a\u00e9rien en 2023, orateur Gaby Rossier (PDF)<\/em><\/a><\/li><li><a href=\"https:\/\/cloud.hoststar.ch\/s\/ZHPTK8wN8nwJ3bc\" target=\"_blank\" rel=\"noopener\"><em>Skyguide Information professionnelle ATCO<\/em><\/a><\/li><li><a href=\"https:\/\/youtu.be\/KPYIXRIyM9g\" target=\"_blank\" rel=\"noopener\"><em>Enregistrement vid\u00e9o du s\u00e9minaire<\/em><\/a><\/li><\/ul>\t\t\t\t\t\t\t\t<\/div>\n\t\t\t\t<\/div>\n\t\t\t\t\t<\/div>\n\t\t<\/div>\n\t\t\t\t<div class=\"elementor-column elementor-col-33 elementor-top-column elementor-element elementor-element-e62e495\" data-id=\"e62e495\" data-element_type=\"column\" data-e-type=\"column\">\n\t\t\t<div class=\"elementor-widget-wrap elementor-element-populated\">\n\t\t\t\t\t\t<div class=\"elementor-element elementor-element-4b65f0f elementor-widget elementor-widget-text-editor\" data-id=\"4b65f0f\" data-element_type=\"widget\" data-e-type=\"widget\" data-widget_type=\"text-editor.default\">\n\t\t\t\t<div class=\"elementor-widget-container\">\n\t\t\t\t\t\t\t\t\t<p><strong>2022 - S\u00e9minaire sur l'espace a\u00e9rien<\/strong><\/p><ul><li><a href=\"https:\/\/cloud.hoststar.ch\/s\/YWZmQpfn29K8Lfr\" target=\"_blank\" rel=\"noopener\"><em>Modifications de l'espace a\u00e9rien en 2022, orateur Gaby Rossier (PDF)<\/em><\/a><\/li><li><a href=\"https:\/\/youtu.be\/_gNAWCj9PeY\" target=\"_blank\" rel=\"noopener\"><em>Enregistrement vid\u00e9o du s\u00e9minaire<\/em><\/a><\/li><\/ul>\t\t\t\t\t\t\t\t<\/div>\n\t\t\t\t<\/div>\n\t\t\t\t\t<\/div>\n\t\t<\/div>\n\t\t\t\t<div class=\"elementor-column elementor-col-33 elementor-top-column elementor-element elementor-element-bf56cda\" data-id=\"bf56cda\" data-element_type=\"column\" data-e-type=\"column\">\n\t\t\t<div class=\"elementor-widget-wrap elementor-element-populated\">\n\t\t\t\t\t\t<div class=\"elementor-element elementor-element-244fe40 elementor-widget elementor-widget-text-editor\" data-id=\"244fe40\" data-element_type=\"widget\" data-e-type=\"widget\" data-widget_type=\"text-editor.default\">\n\t\t\t\t<div class=\"elementor-widget-container\">\n\t\t\t\t\t\t\t\t\t<p><strong>2021 - S\u00e9minaire sur l'espace a\u00e9rien<\/strong><\/p><ul><li><a href=\"https:\/\/cloud.hoststar.ch\/s\/w6Fdw8Gs45LRCrp\" target=\"_blank\" rel=\"noopener\"><em>Modifications de l'espace a\u00e9rien 2021, conf\u00e9rencier Chris Nicca<\/em><\/a><\/li><li><a href=\"https:\/\/cloud.hoststar.ch\/s\/zN6Niq3JZD8eEMz\" target=\"_blank\" rel=\"noopener\"><em>Informations de la MAA, orateur : le colonel EMG Martin \"Tinu\" Hess<\/em><\/a><\/li><li><em><a href=\"https:\/\/youtu.be\/q4-EgHzE6uE\" target=\"_blank\" rel=\"noopener\">Enregistrement vid\u00e9o du s\u00e9minaire<\/a><\/em><\/li><\/ul>\t\t\t\t\t\t\t\t<\/div>\n\t\t\t\t<\/div>\n\t\t\t\t\t<\/div>\n\t\t<\/div>\n\t\t\t\t\t<\/div>\n\t\t<\/section>\n\t\t\t\t<section class=\"elementor-section elementor-top-section elementor-element elementor-element-8d734f9 elementor-section-boxed elementor-section-height-default elementor-section-height-default\" data-id=\"8d734f9\" data-element_type=\"section\" data-e-type=\"section\">\n\t\t\t\t\t\t<div class=\"elementor-container elementor-column-gap-default\">\n\t\t\t\t\t<div class=\"elementor-column elementor-col-50 elementor-top-column elementor-element elementor-element-80f0285\" data-id=\"80f0285\" data-element_type=\"column\" data-e-type=\"column\">\n\t\t\t<div class=\"elementor-widget-wrap elementor-element-populated\">\n\t\t\t\t\t\t<div class=\"elementor-element elementor-element-3870034 elementor-widget elementor-widget-text-editor\" data-id=\"3870034\" data-element_type=\"widget\" data-e-type=\"widget\" data-widget_type=\"text-editor.default\">\n\t\t\t\t<div class=\"elementor-widget-container\">\n\t\t\t\t\t\t\t\t\t<p><strong>2022 - Webinaire REGA<\/strong><\/p><ul><li><em><a href=\"https:\/\/cloud.hoststar.ch\/s\/53Qj9jAi54KReHQ\" target=\"_blank\" rel=\"noopener\">\"Op\u00e9rations IFR de bas niveau pour h\u00e9licopt\u00e8res\"\u00a0<\/a><\/em><\/li><li><em><a href=\"https:\/\/cloud.hoststar.ch\/s\/ZaHa7KQzNn3pZfc\" target=\"_blank\" rel=\"noopener\">\"Retard VFR, Pourquoi la mise \u00e0 jour des plans de vol soumis est importante\"\u00a0<\/a><\/em><\/li><li><em><a href=\"https:\/\/cloud.hoststar.ch\/s\/apYjBP3ZEbwNTHD\" target=\"_blank\" rel=\"noopener\">Informations sur \"Espace a\u00e9rien Delta<\/a><\/em><\/li><li><em><a href=\"https:\/\/youtu.be\/twaSiDeC5b8\" target=\"_blank\" rel=\"noopener\">Enregistrement vid\u00e9o du webinaire<\/a><\/em><\/li><\/ul>\t\t\t\t\t\t\t\t<\/div>\n\t\t\t\t<\/div>\n\t\t\t\t\t<\/div>\n\t\t<\/div>\n\t\t\t\t<div class=\"elementor-column elementor-col-50 elementor-top-column elementor-element elementor-element-2e6aac8\" data-id=\"2e6aac8\" data-element_type=\"column\" data-e-type=\"column\">\n\t\t\t<div class=\"elementor-widget-wrap\">\n\t\t\t\t\t\t\t<\/div>\n\t\t<\/div>\n\t\t\t\t\t<\/div>\n\t\t<\/section>\n\t\t\t\t<section class=\"elementor-section elementor-top-section elementor-element elementor-element-ad10c96 elementor-section-boxed elementor-section-height-default elementor-section-height-default\" data-id=\"ad10c96\" data-element_type=\"section\" data-e-type=\"section\">\n\t\t\t\t\t\t<div class=\"elementor-container elementor-column-gap-default\">\n\t\t\t\t\t<div class=\"elementor-column elementor-col-50 elementor-top-column elementor-element elementor-element-5fdb271\" data-id=\"5fdb271\" data-element_type=\"column\" data-e-type=\"column\">\n\t\t\t<div class=\"elementor-widget-wrap elementor-element-populated\">\n\t\t\t\t\t\t<div class=\"elementor-element elementor-element-dcb25f4 elementor-widget elementor-widget-text-editor\" data-id=\"dcb25f4\" data-element_type=\"widget\" data-e-type=\"widget\" data-widget_type=\"text-editor.default\">\n\t\t\t\t<div class=\"elementor-widget-container\">\n\t\t\t\t\t\t\t\t\t<p><strong>2022 - S\u00e9minaire de voltige<\/strong><\/p><ul><li><a href=\"https:\/\/cloud.hoststar.ch\/s\/kZiQWppXpqooz3p\" target=\"_blank\" rel=\"noopener\"><em>Plaintes pour nuisances sonores li\u00e9es \u00e0 la voltige a\u00e9rienne (Katrin Forrer)<\/em><\/a><\/li><li><a href=\"https:\/\/cloud.hoststar.ch\/s\/5fiFRRK7PxfzS3H\" target=\"_blank\" rel=\"noopener\"><em>Comportement g\u00e9n\u00e9ral et pr\u00e9vention des plaintes li\u00e9es au bruit (Markus R\u00fcesch)<\/em><\/a><\/li><li><a href=\"https:\/\/youtu.be\/Xb1zB6VNROc\" target=\"_blank\" rel=\"noopener\"><em>Enregistrement vid\u00e9o du s\u00e9minaire<\/em><\/a><\/li><\/ul>\t\t\t\t\t\t\t\t<\/div>\n\t\t\t\t<\/div>\n\t\t\t\t\t<\/div>\n\t\t<\/div>\n\t\t\t\t<div class=\"elementor-column elementor-col-50 elementor-top-column elementor-element elementor-element-672005b\" data-id=\"672005b\" data-element_type=\"column\" data-e-type=\"column\">\n\t\t\t<div class=\"elementor-widget-wrap\">\n\t\t\t\t\t\t\t<\/div>\n\t\t<\/div>\n\t\t\t\t\t<\/div>\n\t\t<\/section>\n\t\t\t\t<section class=\"elementor-section elementor-top-section elementor-element elementor-element-4a1d8e3 elementor-section-boxed elementor-section-height-default elementor-section-height-default\" data-id=\"4a1d8e3\" data-element_type=\"section\" data-e-type=\"section\">\n\t\t\t\t\t\t<div class=\"elementor-container elementor-column-gap-default\">\n\t\t\t\t\t<div class=\"elementor-column elementor-col-100 elementor-top-column elementor-element elementor-element-4ebff62\" data-id=\"4ebff62\" data-element_type=\"column\" data-e-type=\"column\">\n\t\t\t<div class=\"elementor-widget-wrap elementor-element-populated\">\n\t\t\t\t\t\t<div class=\"elementor-element elementor-element-4510748 elementor-widget-divider--view-line elementor-widget elementor-widget-divider\" data-id=\"4510748\" data-element_type=\"widget\" data-e-type=\"widget\" data-widget_type=\"divider.default\">\n\t\t\t\t<div class=\"elementor-widget-container\">\n\t\t\t\t\t\t\t<div class=\"elementor-divider\">\n\t\t\t<span class=\"elementor-divider-separator\">\n\t\t\t\t\t\t<\/span>\n\t\t<\/div>\n\t\t\t\t\t\t<\/div>\n\t\t\t\t<\/div>\n\t\t\t\t\t<\/div>\n\t\t<\/div>\n\t\t\t\t\t<\/div>\n\t\t<\/section>\n\t\t\t\t<section class=\"elementor-section elementor-top-section elementor-element elementor-element-9301105 elementor-section-boxed elementor-section-height-default elementor-section-height-default\" data-id=\"9301105\" data-element_type=\"section\" data-e-type=\"section\">\n\t\t\t\t\t\t<div class=\"elementor-container elementor-column-gap-default\">\n\t\t\t\t\t<div class=\"elementor-column elementor-col-100 elementor-top-column elementor-element elementor-element-e6cf126\" data-id=\"e6cf126\" data-element_type=\"column\" data-e-type=\"column\">\n\t\t\t<div class=\"elementor-widget-wrap elementor-element-populated\">\n\t\t\t\t\t\t<div class=\"elementor-element elementor-element-21a295e elementor-widget elementor-widget-text-editor\" data-id=\"21a295e\" data-element_type=\"widget\" data-e-type=\"widget\" data-widget_type=\"text-editor.default\">\n\t\t\t\t<div class=\"elementor-widget-container\">\n\t\t\t\t\t\t\t\t\t<h2>Conf\u00e9rence sur l'aviation l\u00e9g\u00e8re<\/h2>\t\t\t\t\t\t\t\t<\/div>\n\t\t\t\t<\/div>\n\t\t\t\t\t<\/div>\n\t\t<\/div>\n\t\t\t\t\t<\/div>\n\t\t<\/section>\n\t\t\t\t<section class=\"elementor-section elementor-top-section elementor-element elementor-element-ac48317 elementor-section-boxed elementor-section-height-default elementor-section-height-default\" data-id=\"ac48317\" data-element_type=\"section\" data-e-type=\"section\">\n\t\t\t\t\t\t<div class=\"elementor-container elementor-column-gap-default\">\n\t\t\t\t\t<div class=\"elementor-column elementor-col-50 elementor-top-column elementor-element elementor-element-24cf9f5\" data-id=\"24cf9f5\" data-element_type=\"column\" data-e-type=\"column\">\n\t\t\t<div class=\"elementor-widget-wrap elementor-element-populated\">\n\t\t\t\t\t\t<div class=\"elementor-element elementor-element-ef284a4 elementor-widget elementor-widget-text-editor\" data-id=\"ef284a4\" data-element_type=\"widget\" data-e-type=\"widget\" data-widget_type=\"text-editor.default\">\n\t\t\t\t<div class=\"elementor-widget-container\">\n\t\t\t\t\t\t\t\t\t<p><strong>29.11.2025 \u00e0 Lucerne<\/strong><\/p><ul><li style=\"list-style-type: none;\"><ul><li>Aviation l\u00e9g\u00e8re &amp; Skyguide (Peter Merz)<\/li><li>SRF Meteo (Thomas Bucheli)<\/li><li>FASST-CH (Gianpaolo Cecchin)<\/li><\/ul><\/li><li><em><strong><span style=\"color: #ff0000;\"><a style=\"color: #ff0000;\" href=\"https:\/\/cloud.hoststar.ch\/s\/F9MXr9nEp8PamAi\" target=\"_blank\" rel=\"noopener\">PDF (17 MO)<\/a><\/span> \/ <span style=\"color: #ff0000;\"><a style=\"color: #ff0000;\" href=\"https:\/\/cloud.hoststar.ch\/s\/wC9zn7g7arioTkk\" target=\"_blank\" rel=\"noopener\">PPTX (506MB)<\/a><\/span><\/strong><\/em><\/li><\/ul>\t\t\t\t\t\t\t\t<\/div>\n\t\t\t\t<\/div>\n\t\t\t\t\t<\/div>\n\t\t<\/div>\n\t\t\t\t<div class=\"elementor-column elementor-col-50 elementor-top-column elementor-element elementor-element-6acb55e\" data-id=\"6acb55e\" data-element_type=\"column\" data-e-type=\"column\">\n\t\t\t<div class=\"elementor-widget-wrap\">\n\t\t\t\t\t\t\t<\/div>\n\t\t<\/div>\n\t\t\t\t\t<\/div>\n\t\t<\/section>\n\t\t\t\t<\/div>","protected":false},"excerpt":{"rendered":"<p>S\u00e9minaires sur l'espace a\u00e9rien 2026 L'A\u00e9ro-Club de Suisse a le plaisir de vous proposer \u00e0 nouveau un webinaire en ligne sur l'espace a\u00e9rien pour 2026. Notre responsable de d\u00e9partement<\/p>","protected":false},"author":1,"featured_media":0,"parent":536,"menu_order":0,"comment_status":"closed","ping_status":"closed","template":"","meta":{"footnotes":""},"class_list":["post-541","page","type-page","status-publish","hentry"],"_links":{"self":[{"href":"https:\/\/aeroclub.ch\/fr\/wp-json\/wp\/v2\/pages\/541","targetHints":{"allow":["GET"]}}],"collection":[{"href":"https:\/\/aeroclub.ch\/fr\/wp-json\/wp\/v2\/pages"}],"about":[{"href":"https:\/\/aeroclub.ch\/fr\/wp-json\/wp\/v2\/types\/page"}],"author":[{"embeddable":true,"href":"https:\/\/aeroclub.ch\/fr\/wp-json\/wp\/v2\/users\/1"}],"replies":[{"embeddable":true,"href":"https:\/\/aeroclub.ch\/fr\/wp-json\/wp\/v2\/comments?post=541"}],"version-history":[{"count":0,"href":"https:\/\/aeroclub.ch\/fr\/wp-json\/wp\/v2\/pages\/541\/revisions"}],"up":[{"embeddable":true,"href":"https:\/\/aeroclub.ch\/fr\/wp-json\/wp\/v2\/pages\/536"}],"wp:attachment":[{"href":"https:\/\/aeroclub.ch\/fr\/wp-json\/wp\/v2\/media?parent=541"}],"curies":[{"name":"wp","href":"https:\/\/api.w.org\/{rel}","templated":true}]}}