{"id":406,"date":"2024-09-03T14:57:59","date_gmt":"2024-09-03T12:57:59","guid":{"rendered":"https:\/\/bogehiwo.cyon.site\/?page_id=406"},"modified":"2024-10-16T14:53:11","modified_gmt":"2024-10-16T12:53:11","slug":"fai-sportlizenz","status":"publish","type":"page","link":"https:\/\/aeroclub.ch\/fr\/myaecs\/fai-sportlizenz\/","title":{"rendered":"Licence sportive FAI"},"content":{"rendered":"<div data-elementor-type=\"wp-page\" data-elementor-id=\"406\" class=\"elementor elementor-406\" data-elementor-post-type=\"page\">\n\t\t\t\t\t\t<section class=\"elementor-section elementor-top-section elementor-element elementor-element-628f0d6 elementor-section-boxed elementor-section-height-default elementor-section-height-default\" data-id=\"628f0d6\" data-element_type=\"section\" data-e-type=\"section\">\n\t\t\t\t\t\t<div class=\"elementor-container elementor-column-gap-default\">\n\t\t\t\t\t<div class=\"elementor-column elementor-col-100 elementor-top-column elementor-element elementor-element-933b959\" data-id=\"933b959\" data-element_type=\"column\" data-e-type=\"column\">\n\t\t\t<div class=\"elementor-widget-wrap elementor-element-populated\">\n\t\t\t\t\t\t<div class=\"elementor-element elementor-element-7cc028d elementor-widget elementor-widget-text-editor\" data-id=\"7cc028d\" data-element_type=\"widget\" data-e-type=\"widget\" data-widget_type=\"text-editor.default\">\n\t\t\t\t<div class=\"elementor-widget-container\">\n\t\t\t\t\t\t\t\t\t<p>La licence sportive FAI est n\u00e9cessaire pour participer \u00e0 des comp\u00e9titions nationales et internationales et pour effectuer des vols de performance en planeur. L'adh\u00e9sion aux f\u00e9d\u00e9rations de discipline correspondantes est une condition.<\/p><p><strong>D\u00e9livrance de licences sportives<\/strong><br \/>Chaque NAC (<strong>N<\/strong>ational\u00a0<strong>A<\/strong>irsport\u00a0<strong>C<\/strong>ontrol, en l'occurrence l'A\u00e9CS) a le droit de\u00a0<em><strong><a href=\"https:\/\/cloud.hoststar.ch\/s\/FsKnKNWEsPenJRo#pdfviewer\" target=\"_blank\" rel=\"noopener\">Licences sportives FAI<\/a><\/strong><\/em>\u00a0pour ceux de ses membres qui sont citoyens ou r\u00e9sidents permanents du pays de cette NAC.<\/p>\t\t\t\t\t\t\t\t<\/div>\n\t\t\t\t<\/div>\n\t\t\t\t\t<\/div>\n\t\t<\/div>\n\t\t\t\t\t<\/div>\n\t\t<\/section>\n\t\t\t\t<section class=\"elementor-section elementor-top-section elementor-element elementor-element-d1eb8c0 elementor-section-boxed elementor-section-height-default elementor-section-height-default\" data-id=\"d1eb8c0\" data-element_type=\"section\" data-e-type=\"section\">\n\t\t\t\t\t\t<div class=\"elementor-container elementor-column-gap-default\">\n\t\t\t\t\t<div class=\"elementor-column elementor-col-100 elementor-top-column elementor-element elementor-element-78b0bc1\" data-id=\"78b0bc1\" data-element_type=\"column\" data-e-type=\"column\">\n\t\t\t<div class=\"elementor-widget-wrap elementor-element-populated\">\n\t\t\t\t\t\t<div class=\"elementor-element elementor-element-97038ae elementor-widget elementor-widget-text-editor\" data-id=\"97038ae\" data-element_type=\"widget\" data-e-type=\"widget\" data-widget_type=\"text-editor.default\">\n\t\t\t\t<div class=\"elementor-widget-container\">\n\t\t\t\t\t\t\t\t\t<h4><strong>Conditions pr\u00e9alables<\/strong><strong>\u00a0(Extrait du \"Sporting Code - General Section\")<\/strong><\/h4>\t\t\t\t\t\t\t\t<\/div>\n\t\t\t\t<\/div>\n\t\t\t\t\t<\/div>\n\t\t<\/div>\n\t\t\t\t\t<\/div>\n\t\t<\/section>\n\t\t\t\t<section class=\"elementor-section elementor-top-section elementor-element elementor-element-84a00c1 elementor-section-boxed elementor-section-height-default elementor-section-height-default\" data-id=\"84a00c1\" data-element_type=\"section\" data-e-type=\"section\">\n\t\t\t\t\t\t<div class=\"elementor-container elementor-column-gap-default\">\n\t\t\t\t\t<div class=\"elementor-column elementor-col-100 elementor-top-column elementor-element elementor-element-49cdb15\" data-id=\"49cdb15\" data-element_type=\"column\" data-e-type=\"column\">\n\t\t\t<div class=\"elementor-widget-wrap elementor-element-populated\">\n\t\t\t\t\t\t<div class=\"elementor-element elementor-element-0600759 elementor-widget elementor-widget-text-editor\" data-id=\"0600759\" data-element_type=\"widget\" data-e-type=\"widget\" data-widget_type=\"text-editor.default\">\n\t\t\t\t<div class=\"elementor-widget-container\">\n\t\t\t\t\t\t\t\t\t<ul><li>La citoyennet\u00e9 d'une personne est prouv\u00e9e par une carte d'identit\u00e9 indiquant sa nationalit\u00e9 et d\u00e9livr\u00e9e par ou au nom du gouvernement du pays concern\u00e9.<\/li><li>Le lieu de r\u00e9sidence d'une personne est l'endroit o\u00f9 elle vit habituellement pendant au moins 185 jours par ann\u00e9e civile, en raison d'attaches personnelles et professionnelles ou, dans le cas d'une personne sans attaches professionnelles, en raison d'attaches personnelles qui pr\u00e9sentent des liens \u00e9troits entre cette personne et le lieu o\u00f9 elle vit.<\/li><li>Une personne ne peut d\u00e9tenir que la licence sportive d'un seul NAC \u00e0 la fois. Une personne qui choisit de passer \u00e0 un autre NAC ne peut obtenir une licence sportive de son nouveau NAC qu'apr\u00e8s que l'ancien NAC a \u00e9t\u00e9 inform\u00e9 et a retir\u00e9 toutes les licences sportives valides qu'il a d\u00e9livr\u00e9es.<\/li><li>La licence sportive FAI est valable 1 an \u00e0 compter de la r\u00e9ception du paiement, mais au plus tard jusqu'au 31 mars de l'ann\u00e9e suivante.<\/li><\/ul>\t\t\t\t\t\t\t\t<\/div>\n\t\t\t\t<\/div>\n\t\t\t\t\t<\/div>\n\t\t<\/div>\n\t\t\t\t\t<\/div>\n\t\t<\/section>\n\t\t\t\t<section class=\"elementor-section elementor-top-section elementor-element elementor-element-36bb3649 elementor-section-boxed elementor-section-height-default elementor-section-height-default\" data-id=\"36bb3649\" data-element_type=\"section\" data-e-type=\"section\">\n\t\t\t\t\t\t<div class=\"elementor-container elementor-column-gap-default\">\n\t\t\t\t\t<div class=\"elementor-column elementor-col-100 elementor-top-column elementor-element elementor-element-3eff76aa\" data-id=\"3eff76aa\" data-element_type=\"column\" data-e-type=\"column\">\n\t\t\t<div class=\"elementor-widget-wrap elementor-element-populated\">\n\t\t\t\t\t\t<div class=\"elementor-element elementor-element-2d8ee70b elementor-icon-list--layout-traditional elementor-list-item-link-full_width elementor-widget elementor-widget-icon-list\" data-id=\"2d8ee70b\" data-element_type=\"widget\" data-e-type=\"widget\" data-widget_type=\"icon-list.default\">\n\t\t\t\t<div class=\"elementor-widget-container\">\n\t\t\t\t\t\t\t<ul class=\"elementor-icon-list-items\">\n\t\t\t\t\t\t\t<li class=\"elementor-icon-list-item\">\n\t\t\t\t\t\t\t\t\t\t\t<a href=\"https:\/\/cloud.hoststar.ch\/s\/FsKnKNWEsPenJRo\" target=\"_blank\">\n\n\t\t\t\t\t\t\t\t\t\t\t\t<span class=\"elementor-icon-list-icon\">\n\t\t\t\t\t\t\t<svg aria-hidden=\"true\" class=\"e-font-icon-svg e-fas-plane\" viewbox=\"0 0 576 512\" xmlns=\"http:\/\/www.w3.org\/2000\/svg\"><path d=\"M480 192H365.71L260.61 8.06A16.014 16.014 0 0 0 246.71 0h-65.5c-10.63 0-18.3 10.17-15.38 20.39L214.86 192H112l-43.2-57.6c-3.02-4.03-7.77-6.4-12.8-6.4H16.01C5.6 128-2.04 137.78.49 147.88L32 256 .49 364.12C-2.04 374.22 5.6 384 16.01 384H56c5.04 0 9.78-2.37 12.8-6.4L112 320h102.86l-49.03 171.6c-2.92 10.22 4.75 20.4 15.38 20.4h65.5c5.74 0 11.04-3.08 13.89-8.06L365.71 320H480c35.35 0 96-28.65 96-64s-60.65-64-96-64z\"><\/path><\/svg>\t\t\t\t\t\t<\/span>\n\t\t\t\t\t\t\t\t\t\t<span class=\"elementor-icon-list-text\">Licence sportive FAI<\/span>\n\t\t\t\t\t\t\t\t\t\t\t<\/a>\n\t\t\t\t\t\t\t\t\t<\/li>\n\t\t\t\t\t\t<\/ul>\n\t\t\t\t\t\t<\/div>\n\t\t\t\t<\/div>\n\t\t\t\t\t<\/div>\n\t\t<\/div>\n\t\t\t\t\t<\/div>\n\t\t<\/section>\n\t\t\t\t<\/div>","protected":false},"excerpt":{"rendered":"<p>La licence sportive FAI est n\u00e9cessaire pour participer \u00e0 des comp\u00e9titions nationales et internationales et pour effectuer des vols de performance en planeur. L'adh\u00e9sion aux f\u00e9d\u00e9rations de discipline correspondantes est<\/p>","protected":false},"author":1,"featured_media":0,"parent":120,"menu_order":0,"comment_status":"closed","ping_status":"closed","template":"","meta":{"footnotes":""},"class_list":["post-406","page","type-page","status-publish","hentry"],"_links":{"self":[{"href":"https:\/\/aeroclub.ch\/fr\/wp-json\/wp\/v2\/pages\/406","targetHints":{"allow":["GET"]}}],"collection":[{"href":"https:\/\/aeroclub.ch\/fr\/wp-json\/wp\/v2\/pages"}],"about":[{"href":"https:\/\/aeroclub.ch\/fr\/wp-json\/wp\/v2\/types\/page"}],"author":[{"embeddable":true,"href":"https:\/\/aeroclub.ch\/fr\/wp-json\/wp\/v2\/users\/1"}],"replies":[{"embeddable":true,"href":"https:\/\/aeroclub.ch\/fr\/wp-json\/wp\/v2\/comments?post=406"}],"version-history":[{"count":0,"href":"https:\/\/aeroclub.ch\/fr\/wp-json\/wp\/v2\/pages\/406\/revisions"}],"up":[{"embeddable":true,"href":"https:\/\/aeroclub.ch\/fr\/wp-json\/wp\/v2\/pages\/120"}],"wp:attachment":[{"href":"https:\/\/aeroclub.ch\/fr\/wp-json\/wp\/v2\/media?parent=406"}],"curies":[{"name":"wp","href":"https:\/\/api.w.org\/{rel}","templated":true}]}}