{"id":404,"date":"2024-09-03T14:57:32","date_gmt":"2024-09-03T12:57:32","guid":{"rendered":"https:\/\/bogehiwo.cyon.site\/?page_id=404"},"modified":"2026-03-02T15:14:21","modified_gmt":"2026-03-02T14:14:21","slug":"versicherungen","status":"publish","type":"page","link":"https:\/\/aeroclub.ch\/fr\/myaecs\/versicherungen\/","title":{"rendered":"Assurances"},"content":{"rendered":"<div data-elementor-type=\"wp-page\" data-elementor-id=\"404\" class=\"elementor elementor-404\" data-elementor-post-type=\"page\">\n\t\t\t\t\t\t<section class=\"elementor-section elementor-top-section elementor-element elementor-element-b5c134b elementor-section-boxed elementor-section-height-default elementor-section-height-default\" data-id=\"b5c134b\" data-element_type=\"section\" data-e-type=\"section\">\n\t\t\t\t\t\t<div class=\"elementor-container elementor-column-gap-default\">\n\t\t\t\t\t<div class=\"elementor-column elementor-col-100 elementor-top-column elementor-element elementor-element-a61ab76\" data-id=\"a61ab76\" data-element_type=\"column\" data-e-type=\"column\">\n\t\t\t<div class=\"elementor-widget-wrap elementor-element-populated\">\n\t\t\t\t\t\t<div class=\"elementor-element elementor-element-48e6d36 elementor-widget elementor-widget-text-editor\" data-id=\"48e6d36\" data-element_type=\"widget\" data-e-type=\"widget\" data-widget_type=\"text-editor.default\">\n\t\t\t\t<div class=\"elementor-widget-container\">\n\t\t\t\t\t\t\t\t\t<h3 class=\"art-postheader\">Assurance AFS<\/h3><p><strong>B\u00e9n\u00e9ficiez de r\u00e9ductions sur les assurances en tant que membre de l'A\u00e9ro-Club<\/strong><\/p><p><img decoding=\"async\" class=\"alignleft wp-image-22476\" src=\"https:\/\/aeroclub.ch\/wp-content\/uploads\/2025\/02\/afs_global-gruppe_logo_4C_pos-239x300.png\" alt=\"\" width=\"150\" height=\"189\" srcset=\"https:\/\/aeroclub.ch\/wp-content\/uploads\/2025\/02\/afs_global-gruppe_logo_4C_pos-239x300.png 239w, https:\/\/aeroclub.ch\/wp-content\/uploads\/2025\/02\/afs_global-gruppe_logo_4C_pos-814x1024.png 814w, https:\/\/aeroclub.ch\/wp-content\/uploads\/2025\/02\/afs_global-gruppe_logo_4C_pos-768x966.png 768w, https:\/\/aeroclub.ch\/wp-content\/uploads\/2025\/02\/afs_global-gruppe_logo_4C_pos-1221x1536.png 1221w, https:\/\/aeroclub.ch\/wp-content\/uploads\/2025\/02\/afs_global-gruppe_logo_4C_pos-10x12.png 10w, https:\/\/aeroclub.ch\/wp-content\/uploads\/2025\/02\/afs_global-gruppe_logo_4C_pos.png 1590w\" sizes=\"(max-width: 150px) 100vw, 150px\" \/><\/p><p>L'A\u00e9ro-Club de Suisse cr\u00e9e une v\u00e9ritable plus-value gr\u00e2ce \u00e0 des contrats \u00e0 prix r\u00e9duits avec des compagnies d'assurance, dont tous les membres peuvent profiter, ind\u00e9pendamment du sport a\u00e9rien qu'ils pratiquent. Nous r\u00e9pondons ainsi \u00e0 la mission d'une f\u00e9d\u00e9ration, qui est d'offrir \u00e0 chaque membre, gr\u00e2ce \u00e0 un grand collectif (plus de 23'000 personnes physiques sont aujourd'hui affili\u00e9es \u00e0 l'A\u00e9CS), outre les prestations a\u00e9ronautiques de base, des avantages financiers directs et perceptibles gr\u00e2ce \u00e0 l'adh\u00e9sion en tant que f\u00e9d\u00e9ration fa\u00eeti\u00e8re nationale de l'aviation l\u00e9g\u00e8re.<\/p><p>Profitez vous aussi des avantages financiers. De plus, les compagnies d'assurance nous versent une commission pour chaque police d'assurance g\u00e9r\u00e9e avec un membre de l'A\u00e9CS, commission que nous pouvons r\u00e9investir dans les disciplines sportives a\u00e9riennes et les f\u00e9d\u00e9rations r\u00e9gionales et de discipline en fonction des projets. Ces offres de r\u00e9duction peuvent vous permettre, selon votre lieu de r\u00e9sidence, votre canton et vos polices d'assurance existantes, de b\u00e9n\u00e9ficier de r\u00e9ductions de primes substantielles et de meilleures prestations dans les domaines de l'assurance maladie et des soins, du m\u00e9nage, des v\u00e9hicules \u00e0 moteur et de la protection juridique. Par cons\u00e9quent, v\u00e9rifiez dans tous les cas vos assurances existantes et comparez-les \u00e0 une offre de nos partenaires collectifs. Notre courtier en assurances ind\u00e9pendant AFS vous fournira les d\u00e9tails et la proc\u00e9dure \u00e0 suivre pour pouvoir profiter des r\u00e9ductions de l'A\u00e9CS, y compris des contributions aux examens m\u00e9dicaux obligatoires pour l'aviation.<\/p><p>Nous sommes convaincus que vous pourrez vous aussi b\u00e9n\u00e9ficier de primes d'assurance r\u00e9duites et d'am\u00e9liorations des prestations pour les ann\u00e9es \u00e0 venir. Nous vous souhaitons une saison de vol r\u00e9ussie et heureuse et beaucoup de satisfaction dans l'exercice de vos activit\u00e9s a\u00e9ronautiques.<\/p><p>-&gt;\u00a0<a href=\"https:\/\/www.a-f-s.ch\/\" target=\"_blank\" rel=\"noopener\"><em><strong>https:\/\/www.a-f-s.ch\/<\/strong><\/em><\/a><\/p>\t\t\t\t\t\t\t\t<\/div>\n\t\t\t\t<\/div>\n\t\t\t\t\t<\/div>\n\t\t<\/div>\n\t\t\t\t\t<\/div>\n\t\t<\/section>\n\t\t\t\t<section class=\"elementor-section elementor-top-section elementor-element elementor-element-20a002f elementor-section-boxed elementor-section-height-default elementor-section-height-default\" data-id=\"20a002f\" data-element_type=\"section\" data-e-type=\"section\">\n\t\t\t\t\t\t<div class=\"elementor-container elementor-column-gap-default\">\n\t\t\t\t\t<div class=\"elementor-column elementor-col-100 elementor-top-column elementor-element elementor-element-fcc71f2\" data-id=\"fcc71f2\" data-element_type=\"column\" data-e-type=\"column\">\n\t\t\t<div class=\"elementor-widget-wrap elementor-element-populated\">\n\t\t\t\t\t\t<div class=\"elementor-element elementor-element-86e665e elementor-widget-divider--view-line elementor-widget elementor-widget-divider\" data-id=\"86e665e\" data-element_type=\"widget\" data-e-type=\"widget\" data-widget_type=\"divider.default\">\n\t\t\t\t<div class=\"elementor-widget-container\">\n\t\t\t\t\t\t\t<div class=\"elementor-divider\">\n\t\t\t<span class=\"elementor-divider-separator\">\n\t\t\t\t\t\t<\/span>\n\t\t<\/div>\n\t\t\t\t\t\t<\/div>\n\t\t\t\t<\/div>\n\t\t\t\t\t<\/div>\n\t\t<\/div>\n\t\t\t\t\t<\/div>\n\t\t<\/section>\n\t\t\t\t<section class=\"elementor-section elementor-top-section elementor-element elementor-element-370bdab elementor-section-boxed elementor-section-height-default elementor-section-height-default\" data-id=\"370bdab\" data-element_type=\"section\" data-e-type=\"section\">\n\t\t\t\t\t\t<div class=\"elementor-container elementor-column-gap-default\">\n\t\t\t\t\t<div class=\"elementor-column elementor-col-100 elementor-top-column elementor-element elementor-element-ff7853e\" data-id=\"ff7853e\" data-element_type=\"column\" data-e-type=\"column\">\n\t\t\t<div class=\"elementor-widget-wrap elementor-element-populated\">\n\t\t\t\t\t\t<div class=\"elementor-element elementor-element-420d425 elementor-widget elementor-widget-text-editor\" data-id=\"420d425\" data-element_type=\"widget\" data-e-type=\"widget\" data-widget_type=\"text-editor.default\">\n\t\t\t\t<div class=\"elementor-widget-container\">\n\t\t\t\t\t\t\t\t\t<h2>SOS 144 - Protection contre les frais de sauvetage \u00e9lev\u00e9s<\/h2>\n<p><\/p>\n<p><img decoding=\"async\" class=\"alignleft wp-image-25843 size-thumbnail\" src=\"https:\/\/aeroclub.ch\/wp-content\/uploads\/2026\/02\/Bildschirmfoto-2026-02-02-um-13.16.24-150x150.webp\" alt=\"\" width=\"150\" height=\"150\" srcset=\"https:\/\/aeroclub.ch\/wp-content\/uploads\/2026\/02\/Bildschirmfoto-2026-02-02-um-13.16.24-150x150.webp 150w, https:\/\/aeroclub.ch\/wp-content\/uploads\/2026\/02\/Bildschirmfoto-2026-02-02-um-13.16.24-12x12.webp 12w, https:\/\/aeroclub.ch\/wp-content\/uploads\/2026\/02\/Bildschirmfoto-2026-02-02-um-13.16.24-350x350.webp 350w, https:\/\/aeroclub.ch\/wp-content\/uploads\/2026\/02\/Bildschirmfoto-2026-02-02-um-13.16.24-51x51.webp 51w\" sizes=\"(max-width: 150px) 100vw, 150px\" \/>En collaboration avec SOS 144, l'A\u00e9CS a le plaisir de proposer \u00e0 ses membres une offre avantageuse exclusive. En tant que membre de l'A\u00e9CS, vous b\u00e9n\u00e9ficiez d'un rabais sp\u00e9cial de 20% lors de la conclusion d'une assurance SOS 144. Qu'il s'agisse d'une ambulance ou d'un h\u00e9licopt\u00e8re de sauvetage, de l'AAA ou de la Rega, avec SOS 144, vos frais de sauvetage sont pris en charge dans le monde entier sans franchise.&nbsp;<span style=\"color: rgb(13, 26, 40); font-family: Roboto; font-size: 15px;\">Veuillez remplir le formulaire ci-dessous afin que nous puissions v\u00e9rifier votre adh\u00e9sion \u00e0 l'A\u00e9CS. Vous recevrez ensuite un lien vers l'offre avantageuse de SOS 144.<\/span><\/p>\t\t\t\t\t\t\t\t<\/div>\n\t\t\t\t<\/div>\n\t\t\t\t\t<\/div>\n\t\t<\/div>\n\t\t\t\t\t<\/div>\n\t\t<\/section>\n\t\t\t\t<section class=\"elementor-section elementor-top-section elementor-element elementor-element-d5031ab elementor-section-boxed elementor-section-height-default elementor-section-height-default\" data-id=\"d5031ab\" data-element_type=\"section\" data-e-type=\"section\">\n\t\t\t\t\t\t<div class=\"elementor-container elementor-column-gap-default\">\n\t\t\t\t\t<div class=\"elementor-column elementor-col-100 elementor-top-column elementor-element elementor-element-be2e62f\" data-id=\"be2e62f\" data-element_type=\"column\" data-e-type=\"column\">\n\t\t\t<div class=\"elementor-widget-wrap elementor-element-populated\">\n\t\t\t\t\t\t<div class=\"elementor-element elementor-element-9797a6c elementor-widget elementor-widget-everest-forms\" data-id=\"9797a6c\" data-element_type=\"widget\" data-e-type=\"widget\" data-widget_type=\"everest-forms.default\">\n\t\t\t\t<div class=\"elementor-widget-container\">\n\t\t\t\t\t\t\t\t<div class=\"everest-forms\"><div class=\"evf-container default\" id=\"evf-26294\"><form id=\"evf-form-26294\" class=\"everest-form\" data-formid=\"26294\" data-ajax_submission=\"0\" data-keyboard_friendly_form=\"0\" method=\"post\" enctype=\"multipart\/form-data\" action=\"\/fr\/wp-json\/wp\/v2\/pages\/404\" data-trp-original-action=\"\/fr\/wp-json\/wp\/v2\/pages\/404\"><div class=\"evf-field-container\"><input type=\"hidden\" id=\"_wpnonce26294\" name=\"_wpnonce26294\" value=\"6480269f6a\" \/><input type=\"hidden\" name=\"_wp_http_referer\" value=\"\/fr\/wp-json\/wp\/v2\/pages\/404\" \/><div class=\"evf-frontend-row\" data-row=\"row_1\" conditional_rules=\"[]\"><div class=\"evf-frontend-grid evf-grid-2\" data-grid=\"grid_1\"><div id=\"evf-26294-field_ODMvfySYuA-1-container\" class=\"evf-field evf-field-first-name form-row validate-required\" data-required-field-message=\"This field is required.\" data-field-id=\"ODMvfySYuA-1\"><label class=\"evf-field-label\" for=\"evf-26294-field_ODMvfySYuA-1\"><span class=\"evf-label\">Pr\u00e9nom<\/span> <abbr class=\"required\" title=\"Required\">*<\/abbr><\/label><input type=\"text\" id=\"evf-26294-field_ODMvfySYuA-1\" class=\"input-text\" name=\"everest_forms[form_fields][ODMvfySYuA-1]\" required><\/div><\/div><div class=\"evf-frontend-grid evf-grid-2\" data-grid=\"grid_2\"><div id=\"evf-26294-field_rpYbOerFJg-2-container\" class=\"evf-field evf-field-last-name form-row validate-required\" data-required-field-message=\"This field is required.\" data-field-id=\"rpYbOerFJg-2\"><label class=\"evf-field-label\" for=\"evf-26294-field_rpYbOerFJg-2\"><span class=\"evf-label\">Nom de famille<\/span> <abbr class=\"required\" title=\"Required\">*<\/abbr><\/label><input type=\"text\" id=\"evf-26294-field_rpYbOerFJg-2\" class=\"input-text\" name=\"everest_forms[form_fields][rpYbOerFJg-2]\" required><\/div><\/div><\/div><div class=\"evf-frontend-row\" data-row=\"row_2\" conditional_rules=\"[]\"><div class=\"evf-frontend-grid evf-grid-2\" data-grid=\"grid_1\"><div id=\"evf-26294-field_UQnlL83919-3-container\" class=\"evf-field evf-field-number form-row validate-required\" data-required-field-message=\"Please enter a valid number.\" data-field-id=\"UQnlL83919-3\"><label class=\"evf-field-label\" for=\"evf-26294-field_UQnlL83919-3\"><span class=\"evf-label\">Num\u00e9ro de membre de l'A\u00e9CS<\/span> <abbr class=\"required\" title=\"Required\">*<\/abbr><\/label><input type=\"number\" id=\"evf-26294-field_UQnlL83919-3\" class=\"input-text\" name=\"everest_forms[form_fields][UQnlL83919-3]\" required><\/div><\/div><div class=\"evf-frontend-grid evf-grid-2\" data-grid=\"grid_2\"><div id=\"evf-26294-field_XWY8bsYxOK-4-container\" class=\"evf-field evf-field-email form-row validate-required validate-email\" data-required-field-message=\"Please enter a valid email address.\" data-field-id=\"XWY8bsYxOK-4\"><label class=\"evf-field-label\" for=\"evf-26294-field_XWY8bsYxOK-4\"><span class=\"evf-label\">Email<\/span> <abbr class=\"required\" title=\"Required\">*<\/abbr><\/label><input type=\"email\" id=\"evf-26294-field_XWY8bsYxOK-4\" class=\"input-text\" name=\"everest_forms[form_fields][XWY8bsYxOK-4]\" required><\/div><\/div><\/div><\/div><div class=\"evf-honeypot-container evf-field-hp\"><label for=\"evf-26294-field-hp\" class=\"evf-field-label\">Message<\/label><input type=\"text\" name=\"everest_forms[hp]\" id=\"evf-26294-field-hp\" class=\"input-text\"><\/div><div class=\"evf-submit-container\" ><input type=\"hidden\" name=\"everest_forms[id]\" value=\"26294\"><input type=\"hidden\" name=\"everest_forms[author]\" value=\"1\"><button type='submit' name='everest_forms[submit]' class='everest-forms-submit-button button evf-submit' id='evf-submit-26294' value='evf-submit' data-process-text=\"Processing\u2026\" conditional_rules='&quot;&quot;' conditional_id='evf-submit-26294'  aria-live=\"assertive\">...envoyer<\/button><\/div><input type=\"hidden\" name=\"trp-form-language\" value=\"fr\"\/><\/form><\/div><!-- .evf-container --><\/div>\t\t\t\t\t\t<\/div>\n\t\t\t\t<\/div>\n\t\t\t\t\t<\/div>\n\t\t<\/div>\n\t\t\t\t\t<\/div>\n\t\t<\/section>\n\t\t\t\t<section class=\"elementor-section elementor-top-section elementor-element elementor-element-516b967 elementor-section-boxed elementor-section-height-default elementor-section-height-default\" data-id=\"516b967\" data-element_type=\"section\" data-e-type=\"section\">\n\t\t\t\t\t\t<div class=\"elementor-container elementor-column-gap-default\">\n\t\t\t\t\t<div class=\"elementor-column elementor-col-100 elementor-top-column elementor-element elementor-element-f1ba20c\" data-id=\"f1ba20c\" data-element_type=\"column\" data-e-type=\"column\">\n\t\t\t<div class=\"elementor-widget-wrap elementor-element-populated\">\n\t\t\t\t\t\t<div class=\"elementor-element elementor-element-d8b2bc7 elementor-widget-divider--view-line elementor-widget elementor-widget-divider\" data-id=\"d8b2bc7\" data-element_type=\"widget\" data-e-type=\"widget\" data-widget_type=\"divider.default\">\n\t\t\t\t<div class=\"elementor-widget-container\">\n\t\t\t\t\t\t\t<div class=\"elementor-divider\">\n\t\t\t<span class=\"elementor-divider-separator\">\n\t\t\t\t\t\t<\/span>\n\t\t<\/div>\n\t\t\t\t\t\t<\/div>\n\t\t\t\t<\/div>\n\t\t\t\t\t<\/div>\n\t\t<\/div>\n\t\t\t\t\t<\/div>\n\t\t<\/section>\n\t\t\t\t<section class=\"elementor-section elementor-top-section elementor-element elementor-element-cebc7e9 elementor-section-boxed elementor-section-height-default elementor-section-height-default\" data-id=\"cebc7e9\" data-element_type=\"section\" data-e-type=\"section\">\n\t\t\t\t\t\t<div class=\"elementor-container elementor-column-gap-default\">\n\t\t\t\t\t<div class=\"elementor-column elementor-col-100 elementor-top-column elementor-element elementor-element-b008af3\" data-id=\"b008af3\" data-element_type=\"column\" data-e-type=\"column\">\n\t\t\t<div class=\"elementor-widget-wrap elementor-element-populated\">\n\t\t\t\t\t\t<div class=\"elementor-element elementor-element-5c48a5e elementor-widget elementor-widget-text-editor\" data-id=\"5c48a5e\" data-element_type=\"widget\" data-e-type=\"widget\" data-widget_type=\"text-editor.default\">\n\t\t\t\t<div class=\"elementor-widget-container\">\n\t\t\t\t\t\t\t\t\t<h3>CAP Protection juridique<\/h3><div><div><p><img decoding=\"async\" src=\"https:\/\/aeroclub.ch\/wp-content\/uploads\/2025\/02\/CAP_Logo_Web_NEW-300x194.png\" alt=\"\" width=\"130\" height=\"84\" \/><\/p><p><em>Une proc\u00e9dure p\u00e9nale et administrative sur le dos ? Un accident avec votre planeur ? L'assurance responsabilit\u00e9 civile de la partie adverse conteste l'obligation d'indemnisation ? Des ennuis avec votre employeur ? \u00a0<\/em><\/p><p>Lorsque l'on est impliqu\u00e9 dans un litige, les bons conseils sont litt\u00e9ralement chers. Les frais de justice et d'expertise peuvent rapidement d\u00e9passer plusieurs milliers de francs, les honoraires d'avocat (en moyenne 300 CHF par heure) sont une source d'inqui\u00e9tude - \u00e0 moins d'\u00eatre couvert par une assurance protection juridique !<\/p><p><strong>Profitez des offres sp\u00e9ciales de la CAP et construisez votre solution personnelle de protection juridique.<\/strong><\/p><p>En partenariat avec la CAP Assurance de Protection Juridique, l'A\u00e9ro-Club de Suisse offre \u00e0 ses membres la possibilit\u00e9 de s'assurer contre les risques dans les domaines priv\u00e9, routier et a\u00e9rien, et ce \u00e0 des primes attrayantes et avec d'excellentes prestations. Les produits suivants sont disponibles :<\/p><ul><li>Protection juridique circulation (couverture de base)<\/li><li>Protection juridique priv\u00e9e et circulation<\/li><li>Protection juridique immobili\u00e8re<\/li><li>Protection juridique du d\u00e9tenteur d'a\u00e9ronef<\/li><li>Protection juridique pilote \"Quick<\/li><\/ul><p><strong>D\u00e9pliant Protection juridique<\/strong><strong><br \/><\/strong><\/p><p>Pour que vous puissiez faire valoir vos droits sans risque de frais, une assurance vaut la peine dans tous les cas ! D'autant plus depuis l'introduction dans le Code de proc\u00e9dure civile de l'obligation pour le demandeur de faire l'avance des frais de justice pr\u00e9sum\u00e9s. Vous pouvez confier cette garantie \u00e0 la CAP en toute confiance. Les sp\u00e9cialistes de la CAP vous soutiennent d\u00e8s le d\u00e9but - rapidement et simplement. En outre, la CAP prend en charge les frais et d\u00e9marches suivants dans le cas juridique assur\u00e9 :<\/p><ul><li>Propres honoraires d'avocat<\/li><li>Honoraires d'avocats adverses<\/li><li>Frais de justice et d'enqu\u00eate<\/li><li>Frais d'expertise<\/li><li>Cautions p\u00e9nales<\/li><li>Frais de m\u00e9diation<\/li><\/ul><p><strong>La protection juridique des pilotes est d\u00e9sormais incluse gratuitement dans l'assurance.\u00a0\u00a0\u00a0\u00a0\u00a0\u00a0\u00a0\u00a0\u00a0\u00a0\u00a0\u00a0\u00a0\u00a0\u00a0\u00a0\u00a0\u00a0\u00a0\u00a0\u00a0\u00a0\u00a0\u00a0\u00a0\u00a0\u00a0\u00a0\u00a0\u00a0\u00a0\u00a0\u00a0\u00a0\u00a0\u00a0\u00a0\u00a0\u00a0\u00a0\u00a0\u00a0\u00a0\u00a0\u00a0\u00a0\u00a0\u00a0\u00a0\u00a0\u00a0\u00a0 \u00a0\u00a0\u00a0\u00a0\u00a0<\/strong><br \/>D\u00e8s maintenant, la protection juridique pilote est disponible dans la couverture de base Protection juridique circulation ainsi que dans le produit combin\u00e9 Protection juridique priv\u00e9e et circulation.\u00a0<strong>gratuit<\/strong>\u00a0sont \u00e9galement couverts.<\/p><p><strong>Informations juridiques gratuites fournies par CAP Protection Juridique.<\/strong><\/p><p>La CAP fournit \u00e0 tous les membres de l'A\u00e9CS des renseignements juridiques par t\u00e9l\u00e9phone sur le droit suisse dans le domaine priv\u00e9, ceci en compl\u00e9ment des renseignements juridiques gratuits en cas de questions et de probl\u00e8mes li\u00e9s \u00e0 l'aviation.<\/p><p><strong>Conseil juridique<\/strong><\/p><ul><li>les frais d'expertise et d'analyse ;<\/li><li>les frais de justice et d'arbitrage ;<\/li><li>Compensation des frais d'avocats ;<\/li><li>\u00e0 la suite d'un accident en vol ou au sol (y compris les a\u00e9ronefs en hangar) en cas de survenance de dommages<\/li><li>R\u00e9clamation en tant que partie l\u00e9s\u00e9e<\/li><li>les litiges contractuels avec les loueurs d'avions<\/li><li>D\u00e9fense dans le cadre de proc\u00e9dures p\u00e9nales et administratives pour non-respect des directives.<\/li><\/ul><p><strong>Nouvelle couverture compl\u00e9mentaire \u00e0 partir du 01.01.2018 : PROTECTION JURIDIQUE PLUS<\/strong><\/p><p>Compl\u00e9tez votre assurance protection juridique priv\u00e9e et circulation par des couvertures et prestations compl\u00e9mentaires int\u00e9ressantes.<\/p><p>Fermez le\u00a0<strong>PROTECTION JURIDIQUE PLUS<\/strong>\u00a0et b\u00e9n\u00e9ficiez d'une couverture suppl\u00e9mentaire dans les domaines suivants :<\/p><ul><li>Droit des associations<\/li><li>Droit douanier<\/li><li>Protection juridique du ma\u00eetre d'ouvrage<\/li><li>Droit scolaire<\/li><li>Protection juridique du propri\u00e9taire d'animaux<\/li><li>Protection juridique en cas de d\u00e9c\u00e8s<\/li><li>Droit de la protection de l'enfant et de l'adulte<\/li><li>Droit de la protection des donn\u00e9es<\/li><li>Conseil juridique All Risk<\/li><\/ul><p>Pour plus d'informations, consultez le\u00a0<strong><a href=\"https:\/\/cloud.hoststar.ch\/s\/GNYyBDKCWzbHytN\" target=\"_blank\" rel=\"noopener\">D\u00e9pliant<\/a><\/strong>\u00a0ainsi que des conditions g\u00e9n\u00e9rales d'assurance.<\/p><p>-&gt;\u00a0<em><strong><a style=\"font-size: 15px;\" href=\"https:\/\/www.cap.ch\/de\/privatkunden.html\" target=\"_blank\" rel=\"noopener\">https:\/\/www.cap.ch\/de\/privatkunden.html<\/a><\/strong><\/em><\/p><\/div><\/div>\t\t\t\t\t\t\t\t<\/div>\n\t\t\t\t<\/div>\n\t\t\t\t\t<\/div>\n\t\t<\/div>\n\t\t\t\t\t<\/div>\n\t\t<\/section>\n\t\t\t\t<section class=\"elementor-section elementor-top-section elementor-element elementor-element-b45fea0 elementor-section-boxed elementor-section-height-default elementor-section-height-default\" data-id=\"b45fea0\" data-element_type=\"section\" data-e-type=\"section\">\n\t\t\t\t\t\t<div class=\"elementor-container elementor-column-gap-default\">\n\t\t\t\t\t<div class=\"elementor-column elementor-col-100 elementor-top-column elementor-element elementor-element-1578384\" data-id=\"1578384\" data-element_type=\"column\" data-e-type=\"column\">\n\t\t\t<div class=\"elementor-widget-wrap elementor-element-populated\">\n\t\t\t\t\t\t<div class=\"elementor-element elementor-element-d73ed1c elementor-widget-divider--view-line elementor-widget elementor-widget-divider\" data-id=\"d73ed1c\" data-element_type=\"widget\" data-e-type=\"widget\" data-widget_type=\"divider.default\">\n\t\t\t\t<div class=\"elementor-widget-container\">\n\t\t\t\t\t\t\t<div class=\"elementor-divider\">\n\t\t\t<span class=\"elementor-divider-separator\">\n\t\t\t\t\t\t<\/span>\n\t\t<\/div>\n\t\t\t\t\t\t<\/div>\n\t\t\t\t<\/div>\n\t\t\t\t\t<\/div>\n\t\t<\/div>\n\t\t\t\t\t<\/div>\n\t\t<\/section>\n\t\t\t\t<section class=\"elementor-section elementor-top-section elementor-element elementor-element-77364271 elementor-section-boxed elementor-section-height-default elementor-section-height-default\" data-id=\"77364271\" data-element_type=\"section\" data-e-type=\"section\">\n\t\t\t\t\t\t<div class=\"elementor-container elementor-column-gap-default\">\n\t\t\t\t\t<div class=\"elementor-column elementor-col-33 elementor-top-column elementor-element elementor-element-4b8b914c\" data-id=\"4b8b914c\" data-element_type=\"column\" data-e-type=\"column\">\n\t\t\t<div class=\"elementor-widget-wrap elementor-element-populated\">\n\t\t\t\t\t\t<div class=\"elementor-element elementor-element-4a2d29f2 elementor-widget elementor-widget-text-editor\" data-id=\"4a2d29f2\" data-element_type=\"widget\" data-e-type=\"widget\" data-widget_type=\"text-editor.default\">\n\t\t\t\t<div class=\"elementor-widget-container\">\n\t\t\t\t\t\t\t\t\t<p><b>A\u00e9ro-Club de Suisse<br \/><\/b>Maihofstrasse 76<br \/>6006 Lucerne<\/p>\t\t\t\t\t\t\t\t<\/div>\n\t\t\t\t<\/div>\n\t\t\t\t\t<\/div>\n\t\t<\/div>\n\t\t\t\t<div class=\"elementor-column elementor-col-33 elementor-top-column elementor-element elementor-element-9f2f83a\" data-id=\"9f2f83a\" data-element_type=\"column\" data-e-type=\"column\">\n\t\t\t<div class=\"elementor-widget-wrap elementor-element-populated\">\n\t\t\t\t\t\t<div class=\"elementor-element elementor-element-2bc2465 elementor-widget elementor-widget-text-editor\" data-id=\"2bc2465\" data-element_type=\"widget\" data-e-type=\"widget\" data-widget_type=\"text-editor.default\">\n\t\t\t\t<div class=\"elementor-widget-container\">\n\t\t\t\t\t\t\t\t\t<p style=\"text-align: center;\">T : +41 41 375 01 01<br \/>F : +41 41 375 01 02<\/p>\t\t\t\t\t\t\t\t<\/div>\n\t\t\t\t<\/div>\n\t\t\t\t\t<\/div>\n\t\t<\/div>\n\t\t\t\t<div class=\"elementor-column elementor-col-33 elementor-top-column elementor-element elementor-element-7855edb6\" data-id=\"7855edb6\" data-element_type=\"column\" data-e-type=\"column\">\n\t\t\t<div class=\"elementor-widget-wrap elementor-element-populated\">\n\t\t\t\t\t\t<div class=\"elementor-element elementor-element-63a87139 elementor-widget elementor-widget-text-editor\" data-id=\"63a87139\" data-element_type=\"widget\" data-e-type=\"widget\" data-widget_type=\"text-editor.default\">\n\t\t\t\t<div class=\"elementor-widget-container\">\n\t\t\t\t\t\t\t\t\t<p style=\"text-align: right;\"><a class=\"link-hover\" href=\"mailto:info@aeroclub.ch\">info@aeroclub.ch<\/a><br \/><a href=\"https:\/\/aeroclub.ch\/fr\/\" rel=\"noopener\">www.aeroclub.ch<\/a><\/p>\t\t\t\t\t\t\t\t<\/div>\n\t\t\t\t<\/div>\n\t\t\t\t\t<\/div>\n\t\t<\/div>\n\t\t\t\t\t<\/div>\n\t\t<\/section>\n\t\t\t\t<\/div>","protected":false},"excerpt":{"rendered":"<p>Assurance AFS B\u00e9n\u00e9ficiez de r\u00e9ductions sur les assurances en tant que membre de l'A\u00e9ro-Club de Suisse L'A\u00e9ro-Club de Suisse cr\u00e9e, gr\u00e2ce \u00e0 des contrats de r\u00e9duction avec des compagnies d'assurance, une<\/p>","protected":false},"author":1,"featured_media":0,"parent":120,"menu_order":0,"comment_status":"closed","ping_status":"closed","template":"","meta":{"footnotes":""},"class_list":["post-404","page","type-page","status-publish","hentry"],"_links":{"self":[{"href":"https:\/\/aeroclub.ch\/fr\/wp-json\/wp\/v2\/pages\/404","targetHints":{"allow":["GET"]}}],"collection":[{"href":"https:\/\/aeroclub.ch\/fr\/wp-json\/wp\/v2\/pages"}],"about":[{"href":"https:\/\/aeroclub.ch\/fr\/wp-json\/wp\/v2\/types\/page"}],"author":[{"embeddable":true,"href":"https:\/\/aeroclub.ch\/fr\/wp-json\/wp\/v2\/users\/1"}],"replies":[{"embeddable":true,"href":"https:\/\/aeroclub.ch\/fr\/wp-json\/wp\/v2\/comments?post=404"}],"version-history":[{"count":0,"href":"https:\/\/aeroclub.ch\/fr\/wp-json\/wp\/v2\/pages\/404\/revisions"}],"up":[{"embeddable":true,"href":"https:\/\/aeroclub.ch\/fr\/wp-json\/wp\/v2\/pages\/120"}],"wp:attachment":[{"href":"https:\/\/aeroclub.ch\/fr\/wp-json\/wp\/v2\/media?parent=404"}],"curies":[{"name":"wp","href":"https:\/\/api.w.org\/{rel}","templated":true}]}}