{"id":400,"date":"2024-09-03T14:56:50","date_gmt":"2024-09-03T12:56:50","guid":{"rendered":"https:\/\/bogehiwo.cyon.site\/?page_id=400"},"modified":"2024-10-16T14:41:35","modified_gmt":"2024-10-16T12:41:35","slug":"adressverwaltung-per-mail","status":"publish","type":"page","link":"https:\/\/aeroclub.ch\/fr\/myaecs\/adressverwaltung-per-mail\/","title":{"rendered":"Gestion des adresses par e-mail"},"content":{"rendered":"<div data-elementor-type=\"wp-page\" data-elementor-id=\"400\" class=\"elementor elementor-400\" data-elementor-post-type=\"page\">\n\t\t\t\t\t\t<section class=\"elementor-section elementor-top-section elementor-element elementor-element-3d7c80d elementor-section-boxed elementor-section-height-default elementor-section-height-default\" data-id=\"3d7c80d\" data-element_type=\"section\" data-e-type=\"section\">\n\t\t\t\t\t\t<div class=\"elementor-container elementor-column-gap-default\">\n\t\t\t\t\t<div class=\"elementor-column elementor-col-100 elementor-top-column elementor-element elementor-element-3d6e43d\" data-id=\"3d6e43d\" data-element_type=\"column\" data-e-type=\"column\">\n\t\t\t<div class=\"elementor-widget-wrap elementor-element-populated\">\n\t\t\t\t\t\t<div class=\"elementor-element elementor-element-86de613 elementor-widget elementor-widget-text-editor\" data-id=\"86de613\" data-element_type=\"widget\" data-e-type=\"widget\" data-widget_type=\"text-editor.default\">\n\t\t\t\t<div class=\"elementor-widget-container\">\n\t\t\t\t\t\t\t\t\t<p>Vous avez chang\u00e9 d'adresse ou de num\u00e9ro de t\u00e9l\u00e9phone ? Dans ce cas, nous serions heureux que vous nous le communiquiez :<\/p>\t\t\t\t\t\t\t\t<\/div>\n\t\t\t\t<\/div>\n\t\t\t\t\t<\/div>\n\t\t<\/div>\n\t\t\t\t\t<\/div>\n\t\t<\/section>\n\t\t\t\t<section class=\"elementor-section elementor-top-section elementor-element elementor-element-4d5e868 elementor-section-boxed elementor-section-height-default elementor-section-height-default\" data-id=\"4d5e868\" data-element_type=\"section\" data-e-type=\"section\">\n\t\t\t\t\t\t<div class=\"elementor-container elementor-column-gap-default\">\n\t\t\t\t\t<div class=\"elementor-column elementor-col-100 elementor-top-column elementor-element elementor-element-7e90dc9\" data-id=\"7e90dc9\" data-element_type=\"column\" data-e-type=\"column\">\n\t\t\t<div class=\"elementor-widget-wrap elementor-element-populated\">\n\t\t\t\t\t\t\t<\/div>\n\t\t<\/div>\n\t\t\t\t\t<\/div>\n\t\t<\/section>\n\t\t\t\t<section class=\"elementor-section elementor-top-section elementor-element elementor-element-ee048eb elementor-section-boxed elementor-section-height-default elementor-section-height-default\" data-id=\"ee048eb\" data-element_type=\"section\" data-e-type=\"section\">\n\t\t\t\t\t\t<div class=\"elementor-container elementor-column-gap-default\">\n\t\t\t\t\t<div class=\"elementor-column elementor-col-100 elementor-top-column elementor-element elementor-element-e7260f1\" data-id=\"e7260f1\" data-element_type=\"column\" data-e-type=\"column\">\n\t\t\t<div class=\"elementor-widget-wrap elementor-element-populated\">\n\t\t\t\t\t\t<div class=\"elementor-element elementor-element-b829a1a elementor-widget elementor-widget-everest-forms\" data-id=\"b829a1a\" data-element_type=\"widget\" data-e-type=\"widget\" data-widget_type=\"everest-forms.default\">\n\t\t\t\t<div class=\"elementor-widget-container\">\n\t\t\t\t\t\t\t\t<div class=\"everest-forms\"><div class=\"evf-container default\" id=\"evf-1893\"><form id=\"evf-form-1893\" class=\"everest-form\" data-formid=\"1893\" data-ajax_submission=\"0\" data-keyboard_friendly_form=\"0\" method=\"post\" enctype=\"multipart\/form-data\" action=\"\/fr\/wp-json\/wp\/v2\/pages\/400\" data-trp-original-action=\"\/fr\/wp-json\/wp\/v2\/pages\/400\"><div class=\"evf-field-container\"><input type=\"hidden\" id=\"_wpnonce1893\" name=\"_wpnonce1893\" value=\"19b7dcd4dc\" \/><input type=\"hidden\" name=\"_wp_http_referer\" value=\"\/fr\/wp-json\/wp\/v2\/pages\/400\" \/><div class=\"evf-frontend-row\" data-row=\"row_2\" conditional_rules=\"[]\"><div class=\"evf-frontend-grid evf-grid-1\" data-grid=\"grid_1\"><div id=\"evf-1893-field_z7xvlHf4lC-3-container\" class=\"evf-field evf-field-number form-row\" data-field-id=\"z7xvlHf4lC-3\"><label class=\"evf-field-label\" for=\"evf-1893-field_z7xvlHf4lC-3\"><span class=\"evf-label\">Num\u00e9ro de membre de l'A\u00e9CS (visible sur la carte de membre)<\/span> <\/label><input type=\"number\" id=\"evf-1893-field_z7xvlHf4lC-3\" class=\"input-text\" name=\"everest_forms[form_fields][z7xvlHf4lC-3]\" step=\"1\" \/><\/div><\/div><\/div><div class=\"evf-frontend-row\" data-row=\"row_1\" conditional_rules=\"[]\"><div class=\"evf-frontend-grid evf-grid-2\" data-grid=\"grid_1\"><div id=\"evf-1893-field_8lFbEA9QnJ-1-container\" class=\"evf-field evf-field-text form-row validate-required\" data-required-field-message=\"This field is required.\" data-field-id=\"8lFbEA9QnJ-1\"><label class=\"evf-field-label\" for=\"evf-1893-field_8lFbEA9QnJ-1\"><span class=\"evf-label\">Nom<\/span> <abbr class=\"required\" title=\"Required\">*<\/abbr><\/label><input type=\"text\" id=\"evf-1893-field_8lFbEA9QnJ-1\" class=\"input-text\" name=\"everest_forms[form_fields][8lFbEA9QnJ-1]\" required><\/div><\/div><div class=\"evf-frontend-grid evf-grid-2\" data-grid=\"grid_2\"><div id=\"evf-1893-field_Bril7buUwF-2-container\" class=\"evf-field evf-field-text form-row validate-required\" data-required-field-message=\"This field is required.\" data-field-id=\"Bril7buUwF-2\"><label class=\"evf-field-label\" for=\"evf-1893-field_Bril7buUwF-2\"><span class=\"evf-label\">Pr\u00e9nom<\/span> <abbr class=\"required\" title=\"Required\">*<\/abbr><\/label><input type=\"text\" id=\"evf-1893-field_Bril7buUwF-2\" class=\"input-text\" name=\"everest_forms[form_fields][Bril7buUwF-2]\" required><\/div><\/div><\/div><div class=\"evf-frontend-row\" data-row=\"row_9\" conditional_rules=\"[]\"><div class=\"evf-frontend-grid evf-grid-2\" data-grid=\"grid_1\"><div id=\"evf-1893-field_SSYrjtgX27-4-container\" class=\"evf-field evf-field-text form-row validate-required\" data-required-field-message=\"This field is required.\" data-field-id=\"SSYrjtgX27-4\"><label class=\"evf-field-label\" for=\"evf-1893-field_SSYrjtgX27-4\"><span class=\"evf-label\">Rue &amp; n\u00b0 (ancien)<\/span> <abbr class=\"required\" title=\"Required\">*<\/abbr><\/label><input type=\"text\" id=\"evf-1893-field_SSYrjtgX27-4\" class=\"input-text\" name=\"everest_forms[form_fields][SSYrjtgX27-4]\" required><\/div><\/div><div class=\"evf-frontend-grid evf-grid-2\" data-grid=\"grid_2\"><div id=\"evf-1893-field_EWyIdIN3OY-5-container\" class=\"evf-field evf-field-text form-row validate-required\" data-required-field-message=\"This field is required.\" data-field-id=\"EWyIdIN3OY-5\"><label class=\"evf-field-label\" for=\"evf-1893-field_EWyIdIN3OY-5\"><span class=\"evf-label\">Code postal \/ Ville (ancien)<\/span> <abbr class=\"required\" title=\"Required\">*<\/abbr><\/label><input type=\"text\" id=\"evf-1893-field_EWyIdIN3OY-5\" class=\"input-text\" name=\"everest_forms[form_fields][EWyIdIN3OY-5]\" required><\/div><\/div><\/div><div class=\"evf-frontend-row\" data-row=\"row_3\" conditional_rules=\"[]\"><div class=\"evf-frontend-grid evf-grid-2\" data-grid=\"grid_1\"><div id=\"evf-1893-field_zJF3ZT6D5z-10-container\" class=\"evf-field evf-field-text form-row validate-required\" data-required-field-message=\"This field is required.\" data-field-id=\"zJF3ZT6D5z-10\"><label class=\"evf-field-label\" for=\"evf-1893-field_zJF3ZT6D5z-10\"><span class=\"evf-label\">Rue &amp; n\u00b0 (nouveau)<\/span> <abbr class=\"required\" title=\"Required\">*<\/abbr><\/label><input type=\"text\" id=\"evf-1893-field_zJF3ZT6D5z-10\" class=\"input-text\" name=\"everest_forms[form_fields][zJF3ZT6D5z-10]\" required><\/div><\/div><div class=\"evf-frontend-grid evf-grid-2\" data-grid=\"grid_2\"><div id=\"evf-1893-field_GEgtAIdlgd-11-container\" class=\"evf-field evf-field-text form-row validate-required\" data-required-field-message=\"This field is required.\" data-field-id=\"GEgtAIdlgd-11\"><label class=\"evf-field-label\" for=\"evf-1893-field_GEgtAIdlgd-11\"><span class=\"evf-label\">Code postal \/ Ville (nouveau)<\/span> <abbr class=\"required\" title=\"Required\">*<\/abbr><\/label><input type=\"text\" id=\"evf-1893-field_GEgtAIdlgd-11\" class=\"input-text\" name=\"everest_forms[form_fields][GEgtAIdlgd-11]\" required><\/div><\/div><\/div><div class=\"evf-frontend-row\" data-row=\"row_8\" conditional_rules=\"[]\"><div class=\"evf-frontend-grid evf-grid-2\" data-grid=\"grid_1\"><div id=\"evf-1893-field_lESOZtAMzg-12-container\" class=\"evf-field evf-field-text form-row\" data-field-id=\"lESOZtAMzg-12\"><label class=\"evf-field-label\" for=\"evf-1893-field_lESOZtAMzg-12\"><span class=\"evf-label\">T\u00e9l\u00e9phone priv\u00e9<\/span> <\/label><input type=\"text\" id=\"evf-1893-field_lESOZtAMzg-12\" class=\"input-text\" name=\"everest_forms[form_fields][lESOZtAMzg-12]\" ><\/div><\/div><div class=\"evf-frontend-grid evf-grid-2\" data-grid=\"grid_2\"><div id=\"evf-1893-field_tqiib51EIN-13-container\" class=\"evf-field evf-field-text form-row\" data-field-id=\"tqiib51EIN-13\"><label class=\"evf-field-label\" for=\"evf-1893-field_tqiib51EIN-13\"><span class=\"evf-label\">T\u00e9l\u00e9phone bureau<\/span> <\/label><input type=\"text\" id=\"evf-1893-field_tqiib51EIN-13\" class=\"input-text\" name=\"everest_forms[form_fields][tqiib51EIN-13]\" ><\/div><\/div><\/div><div class=\"evf-frontend-row\" data-row=\"row_7\" conditional_rules=\"[]\"><div class=\"evf-frontend-grid evf-grid-2\" data-grid=\"grid_1\"><div id=\"evf-1893-field_k6PxLHwwGy-14-container\" class=\"evf-field evf-field-text form-row\" data-field-id=\"k6PxLHwwGy-14\"><label class=\"evf-field-label\" for=\"evf-1893-field_k6PxLHwwGy-14\"><span class=\"evf-label\">Fax priv\u00e9<\/span> <\/label><input type=\"text\" id=\"evf-1893-field_k6PxLHwwGy-14\" class=\"input-text\" name=\"everest_forms[form_fields][k6PxLHwwGy-14]\" ><\/div><\/div><div class=\"evf-frontend-grid evf-grid-2\" data-grid=\"grid_2\"><div id=\"evf-1893-field_m0LIKDC2x3-15-container\" class=\"evf-field evf-field-text form-row\" data-field-id=\"m0LIKDC2x3-15\"><label class=\"evf-field-label\" for=\"evf-1893-field_m0LIKDC2x3-15\"><span class=\"evf-label\">Fax bureau<\/span> <\/label><input type=\"text\" id=\"evf-1893-field_m0LIKDC2x3-15\" class=\"input-text\" name=\"everest_forms[form_fields][m0LIKDC2x3-15]\" ><\/div><\/div><\/div><div class=\"evf-frontend-row\" data-row=\"row_6\" conditional_rules=\"[]\"><div class=\"evf-frontend-grid evf-grid-2\" data-grid=\"grid_1\"><div id=\"evf-1893-field_3YeAdaW2OG-16-container\" class=\"evf-field evf-field-text form-row\" data-field-id=\"3YeAdaW2OG-16\"><label class=\"evf-field-label\" for=\"evf-1893-field_3YeAdaW2OG-16\"><span class=\"evf-label\">Mobile<\/span> <\/label><input type=\"text\" id=\"evf-1893-field_3YeAdaW2OG-16\" class=\"input-text\" name=\"everest_forms[form_fields][3YeAdaW2OG-16]\" ><\/div><\/div><div class=\"evf-frontend-grid evf-grid-2\" data-grid=\"grid_2\"><div id=\"evf-1893-field_xGmTraVf91-17-container\" class=\"evf-field evf-field-email form-row validate-required validate-email\" data-required-field-message=\"Please enter a valid email address.\" data-field-id=\"xGmTraVf91-17\"><label class=\"evf-field-label\" for=\"evf-1893-field_xGmTraVf91-17\"><span class=\"evf-label\">Email<\/span> <abbr class=\"required\" title=\"Required\">*<\/abbr><\/label><input type=\"email\" id=\"evf-1893-field_xGmTraVf91-17\" class=\"input-text\" name=\"everest_forms[form_fields][xGmTraVf91-17]\" required><\/div><\/div><\/div><div class=\"evf-frontend-row\" data-row=\"row_5\" conditional_rules=\"[]\"><div class=\"evf-frontend-grid evf-grid-2\" data-grid=\"grid_1\"><div id=\"evf-1893-field_cm50bydg8z-8-container\" class=\"evf-field evf-field-select form-row validate-required\" data-required-field-message=\"This field is required.\" data-field-id=\"cm50bydg8z-8\"><label class=\"evf-field-label\" for=\"evf-1893-field_cm50bydg8z-8\"><span class=\"evf-label\">Correspondance<\/span> <abbr class=\"required\" title=\"Required\">*<\/abbr><\/label><select id=\"evf-1893-field_cm50bydg8z-8\" class=\"input-text evf-field-required\" name=\"everest_forms[form_fields][cm50bydg8z-8]\" required=\"required\" ><option value=\"Deutsch\" >Allemand<\/option><option value=\"Fran\u00e7ais\" >Fran\u00e7ais<\/option><option value=\"Italiano\" >Italiano<\/option><\/select><\/div><\/div><div class=\"evf-frontend-grid evf-grid-2\" data-grid=\"grid_2\"><div id=\"evf-1893-field_A99XN6zrJO-9-container\" class=\"evf-field evf-field-date-time form-row validate-required\" data-required-field-message=\"This field is required.\" data-field-id=\"A99XN6zrJO-9\"><label class=\"evf-field-label\" for=\"evf-1893-field_A99XN6zrJO-9\"><span class=\"evf-label\">Valable \u00e0 partir du :<\/span> <abbr class=\"required\" title=\"Required\">*<\/abbr><\/label><input type=\"text\" id=\"evf-1893-field_A99XN6zrJO-9\" class=\"flatpickr-field input-text\" name=\"everest_forms[form_fields][A99XN6zrJO-9]\" value=\"18\/04\/2026\" data-time-interval=\"15\" data-date-time=\"date\" data-mode=\"single\" data-locale=\"de\" data-date-format=\"d\/m\/Y\" required><\/div><\/div><\/div><div class=\"evf-frontend-row\" data-row=\"row_4\" conditional_rules=\"[]\"><div class=\"evf-frontend-grid evf-grid-2\" data-grid=\"grid_1\"><div id=\"evf-1893-field_t4a7X9OoWz-18-container\" class=\"evf-field evf-field-checkbox form-row validate-required\" data-required-field-message=\"This field is required.\" data-field-id=\"t4a7X9OoWz-18\"><label class=\"evf-field-label\" for=\"evf-1893-field_t4a7X9OoWz-18\"><span class=\"evf-label\">Mes informations sont correctes<\/span> <abbr class=\"required\" title=\"Required\">*<\/abbr><\/label><ul id=\"evf-1893-field_t4a7X9OoWz-18\" class=\"evf-field-required\"><li class=\"choice-1 depth-1\"><input type=\"checkbox\" id=\"evf-1893-field_t4a7X9OoWz-18_1\" class=\"input-text\" name=\"everest_forms[form_fields][t4a7X9OoWz-18][]\" value=\"Ja\" required><label class=\"everest-forms-field-label-inline\" for=\"evf-1893-field_t4a7X9OoWz-18_1\">Oui<\/label><\/li><\/ul><\/div><\/div><div class=\"evf-frontend-grid evf-grid-2\" data-grid=\"grid_2\"><\/div><\/div><\/div><div class=\"evf-honeypot-container evf-field-hp\"><label for=\"evf-1893-field-hp\" class=\"evf-field-label\">Site web<\/label><input type=\"text\" name=\"everest_forms[hp]\" id=\"evf-1893-field-hp\" class=\"input-text\"><\/div><div class=\"evf-submit-container\" ><input type=\"hidden\" name=\"everest_forms[id]\" value=\"1893\"><input type=\"hidden\" name=\"everest_forms[author]\" value=\"1\"><button type='submit' name='everest_forms[submit]' class='everest-forms-submit-button button evf-submit' id='evf-submit-1893' value='evf-submit' data-process-text=\"Processing\u2026\" conditional_rules='&quot;&quot;' conditional_id='evf-submit-1893'  aria-live=\"assertive\">Envoyer<\/button><\/div><input type=\"hidden\" name=\"trp-form-language\" value=\"fr\"\/><\/form><\/div><!-- .evf-container --><\/div>\t\t\t\t\t\t<\/div>\n\t\t\t\t<\/div>\n\t\t\t\t\t<\/div>\n\t\t<\/div>\n\t\t\t\t\t<\/div>\n\t\t<\/section>\n\t\t\t\t<section class=\"elementor-section elementor-top-section elementor-element elementor-element-d95a5f7 elementor-section-boxed elementor-section-height-default elementor-section-height-default\" data-id=\"d95a5f7\" data-element_type=\"section\" data-e-type=\"section\">\n\t\t\t\t\t\t<div class=\"elementor-container elementor-column-gap-default\">\n\t\t\t\t\t<div class=\"elementor-column elementor-col-100 elementor-top-column elementor-element elementor-element-a5cc428\" data-id=\"a5cc428\" data-element_type=\"column\" data-e-type=\"column\">\n\t\t\t<div class=\"elementor-widget-wrap elementor-element-populated\">\n\t\t\t\t\t\t<div class=\"elementor-element elementor-element-eee2040 elementor-widget-divider--view-line elementor-widget elementor-widget-divider\" data-id=\"eee2040\" data-element_type=\"widget\" data-e-type=\"widget\" data-widget_type=\"divider.default\">\n\t\t\t\t<div class=\"elementor-widget-container\">\n\t\t\t\t\t\t\t<div class=\"elementor-divider\">\n\t\t\t<span class=\"elementor-divider-separator\">\n\t\t\t\t\t\t<\/span>\n\t\t<\/div>\n\t\t\t\t\t\t<\/div>\n\t\t\t\t<\/div>\n\t\t\t\t\t<\/div>\n\t\t<\/div>\n\t\t\t\t\t<\/div>\n\t\t<\/section>\n\t\t\t\t<section class=\"elementor-section elementor-top-section elementor-element elementor-element-47b72592 elementor-section-boxed elementor-section-height-default elementor-section-height-default\" data-id=\"47b72592\" data-element_type=\"section\" data-e-type=\"section\">\n\t\t\t\t\t\t<div class=\"elementor-container elementor-column-gap-default\">\n\t\t\t\t\t<div class=\"elementor-column elementor-col-33 elementor-top-column elementor-element elementor-element-36bdf475\" data-id=\"36bdf475\" data-element_type=\"column\" data-e-type=\"column\">\n\t\t\t<div class=\"elementor-widget-wrap elementor-element-populated\">\n\t\t\t\t\t\t<div class=\"elementor-element elementor-element-5473d5fa elementor-widget elementor-widget-text-editor\" data-id=\"5473d5fa\" data-element_type=\"widget\" data-e-type=\"widget\" data-widget_type=\"text-editor.default\">\n\t\t\t\t<div class=\"elementor-widget-container\">\n\t\t\t\t\t\t\t\t\t<p><b>A\u00e9ro-Club de Suisse<br \/><\/b>Gestion des membres<br \/>Maihofstrasse 76<br \/>6006 Lucerne<\/p>\t\t\t\t\t\t\t\t<\/div>\n\t\t\t\t<\/div>\n\t\t\t\t\t<\/div>\n\t\t<\/div>\n\t\t\t\t<div class=\"elementor-column elementor-col-33 elementor-top-column elementor-element elementor-element-3f15f62\" data-id=\"3f15f62\" data-element_type=\"column\" data-e-type=\"column\">\n\t\t\t<div class=\"elementor-widget-wrap elementor-element-populated\">\n\t\t\t\t\t\t<div class=\"elementor-element elementor-element-168a9a1f elementor-widget elementor-widget-text-editor\" data-id=\"168a9a1f\" data-element_type=\"widget\" data-e-type=\"widget\" data-widget_type=\"text-editor.default\">\n\t\t\t\t<div class=\"elementor-widget-container\">\n\t\t\t\t\t\t\t\t\t<p style=\"text-align: center;\">T : +41 41 375 01 15<br \/>F : +41 41 375 01 02<\/p>\t\t\t\t\t\t\t\t<\/div>\n\t\t\t\t<\/div>\n\t\t\t\t\t<\/div>\n\t\t<\/div>\n\t\t\t\t<div class=\"elementor-column elementor-col-33 elementor-top-column elementor-element elementor-element-72f0ec26\" data-id=\"72f0ec26\" data-element_type=\"column\" data-e-type=\"column\">\n\t\t\t<div class=\"elementor-widget-wrap elementor-element-populated\">\n\t\t\t\t\t\t<div class=\"elementor-element elementor-element-389ec3e8 elementor-widget elementor-widget-text-editor\" data-id=\"389ec3e8\" data-element_type=\"widget\" data-e-type=\"widget\" data-widget_type=\"text-editor.default\">\n\t\t\t\t<div class=\"elementor-widget-container\">\n\t\t\t\t\t\t\t\t\t<p style=\"text-align: right;\"><a class=\"link-hover\" href=\"mailto:mitglieder@aeroclub.ch\" target=\"_blank\" rel=\"noopener\">mitglieder@aeroclub.ch<\/a><br \/><a href=\"https:\/\/aeroclub.ch\/fr\/\" target=\"_blank\" rel=\"noopener\">www.aeroclub.ch<\/a><\/p>\t\t\t\t\t\t\t\t<\/div>\n\t\t\t\t<\/div>\n\t\t\t\t\t<\/div>\n\t\t<\/div>\n\t\t\t\t\t<\/div>\n\t\t<\/section>\n\t\t\t\t<\/div>","protected":false},"excerpt":{"rendered":"<p>Vous avez chang\u00e9 d'adresse ou de num\u00e9ro de t\u00e9l\u00e9phone ? Dans ce cas, nous serions heureux que vous nous le communiquiez : Num\u00e9ro de membre de l'A\u00e9CS<\/p>","protected":false},"author":1,"featured_media":0,"parent":120,"menu_order":0,"comment_status":"closed","ping_status":"closed","template":"","meta":{"footnotes":""},"class_list":["post-400","page","type-page","status-publish","hentry"],"_links":{"self":[{"href":"https:\/\/aeroclub.ch\/fr\/wp-json\/wp\/v2\/pages\/400","targetHints":{"allow":["GET"]}}],"collection":[{"href":"https:\/\/aeroclub.ch\/fr\/wp-json\/wp\/v2\/pages"}],"about":[{"href":"https:\/\/aeroclub.ch\/fr\/wp-json\/wp\/v2\/types\/page"}],"author":[{"embeddable":true,"href":"https:\/\/aeroclub.ch\/fr\/wp-json\/wp\/v2\/users\/1"}],"replies":[{"embeddable":true,"href":"https:\/\/aeroclub.ch\/fr\/wp-json\/wp\/v2\/comments?post=400"}],"version-history":[{"count":0,"href":"https:\/\/aeroclub.ch\/fr\/wp-json\/wp\/v2\/pages\/400\/revisions"}],"up":[{"embeddable":true,"href":"https:\/\/aeroclub.ch\/fr\/wp-json\/wp\/v2\/pages\/120"}],"wp:attachment":[{"href":"https:\/\/aeroclub.ch\/fr\/wp-json\/wp\/v2\/media?parent=400"}],"curies":[{"name":"wp","href":"https:\/\/api.w.org\/{rel}","templated":true}]}}