{"id":27014,"date":"2026-04-10T13:38:15","date_gmt":"2026-04-10T11:38:15","guid":{"rendered":"https:\/\/aeroclub.ch\/?page_id=27014"},"modified":"2026-05-11T06:22:02","modified_gmt":"2026-05-11T04:22:02","slug":"tickets26","status":"publish","type":"page","link":"https:\/\/aeroclub.ch\/fr\/tickets26\/","title":{"rendered":"2026_Tickets"},"content":{"rendered":"<div data-elementor-type=\"wp-page\" data-elementor-id=\"27014\" class=\"elementor elementor-27014\" data-elementor-post-type=\"page\">\n\t\t\t\t\t\t<section class=\"elementor-section elementor-top-section elementor-element elementor-element-d83c23b elementor-section-boxed elementor-section-height-default elementor-section-height-default\" data-id=\"d83c23b\" data-element_type=\"section\" data-e-type=\"section\">\n\t\t\t\t\t\t<div class=\"elementor-container elementor-column-gap-default\">\n\t\t\t\t\t<div class=\"elementor-column elementor-col-100 elementor-top-column elementor-element elementor-element-09aad2a\" data-id=\"09aad2a\" data-element_type=\"column\" data-e-type=\"column\">\n\t\t\t<div class=\"elementor-widget-wrap elementor-element-populated\">\n\t\t\t\t\t\t<div class=\"elementor-element elementor-element-e044e16 elementor-widget elementor-widget-image\" data-id=\"e044e16\" data-element_type=\"widget\" data-e-type=\"widget\" data-widget_type=\"image.default\">\n\t\t\t\t<div class=\"elementor-widget-container\">\n\t\t\t\t\t\t\t\t\t\t\t\t\t\t\t\t<a href=\"https:\/\/100jahreflugplatz.ch\/\">\n\t\t\t\t\t\t\t<img decoding=\"async\" width=\"800\" height=\"384\" src=\"https:\/\/aeroclub.ch\/wp-content\/uploads\/2026\/04\/Tickets26-1024x492.webp\" class=\"attachment-large size-large wp-image-27020\" alt=\"\" srcset=\"https:\/\/aeroclub.ch\/wp-content\/uploads\/2026\/04\/Tickets26-1024x492.webp 1024w, https:\/\/aeroclub.ch\/wp-content\/uploads\/2026\/04\/Tickets26-300x144.webp 300w, https:\/\/aeroclub.ch\/wp-content\/uploads\/2026\/04\/Tickets26-768x369.webp 768w, https:\/\/aeroclub.ch\/wp-content\/uploads\/2026\/04\/Tickets26-1536x739.webp 1536w, https:\/\/aeroclub.ch\/wp-content\/uploads\/2026\/04\/Tickets26-2048x985.webp 2048w, https:\/\/aeroclub.ch\/wp-content\/uploads\/2026\/04\/Tickets26-18x9.webp 18w, https:\/\/aeroclub.ch\/wp-content\/uploads\/2026\/04\/Tickets26-350x168.webp 350w, https:\/\/aeroclub.ch\/wp-content\/uploads\/2026\/04\/Tickets26-1100x529.webp 1100w\" sizes=\"(max-width: 800px) 100vw, 800px\" \/>\t\t\t\t\t\t\t\t<\/a>\n\t\t\t\t\t\t\t\t\t\t\t\t\t\t\t<\/div>\n\t\t\t\t<\/div>\n\t\t\t\t\t<\/div>\n\t\t<\/div>\n\t\t\t\t\t<\/div>\n\t\t<\/section>\n\t\t\t\t<section class=\"elementor-section elementor-top-section elementor-element elementor-element-b1a21ee elementor-section-boxed elementor-section-height-default elementor-section-height-default\" data-id=\"b1a21ee\" data-element_type=\"section\" data-e-type=\"section\">\n\t\t\t\t\t\t<div class=\"elementor-container elementor-column-gap-default\">\n\t\t\t\t\t<div class=\"elementor-column elementor-col-100 elementor-top-column elementor-element elementor-element-dba9ab5\" data-id=\"dba9ab5\" data-element_type=\"column\" data-e-type=\"column\">\n\t\t\t<div class=\"elementor-widget-wrap elementor-element-populated\">\n\t\t\t\t\t\t<div class=\"elementor-element elementor-element-f9788de elementor-widget elementor-widget-text-editor\" data-id=\"f9788de\" data-element_type=\"widget\" data-e-type=\"widget\" data-widget_type=\"text-editor.default\">\n\t\t\t\t<div class=\"elementor-widget-container\">\n\t\t\t\t\t\t\t\t\t<h2><strong>Wettbewerb 125 Gratistickets Flugshow Altenrhein<\/strong><\/h2><p>\u00a0<\/p><p>Der Aero-Club der Schweiz feiert sein 125-Jahr-Jubil\u00e4um und der Flugplatz Altenrhein wird 100 Jahre alt. Aus diesem Grund verlost der AeCS 125 Gratis-Eintageseintritte f\u00fcr die Airshow Altenrhein vom 28. bis 30. August, 2026. Damit Sie ein Gratisticket erhalten, m\u00fcssen Sie allerdings einen kleinen Wettbewerb ausf\u00fcllen. Die ersten 125 richtigen Antworten erhalten einen Code, mit dem Sie einen Eintritt (ohne Parkschein) erhalten.\u00a0<\/p>\t\t\t\t\t\t\t\t<\/div>\n\t\t\t\t<\/div>\n\t\t\t\t\t<\/div>\n\t\t<\/div>\n\t\t\t\t\t<\/div>\n\t\t<\/section>\n\t\t\t\t<section class=\"elementor-section elementor-top-section elementor-element elementor-element-95fbca3 elementor-section-boxed elementor-section-height-default elementor-section-height-default\" data-id=\"95fbca3\" data-element_type=\"section\" data-e-type=\"section\">\n\t\t\t\t\t\t<div class=\"elementor-container elementor-column-gap-default\">\n\t\t\t\t\t<div class=\"elementor-column elementor-col-100 elementor-top-column elementor-element elementor-element-93aa57f\" data-id=\"93aa57f\" data-element_type=\"column\" data-e-type=\"column\">\n\t\t\t<div class=\"elementor-widget-wrap elementor-element-populated\">\n\t\t\t\t\t\t<div class=\"elementor-element elementor-element-752088e elementor-widget elementor-widget-everest-forms\" data-id=\"752088e\" data-element_type=\"widget\" data-e-type=\"widget\" data-widget_type=\"everest-forms.default\">\n\t\t\t\t<div class=\"elementor-widget-container\">\n\t\t\t\t\t\t\t\t<div class=\"everest-forms\"><div class=\"evf-container default\" id=\"evf-27013\"><form id=\"evf-form-27013\" class=\"everest-form\" data-formid=\"27013\" data-ajax_submission=\"0\" data-keyboard_friendly_form=\"0\" method=\"post\" enctype=\"multipart\/form-data\" action=\"\/fr\/wp-json\/wp\/v2\/pages\/27014\" data-trp-original-action=\"\/fr\/wp-json\/wp\/v2\/pages\/27014\"><div class=\"evf-field-container\"><input type=\"hidden\" id=\"_wpnonce27013\" name=\"_wpnonce27013\" value=\"ccb0402da0\" \/><input type=\"hidden\" name=\"_wp_http_referer\" value=\"\/fr\/wp-json\/wp\/v2\/pages\/27014\" \/><div class=\"evf-frontend-row\" data-row=\"row_2\" conditional_rules=\"[]\"><div class=\"evf-frontend-grid evf-grid-1\" data-grid=\"grid_1\"><div id=\"evf-27013-field_Sz7u1uaInu-1-container\" class=\"evf-field evf-field-radio form-row validate-required\" data-required-field-message=\"This field is required.\" data-field-id=\"Sz7u1uaInu-1\"><label class=\"evf-field-label\" for=\"evf-27013-field_Sz7u1uaInu-1\"><span class=\"evf-label\">In welcher Stadt wurde der AeCS am 31. M\u00e4rz 1901 gegr\u00fcndet?<\/span> <abbr class=\"required\" title=\"Required\">*<\/abbr><\/label><ul id=\"evf-27013-field_Sz7u1uaInu-1\" class=\"evf-field-required\"><li class=\"choice-1 depth-1\"><input type=\"radio\" id=\"evf-27013-field_Sz7u1uaInu-1_1\" class=\"input-text\" name=\"everest_forms[form_fields][Sz7u1uaInu-1]\" value=\"Genf\" required><label class=\"everest-forms-field-label-inline\" for=\"evf-27013-field_Sz7u1uaInu-1_1\">Genf<\/label><\/li><li class=\"choice-2 depth-1\"><input type=\"radio\" id=\"evf-27013-field_Sz7u1uaInu-1_2\" class=\"input-text\" name=\"everest_forms[form_fields][Sz7u1uaInu-1]\" value=\"Luzern\" required><label class=\"everest-forms-field-label-inline\" for=\"evf-27013-field_Sz7u1uaInu-1_2\">Luzern<\/label><\/li><li class=\"choice-3 depth-1\"><input type=\"radio\" id=\"evf-27013-field_Sz7u1uaInu-1_3\" class=\"input-text\" name=\"everest_forms[form_fields][Sz7u1uaInu-1]\" value=\"Bern\" required><label class=\"everest-forms-field-label-inline\" for=\"evf-27013-field_Sz7u1uaInu-1_3\">Berne<\/label><\/li><\/ul><\/div><\/div><\/div><div class=\"evf-frontend-row\" data-row=\"row_3\" conditional_rules=\"[]\"><div class=\"evf-frontend-grid evf-grid-1\" data-grid=\"grid_1\"><div id=\"evf-27013-field_ltiu8AHiDQ-2-container\" class=\"evf-field evf-field-radio form-row validate-required\" data-required-field-message=\"This field is required.\" data-field-id=\"ltiu8AHiDQ-2\"><label class=\"evf-field-label\" for=\"evf-27013-field_ltiu8AHiDQ-2\"><span class=\"evf-label\">Wieviele Mitglieder z\u00e4hlte der Aeroclub 1951 bei seinem 50-Jahr-Jubil\u00e4um?<\/span> <abbr class=\"required\" title=\"Required\">*<\/abbr><\/label><ul id=\"evf-27013-field_ltiu8AHiDQ-2\" class=\"evf-field-required\"><li class=\"choice-1 depth-1\"><input type=\"radio\" id=\"evf-27013-field_ltiu8AHiDQ-2_1\" class=\"input-text\" name=\"everest_forms[form_fields][ltiu8AHiDQ-2]\" value=\"3&#039;815\" required><label class=\"everest-forms-field-label-inline\" for=\"evf-27013-field_ltiu8AHiDQ-2_1\">3'815<\/label><\/li><li class=\"choice-2 depth-1\"><input type=\"radio\" id=\"evf-27013-field_ltiu8AHiDQ-2_2\" class=\"input-text\" name=\"everest_forms[form_fields][ltiu8AHiDQ-2]\" value=\"5&#039;816\" required><label class=\"everest-forms-field-label-inline\" for=\"evf-27013-field_ltiu8AHiDQ-2_2\">5'816<\/label><\/li><li class=\"choice-3 depth-1\"><input type=\"radio\" id=\"evf-27013-field_ltiu8AHiDQ-2_3\" class=\"input-text\" name=\"everest_forms[form_fields][ltiu8AHiDQ-2]\" value=\"11&#039;312\" required><label class=\"everest-forms-field-label-inline\" for=\"evf-27013-field_ltiu8AHiDQ-2_3\">11'312<\/label><\/li><\/ul><\/div><\/div><\/div><div class=\"evf-frontend-row\" data-row=\"row_4\" conditional_rules=\"[]\"><div class=\"evf-frontend-grid evf-grid-1\" data-grid=\"grid_1\"><div id=\"evf-27013-field_xKrjdWoLBc-3-container\" class=\"evf-field evf-field-radio form-row validate-required\" data-required-field-message=\"This field is required.\" data-field-id=\"xKrjdWoLBc-3\"><label class=\"evf-field-label\" for=\"evf-27013-field_xKrjdWoLBc-3\"><span class=\"evf-label\">In welchem Jahr kam der erste Heissluftballon in die Schweiz?<\/span> <abbr class=\"required\" title=\"Required\">*<\/abbr><\/label><ul id=\"evf-27013-field_xKrjdWoLBc-3\" class=\"evf-field-required\"><li class=\"choice-1 depth-1\"><input type=\"radio\" id=\"evf-27013-field_xKrjdWoLBc-3_1\" class=\"input-text\" name=\"everest_forms[form_fields][xKrjdWoLBc-3]\" value=\"1924\" required><label class=\"everest-forms-field-label-inline\" for=\"evf-27013-field_xKrjdWoLBc-3_1\">1924<\/label><\/li><li class=\"choice-2 depth-1\"><input type=\"radio\" id=\"evf-27013-field_xKrjdWoLBc-3_2\" class=\"input-text\" name=\"everest_forms[form_fields][xKrjdWoLBc-3]\" value=\"1953\" required><label class=\"everest-forms-field-label-inline\" for=\"evf-27013-field_xKrjdWoLBc-3_2\">1953<\/label><\/li><li class=\"choice-3 depth-1\"><input type=\"radio\" id=\"evf-27013-field_xKrjdWoLBc-3_3\" class=\"input-text\" name=\"everest_forms[form_fields][xKrjdWoLBc-3]\" value=\"1966\" required><label class=\"everest-forms-field-label-inline\" for=\"evf-27013-field_xKrjdWoLBc-3_3\">1966<\/label><\/li><\/ul><\/div><\/div><\/div><div class=\"evf-frontend-row\" data-row=\"row_7\" conditional_rules=\"[]\"><div class=\"evf-frontend-grid evf-grid-1\" data-grid=\"grid_1\"><div id=\"evf-27013-field_bnfHkBFKYG-8-container\" class=\"evf-field evf-field-divider form-row\" data-field-id=\"bnfHkBFKYG-8\"><hr id=\"evf-27013-field_bnfHkBFKYG-8\" class=\"input-text evf-divider default\" name=\"everest_forms[form_fields][bnfHkBFKYG-8]\"\/><\/div><\/div><\/div><div class=\"evf-frontend-row\" data-row=\"row_5\" conditional_rules=\"[]\"><div class=\"evf-frontend-grid evf-grid-2\" data-grid=\"grid_1\"><div id=\"evf-27013-field_75YgLzIc6a-4-container\" class=\"evf-field evf-field-first-name form-row validate-required\" data-required-field-message=\"This field is required.\" data-field-id=\"75YgLzIc6a-4\"><label class=\"evf-field-label\" for=\"evf-27013-field_75YgLzIc6a-4\"><span class=\"evf-label\">Pr\u00e9nom<\/span> <abbr class=\"required\" title=\"Required\">*<\/abbr><\/label><input type=\"text\" id=\"evf-27013-field_75YgLzIc6a-4\" class=\"input-text\" name=\"everest_forms[form_fields][75YgLzIc6a-4]\" required><\/div><\/div><div class=\"evf-frontend-grid evf-grid-2\" data-grid=\"grid_2\"><div id=\"evf-27013-field_z7oCSITWxI-5-container\" class=\"evf-field evf-field-last-name form-row validate-required\" data-required-field-message=\"This field is required.\" data-field-id=\"z7oCSITWxI-5\"><label class=\"evf-field-label\" for=\"evf-27013-field_z7oCSITWxI-5\"><span class=\"evf-label\">Nom de famille<\/span> <abbr class=\"required\" title=\"Required\">*<\/abbr><\/label><input type=\"text\" id=\"evf-27013-field_z7oCSITWxI-5\" class=\"input-text\" name=\"everest_forms[form_fields][z7oCSITWxI-5]\" required><\/div><\/div><\/div><div class=\"evf-frontend-row\" data-row=\"row_6\" conditional_rules=\"[]\"><div class=\"evf-frontend-grid evf-grid-2\" data-grid=\"grid_1\"><div id=\"evf-27013-field_JloGKRPSIh-6-container\" class=\"evf-field evf-field-email form-row validate-required validate-email\" data-required-field-message=\"Please enter a valid email address.\" data-field-id=\"JloGKRPSIh-6\"><label class=\"evf-field-label\" for=\"evf-27013-field_JloGKRPSIh-6\"><span class=\"evf-label\">Email<\/span> <abbr class=\"required\" title=\"Required\">*<\/abbr><\/label><input type=\"email\" id=\"evf-27013-field_JloGKRPSIh-6\" class=\"input-text\" name=\"everest_forms[form_fields][JloGKRPSIh-6]\" required><\/div><\/div><div class=\"evf-frontend-grid evf-grid-2\" data-grid=\"grid_2\"><\/div><\/div><\/div><div class=\"evf-honeypot-container evf-field-hp\"><label for=\"evf-27013-field-hp\" class=\"evf-field-label\">Nom<\/label><input type=\"text\" name=\"everest_forms[hp]\" id=\"evf-27013-field-hp\" class=\"input-text\"><\/div><div class=\"evf-submit-container\" ><input type=\"hidden\" name=\"everest_forms[id]\" value=\"27013\"><input type=\"hidden\" name=\"everest_forms[author]\" value=\"1\"><button type='submit' name='everest_forms[submit]' class='everest-forms-submit-button button evf-submit' id='evf-submit-27013' value='evf-submit' data-process-text=\"Processing\u2026\" conditional_rules='&quot;&quot;' conditional_id='evf-submit-27013'  aria-live=\"assertive\">...envoyer<\/button><\/div><input type=\"hidden\" name=\"trp-form-language\" value=\"fr\"\/><\/form><\/div><!-- .evf-container --><\/div>\t\t\t\t\t\t<\/div>\n\t\t\t\t<\/div>\n\t\t\t\t\t<\/div>\n\t\t<\/div>\n\t\t\t\t\t<\/div>\n\t\t<\/section>\n\t\t\t\t<section class=\"elementor-section elementor-top-section elementor-element elementor-element-c0945ad elementor-section-boxed elementor-section-height-default elementor-section-height-default\" data-id=\"c0945ad\" data-element_type=\"section\" data-e-type=\"section\">\n\t\t\t\t\t\t<div class=\"elementor-container elementor-column-gap-default\">\n\t\t\t\t\t<div class=\"elementor-column elementor-col-100 elementor-top-column elementor-element elementor-element-6c7fbdb\" data-id=\"6c7fbdb\" data-element_type=\"column\" data-e-type=\"column\">\n\t\t\t<div class=\"elementor-widget-wrap elementor-element-populated\">\n\t\t\t\t\t\t<div class=\"elementor-element elementor-element-0448be1 elementor-widget elementor-widget-text-editor\" data-id=\"0448be1\" data-element_type=\"widget\" data-e-type=\"widget\" data-widget_type=\"text-editor.default\">\n\t\t\t\t<div class=\"elementor-widget-container\">\n\t\t\t\t\t\t\t\t\t<p>F\u00fcr die richtige Antwort hilft Ihnen die \u00abZeitreise durch die Geschichte des AeCS\u00bb weiter: <em><strong><a href=\"https:\/\/aeroclub.ch\/fr\/125\/\">aeroclub.ch\/125<\/a><\/strong><\/em><\/p>\t\t\t\t\t\t\t\t<\/div>\n\t\t\t\t<\/div>\n\t\t\t\t\t<\/div>\n\t\t<\/div>\n\t\t\t\t\t<\/div>\n\t\t<\/section>\n\t\t\t\t<\/div>","protected":false},"excerpt":{"rendered":"<p>Wettbewerb 125 Gratistickets Flugshow Altenrhein Der Aero-Club der Schweiz feiert sein 125-Jahr-Jubil\u00e4um und der Flugplatz Altenrhein wird 100 Jahre alt.<\/p>","protected":false},"author":1,"featured_media":0,"parent":0,"menu_order":0,"comment_status":"closed","ping_status":"closed","template":"","meta":{"footnotes":""},"class_list":["post-27014","page","type-page","status-publish","hentry"],"_links":{"self":[{"href":"https:\/\/aeroclub.ch\/fr\/wp-json\/wp\/v2\/pages\/27014","targetHints":{"allow":["GET"]}}],"collection":[{"href":"https:\/\/aeroclub.ch\/fr\/wp-json\/wp\/v2\/pages"}],"about":[{"href":"https:\/\/aeroclub.ch\/fr\/wp-json\/wp\/v2\/types\/page"}],"author":[{"embeddable":true,"href":"https:\/\/aeroclub.ch\/fr\/wp-json\/wp\/v2\/users\/1"}],"replies":[{"embeddable":true,"href":"https:\/\/aeroclub.ch\/fr\/wp-json\/wp\/v2\/comments?post=27014"}],"version-history":[{"count":0,"href":"https:\/\/aeroclub.ch\/fr\/wp-json\/wp\/v2\/pages\/27014\/revisions"}],"wp:attachment":[{"href":"https:\/\/aeroclub.ch\/fr\/wp-json\/wp\/v2\/media?parent=27014"}],"curies":[{"name":"wp","href":"https:\/\/api.w.org\/{rel}","templated":true}]}}