{"id":25951,"date":"2026-02-13T11:43:33","date_gmt":"2026-02-13T10:43:33","guid":{"rendered":"https:\/\/aeroclub.ch\/?page_id=25951"},"modified":"2026-03-18T14:23:56","modified_gmt":"2026-03-18T13:23:56","slug":"flight-safety","status":"publish","type":"page","link":"https:\/\/aeroclub.ch\/fr\/flight-safety\/","title":{"rendered":"2026 S\u00e9curit\u00e9 des vols"},"content":{"rendered":"<div data-elementor-type=\"wp-page\" data-elementor-id=\"25951\" class=\"elementor elementor-25951\" data-elementor-post-type=\"page\">\n\t\t\t\t\t\t<section class=\"elementor-section elementor-top-section elementor-element elementor-element-d3840e7 elementor-section-boxed elementor-section-height-default elementor-section-height-default\" data-id=\"d3840e7\" data-element_type=\"section\" data-e-type=\"section\">\n\t\t\t\t\t\t<div class=\"elementor-container elementor-column-gap-default\">\n\t\t\t\t\t<div class=\"elementor-column elementor-col-100 elementor-top-column elementor-element elementor-element-ba16564\" data-id=\"ba16564\" data-element_type=\"column\" data-e-type=\"column\">\n\t\t\t<div class=\"elementor-widget-wrap elementor-element-populated\">\n\t\t\t\t\t\t<div class=\"elementor-element elementor-element-92e4589 elementor-widget elementor-widget-text-editor\" data-id=\"92e4589\" data-element_type=\"widget\" data-e-type=\"widget\" data-widget_type=\"text-editor.default\">\n\t\t\t\t<div class=\"elementor-widget-container\">\n\t\t\t\t\t\t\t\t\t<h2><strong>Dialogue sur la s\u00e9curit\u00e9 des vols 2026 : Programme et inscription pour une participation sur place<br \/><\/strong><\/h2><p><span style=\"color: #0d1a28; font-family: Roboto; font-size: 15px;\"><br \/>Sur le site\u00a0<\/span><strong style=\"font-family: Roboto; font-size: 15px;\">Mercredi 18 mars 2026<\/strong><span style=\"color: #0d1a28; font-family: Roboto; font-size: 15px;\">\u00a0trouve <\/span><strong style=\"font-family: Roboto; font-size: 15px;\">sur le campus du DETEC \u00e0 Ittigen<\/strong><span style=\"color: #0d1a28; font-family: Roboto; font-size: 15px;\"> le Flight Safety Dialogue 2026*, organis\u00e9 par la Flight Safety Alliance Switzerland (FSA).<\/span><\/p><p>Le th\u00e8me de la manifestation de cette ann\u00e9e est : \"L'espace a\u00e9rien inf\u00e9rieur en point de mire\". Des contributions int\u00e9ressantes sur les th\u00e8mes actuels de la s\u00e9curit\u00e9 vous attendent dans les domaines suivants <strong>Allemand et fran\u00e7ais.<\/strong><\/p><p>Celui-ci commence \u00e0\u00a0<strong>18 heures<\/strong>\u00a0et offre environ <strong>60 places assises<\/strong> pour les <strong>Participation sur place<\/strong>.<\/p><p>En outre, les interventions seront diffus\u00e9es en direct via un flux Youtube ou enregistr\u00e9es. L'ap\u00e9ritif qui suivra, offert par les organisateurs, sera l'occasion d'\u00e9changer des informations entre les participants et avec les intervenants.<\/p><p><span style=\"color: #ff0000;\"><strong>\u21d2<\/strong><\/span> Le site <em><strong><a href=\"https:\/\/www.youtube.com\/watch?v=5z2GgIwcJVM\" target=\"_blank\" rel=\"noopener\">Lien vers la participation en ligne via Youtube<\/a><\/strong><\/em> sera publi\u00e9e environ 3 jours avant l'\u00e9v\u00e9nement. Pour participer via <a href=\"https:\/\/www.youtube.com\/watch?v=5z2GgIwcJVM\" target=\"_blank\" rel=\"noopener\"><em><strong><u>Le streaming en direct ne n\u00e9cessite pas d'inscription<\/u><\/strong><\/em><\/a>.<\/p><p>Nous vous recommandons d'utiliser les transports en commun, car les places de parking sont limit\u00e9es.<\/p><p>Nous nous r\u00e9jouissons de votre participation !<\/p>\t\t\t\t\t\t\t\t<\/div>\n\t\t\t\t<\/div>\n\t\t\t\t\t<\/div>\n\t\t<\/div>\n\t\t\t\t\t<\/div>\n\t\t<\/section>\n\t\t\t\t<section class=\"elementor-section elementor-top-section elementor-element elementor-element-e50e60c elementor-section-boxed elementor-section-height-default elementor-section-height-default\" data-id=\"e50e60c\" data-element_type=\"section\" data-e-type=\"section\">\n\t\t\t\t\t\t<div class=\"elementor-container elementor-column-gap-default\">\n\t\t\t\t\t<div class=\"elementor-column elementor-col-100 elementor-top-column elementor-element elementor-element-dcc6c35\" data-id=\"dcc6c35\" data-element_type=\"column\" data-e-type=\"column\">\n\t\t\t<div class=\"elementor-widget-wrap elementor-element-populated\">\n\t\t\t\t\t\t<div class=\"elementor-element elementor-element-dc3ac2e elementor-widget-divider--view-line elementor-widget elementor-widget-divider\" data-id=\"dc3ac2e\" data-element_type=\"widget\" data-e-type=\"widget\" data-widget_type=\"divider.default\">\n\t\t\t\t<div class=\"elementor-widget-container\">\n\t\t\t\t\t\t\t<div class=\"elementor-divider\">\n\t\t\t<span class=\"elementor-divider-separator\">\n\t\t\t\t\t\t<\/span>\n\t\t<\/div>\n\t\t\t\t\t\t<\/div>\n\t\t\t\t<\/div>\n\t\t\t\t\t<\/div>\n\t\t<\/div>\n\t\t\t\t\t<\/div>\n\t\t<\/section>\n\t\t\t\t<section class=\"elementor-section elementor-top-section elementor-element elementor-element-4e8965e elementor-section-boxed elementor-section-height-default elementor-section-height-default\" data-id=\"4e8965e\" data-element_type=\"section\" data-e-type=\"section\">\n\t\t\t\t\t\t<div class=\"elementor-container elementor-column-gap-default\">\n\t\t\t\t\t<div class=\"elementor-column elementor-col-100 elementor-top-column elementor-element elementor-element-c9fd712\" data-id=\"c9fd712\" data-element_type=\"column\" data-e-type=\"column\">\n\t\t\t<div class=\"elementor-widget-wrap elementor-element-populated\">\n\t\t\t\t\t\t<div class=\"elementor-element elementor-element-f35270b elementor-widget elementor-widget-text-editor\" data-id=\"f35270b\" data-element_type=\"widget\" data-e-type=\"widget\" data-widget_type=\"text-editor.default\">\n\t\t\t\t<div class=\"elementor-widget-container\">\n\t\t\t\t\t\t\t\t\t<h3><strong>Programme : Focus sur l'espace a\u00e9rien inf\u00e9rieur<br \/><\/strong><\/h3><ul><li><span style=\"font-size: 16px;\">Dur\u00e9e : 18h - 19h30, ouverture des portes \u00e0 17h30<\/span><\/li><li>Lieu : Auditorium, Office f\u00e9d\u00e9ral des routes OFROU, Pulverstrasse 13, 3063 Ittigen<\/li><\/ul><h4><strong>Partie 1 : <br \/><\/strong><\/h4><ul><li><strong>Meilleure visibilit\u00e9 dans l'espace a\u00e9rien<\/strong><\/li><li><strong>Campagne Echo de l'espace a\u00e9rien<\/strong> (enqu\u00eate, conclusions et mesures), <em>Marc Keusch, responsable de la s\u00e9curit\u00e9 et de la gestion des risques, OFAC (allemand)<\/em><\/li><li><strong>Echo de l'espace a\u00e9rien : perspective de Skyguide<br \/><\/strong><em>Olivier Perrin, Chief Safety and Security Officer, Skyguide (fran\u00e7ais)<\/em><\/li><li><strong>iConspicuity : Qu'est-ce que cela signifie ?<br \/><\/strong><em>Patrick Leli\u00e8vre, expert Policy- and Rulemaking FASST-CH, OFAC (fran\u00e7ais)<\/em><\/li><\/ul><h4><strong>Partie 2 : <br \/><\/strong><\/h4><ul><li><strong>Vol \u00e0 voile proche de la vitesse d'arrachage<\/strong><\/li><li><strong>LOC-I (S) : de l'id\u00e9e de campagne \u00e0 la mise en \u0153uvre en passant par le concept<\/strong>,<br \/><em>Peter Lacher, ing\u00e9nieur d'homologation OFAC \/ instructeur de vol \u00e0 voile Groupe de vol \u00e0 voile Berne, (allemand)<\/em><\/li><\/ul><h4><strong>Partie 3 : <br \/><\/strong><\/h4><ul><li><strong>R\u00e9duction des risques de situations dangereuses entre le transport a\u00e9rien r\u00e9gulier et l'aviation g\u00e9n\u00e9rale<\/strong><\/li><li><strong>Quand les petits avions et les jets commerciaux partagent le m\u00eame espace a\u00e9rien<\/strong>,<br \/><em>Raphael Bellwald, Flight Operations Safety Investigator FO A330, SWISS, (allemand)<\/em><\/li><\/ul><h4><strong>Questions et r\u00e9ponses <\/strong><\/h4><p><span style=\"color: #0d1a28; font-family: Roboto; font-size: 15px;\"><br \/><span style=\"color: #ff0000;\"><strong>\u21d2<\/strong><\/span> Suivi d'un ap\u00e9ritif et d'un \u00e9change de points de vue.<\/span><\/p>\t\t\t\t\t\t\t\t<\/div>\n\t\t\t\t<\/div>\n\t\t\t\t\t<\/div>\n\t\t<\/div>\n\t\t\t\t\t<\/div>\n\t\t<\/section>\n\t\t\t\t<section class=\"elementor-section elementor-top-section elementor-element elementor-element-084f71c elementor-section-boxed elementor-section-height-default elementor-section-height-default\" data-id=\"084f71c\" data-element_type=\"section\" data-e-type=\"section\">\n\t\t\t\t\t\t<div class=\"elementor-container elementor-column-gap-default\">\n\t\t\t\t\t<div class=\"elementor-column elementor-col-100 elementor-top-column elementor-element elementor-element-bcfb508\" data-id=\"bcfb508\" data-element_type=\"column\" data-e-type=\"column\">\n\t\t\t<div class=\"elementor-widget-wrap elementor-element-populated\">\n\t\t\t\t\t\t<div class=\"elementor-element elementor-element-b4cc011 elementor-widget-divider--view-line elementor-widget elementor-widget-divider\" data-id=\"b4cc011\" data-element_type=\"widget\" data-e-type=\"widget\" data-widget_type=\"divider.default\">\n\t\t\t\t<div class=\"elementor-widget-container\">\n\t\t\t\t\t\t\t<div class=\"elementor-divider\">\n\t\t\t<span class=\"elementor-divider-separator\">\n\t\t\t\t\t\t<\/span>\n\t\t<\/div>\n\t\t\t\t\t\t<\/div>\n\t\t\t\t<\/div>\n\t\t\t\t\t<\/div>\n\t\t<\/div>\n\t\t\t\t\t<\/div>\n\t\t<\/section>\n\t\t\t\t<section class=\"elementor-section elementor-top-section elementor-element elementor-element-07a103d elementor-section-boxed elementor-section-height-default elementor-section-height-default\" data-id=\"07a103d\" data-element_type=\"section\" data-e-type=\"section\">\n\t\t\t\t\t\t<div class=\"elementor-container elementor-column-gap-default\">\n\t\t\t\t\t<div class=\"elementor-column elementor-col-50 elementor-top-column elementor-element elementor-element-1473056\" data-id=\"1473056\" data-element_type=\"column\" data-e-type=\"column\">\n\t\t\t<div class=\"elementor-widget-wrap elementor-element-populated\">\n\t\t\t\t\t\t<div class=\"elementor-element elementor-element-ed86171 elementor-widget elementor-widget-text-editor\" data-id=\"ed86171\" data-element_type=\"widget\" data-e-type=\"widget\" data-widget_type=\"text-editor.default\">\n\t\t\t\t<div class=\"elementor-widget-container\">\n\t\t\t\t\t\t\t\t\t<h4><strong>Arriv\u00e9e par les transports publics :<\/strong><\/h4><ul><li>Depuis la gare de Berne S7 (RBS), direction Worb, arr\u00eat Papierm\u00fchle<\/li><li>Chemin p\u00e9destre de 450m jusqu'\u00e0 l'Astra, Pulverstrasse 13, 3063 Ittigen<\/li><\/ul>\t\t\t\t\t\t\t\t<\/div>\n\t\t\t\t<\/div>\n\t\t\t\t<div class=\"elementor-element elementor-element-e8caf84 elementor-widget elementor-widget-image\" data-id=\"e8caf84\" data-element_type=\"widget\" data-e-type=\"widget\" data-widget_type=\"image.default\">\n\t\t\t\t<div class=\"elementor-widget-container\">\n\t\t\t\t\t\t\t\t\t\t\t\t\t\t\t\t<a href=\"https:\/\/aeroclub.ch\/wp-content\/uploads\/2026\/02\/2026_anreise_oev.jpg\" data-elementor-open-lightbox=\"yes\" data-elementor-lightbox-title=\"2026_anreise_oev\" data-e-action-hash=\"#elementor-action%3Aaction%3Dlightbox%26settings%3DeyJpZCI6MjU5NTgsInVybCI6Imh0dHBzOlwvXC9hZXJvY2x1Yi5jaFwvd3AtY29udGVudFwvdXBsb2Fkc1wvMjAyNlwvMDJcLzIwMjZfYW5yZWlzZV9vZXYuanBnIn0%3D\">\n\t\t\t\t\t\t\t<img decoding=\"async\" width=\"800\" height=\"466\" src=\"https:\/\/aeroclub.ch\/wp-content\/uploads\/2026\/02\/2026_anreise_oev-1024x596.jpg\" class=\"attachment-large size-large wp-image-25958\" alt=\"\" srcset=\"https:\/\/aeroclub.ch\/wp-content\/uploads\/2026\/02\/2026_anreise_oev-1024x596.jpg 1024w, https:\/\/aeroclub.ch\/wp-content\/uploads\/2026\/02\/2026_anreise_oev-300x175.jpg 300w, https:\/\/aeroclub.ch\/wp-content\/uploads\/2026\/02\/2026_anreise_oev-768x447.jpg 768w, https:\/\/aeroclub.ch\/wp-content\/uploads\/2026\/02\/2026_anreise_oev-18x10.jpg 18w, https:\/\/aeroclub.ch\/wp-content\/uploads\/2026\/02\/2026_anreise_oev-350x204.jpg 350w, https:\/\/aeroclub.ch\/wp-content\/uploads\/2026\/02\/2026_anreise_oev-1100x640.jpg 1100w, https:\/\/aeroclub.ch\/wp-content\/uploads\/2026\/02\/2026_anreise_oev.jpg 1275w\" sizes=\"(max-width: 800px) 100vw, 800px\" \/>\t\t\t\t\t\t\t\t<\/a>\n\t\t\t\t\t\t\t\t\t\t\t\t\t\t\t<\/div>\n\t\t\t\t<\/div>\n\t\t\t\t\t<\/div>\n\t\t<\/div>\n\t\t\t\t<div class=\"elementor-column elementor-col-50 elementor-top-column elementor-element elementor-element-1085db6\" data-id=\"1085db6\" data-element_type=\"column\" data-e-type=\"column\">\n\t\t\t<div class=\"elementor-widget-wrap elementor-element-populated\">\n\t\t\t\t\t\t<div class=\"elementor-element elementor-element-2636894 elementor-widget elementor-widget-text-editor\" data-id=\"2636894\" data-element_type=\"widget\" data-e-type=\"widget\" data-widget_type=\"text-editor.default\">\n\t\t\t\t<div class=\"elementor-widget-container\">\n\t\t\t\t\t\t\t\t\t<h4><strong>Arriv\u00e9e en voiture :<\/strong><\/h4><ul><li>Places de parking au Talgutzentrum d'Ittigen (payantes)<\/li><li>Chemin p\u00e9destre d'environ 1km jusqu'\u00e0 l'Astra, Pulverstrasse 13, 3063 Ittigen<\/li><\/ul>\t\t\t\t\t\t\t\t<\/div>\n\t\t\t\t<\/div>\n\t\t\t\t<div class=\"elementor-element elementor-element-e97694f elementor-widget elementor-widget-image\" data-id=\"e97694f\" data-element_type=\"widget\" data-e-type=\"widget\" data-widget_type=\"image.default\">\n\t\t\t\t<div class=\"elementor-widget-container\">\n\t\t\t\t\t\t\t\t\t\t\t\t\t\t\t\t<a href=\"https:\/\/aeroclub.ch\/wp-content\/uploads\/2026\/02\/2026_anreise_auto.jpg\" data-elementor-open-lightbox=\"yes\" data-elementor-lightbox-title=\"2026_anreise_auto\" data-e-action-hash=\"#elementor-action%3Aaction%3Dlightbox%26settings%3DeyJpZCI6MjU5NTcsInVybCI6Imh0dHBzOlwvXC9hZXJvY2x1Yi5jaFwvd3AtY29udGVudFwvdXBsb2Fkc1wvMjAyNlwvMDJcLzIwMjZfYW5yZWlzZV9hdXRvLmpwZyJ9\">\n\t\t\t\t\t\t\t<img decoding=\"async\" width=\"560\" height=\"337\" src=\"https:\/\/aeroclub.ch\/wp-content\/uploads\/2026\/02\/2026_anreise_auto.jpg\" class=\"attachment-large size-large wp-image-25957\" alt=\"\" srcset=\"https:\/\/aeroclub.ch\/wp-content\/uploads\/2026\/02\/2026_anreise_auto.jpg 560w, https:\/\/aeroclub.ch\/wp-content\/uploads\/2026\/02\/2026_anreise_auto-300x181.jpg 300w, https:\/\/aeroclub.ch\/wp-content\/uploads\/2026\/02\/2026_anreise_auto-18x12.jpg 18w, https:\/\/aeroclub.ch\/wp-content\/uploads\/2026\/02\/2026_anreise_auto-350x211.jpg 350w\" sizes=\"(max-width: 560px) 100vw, 560px\" \/>\t\t\t\t\t\t\t\t<\/a>\n\t\t\t\t\t\t\t\t\t\t\t\t\t\t\t<\/div>\n\t\t\t\t<\/div>\n\t\t\t\t\t<\/div>\n\t\t<\/div>\n\t\t\t\t\t<\/div>\n\t\t<\/section>\n\t\t\t\t<section class=\"elementor-section elementor-top-section elementor-element elementor-element-a0beda6 elementor-section-boxed elementor-section-height-default elementor-section-height-default\" data-id=\"a0beda6\" data-element_type=\"section\" data-e-type=\"section\">\n\t\t\t\t\t\t<div class=\"elementor-container elementor-column-gap-default\">\n\t\t\t\t\t<div class=\"elementor-column elementor-col-100 elementor-top-column elementor-element elementor-element-4bff300\" data-id=\"4bff300\" data-element_type=\"column\" data-e-type=\"column\">\n\t\t\t<div class=\"elementor-widget-wrap elementor-element-populated\">\n\t\t\t\t\t\t<div class=\"elementor-element elementor-element-4037e91 elementor-widget-divider--view-line elementor-widget elementor-widget-divider\" data-id=\"4037e91\" data-element_type=\"widget\" data-e-type=\"widget\" data-widget_type=\"divider.default\">\n\t\t\t\t<div class=\"elementor-widget-container\">\n\t\t\t\t\t\t\t<div class=\"elementor-divider\">\n\t\t\t<span class=\"elementor-divider-separator\">\n\t\t\t\t\t\t<\/span>\n\t\t<\/div>\n\t\t\t\t\t\t<\/div>\n\t\t\t\t<\/div>\n\t\t\t\t\t<\/div>\n\t\t<\/div>\n\t\t\t\t\t<\/div>\n\t\t<\/section>\n\t\t\t\t<section class=\"elementor-section elementor-top-section elementor-element elementor-element-6e2f559 elementor-section-boxed elementor-section-height-default elementor-section-height-default\" data-id=\"6e2f559\" data-element_type=\"section\" data-e-type=\"section\">\n\t\t\t\t\t\t<div class=\"elementor-container elementor-column-gap-default\">\n\t\t\t\t\t<div class=\"elementor-column elementor-col-100 elementor-top-column elementor-element elementor-element-fcbe2b0\" data-id=\"fcbe2b0\" data-element_type=\"column\" data-e-type=\"column\">\n\t\t\t<div class=\"elementor-widget-wrap elementor-element-populated\">\n\t\t\t\t\t\t<div class=\"elementor-element elementor-element-ff43473 elementor-widget elementor-widget-text-editor\" data-id=\"ff43473\" data-element_type=\"widget\" data-e-type=\"widget\" data-widget_type=\"text-editor.default\">\n\t\t\t\t<div class=\"elementor-widget-container\">\n\t\t\t\t\t\t\t\t\t<h4><strong>Participation sur place : Veuillez vous inscrire !<\/strong><\/h4><p>Pour des raisons d'organisation, la participation sur place n\u00e9cessite une inscription \u00e0 l'aide du formulaire en ligne suivant. <strong>La date limite d'inscription est le 11 mars 2026.<\/strong><\/p><p><span style=\"color: #ff0000;\"><strong>\u21d2<\/strong><\/span> Le lien pour la participation en ligne via Youtube sera publi\u00e9 environ 3 jours avant l'\u00e9v\u00e9nement. Pour participer via <u>Le streaming en direct ne n\u00e9cessite pas d'inscription<\/u>.<\/p>\t\t\t\t\t\t\t\t<\/div>\n\t\t\t\t<\/div>\n\t\t\t\t\t<\/div>\n\t\t<\/div>\n\t\t\t\t\t<\/div>\n\t\t<\/section>\n\t\t\t\t<section class=\"elementor-section elementor-top-section elementor-element elementor-element-b18e693 elementor-section-boxed elementor-section-height-default elementor-section-height-default\" data-id=\"b18e693\" data-element_type=\"section\" data-e-type=\"section\">\n\t\t\t\t\t\t<div class=\"elementor-container elementor-column-gap-default\">\n\t\t\t\t\t<div class=\"elementor-column elementor-col-100 elementor-top-column elementor-element elementor-element-8a1918f\" data-id=\"8a1918f\" data-element_type=\"column\" data-e-type=\"column\">\n\t\t\t<div class=\"elementor-widget-wrap elementor-element-populated\">\n\t\t\t\t\t\t<div class=\"elementor-element elementor-element-1d19c43 elementor-widget elementor-widget-everest-forms\" data-id=\"1d19c43\" data-element_type=\"widget\" data-e-type=\"widget\" data-widget_type=\"everest-forms.default\">\n\t\t\t\t<div class=\"elementor-widget-container\">\n\t\t\t\t\t\t\t\t<div class=\"everest-forms\"><div class=\"evf-container default\" id=\"evf-25971\"><form id=\"evf-form-25971\" class=\"everest-form\" data-formid=\"25971\" data-ajax_submission=\"0\" data-keyboard_friendly_form=\"0\" method=\"post\" enctype=\"multipart\/form-data\" action=\"\/fr\/wp-json\/wp\/v2\/pages\/25951\" data-trp-original-action=\"\/fr\/wp-json\/wp\/v2\/pages\/25951\"><div class=\"evf-field-container\"><input type=\"hidden\" id=\"_wpnonce25971\" name=\"_wpnonce25971\" value=\"2db91e656d\" \/><input type=\"hidden\" name=\"_wp_http_referer\" value=\"\/fr\/wp-json\/wp\/v2\/pages\/25951\" \/><div class=\"evf-frontend-row\" data-row=\"row_1\" conditional_rules=\"[]\"><div class=\"evf-frontend-grid evf-grid-2\" data-grid=\"grid_1\"><div id=\"evf-25971-field_Uwdg3utloX-1-container\" class=\"evf-field evf-field-first-name form-row validate-required\" data-required-field-message=\"This field is required.\" data-field-id=\"Uwdg3utloX-1\"><label class=\"evf-field-label\" for=\"evf-25971-field_Uwdg3utloX-1\"><span class=\"evf-label\">Pr\u00e9nom<\/span> <abbr class=\"required\" title=\"Required\">*<\/abbr><\/label><input type=\"text\" id=\"evf-25971-field_Uwdg3utloX-1\" class=\"input-text\" name=\"everest_forms[form_fields][Uwdg3utloX-1]\" required><\/div><\/div><div class=\"evf-frontend-grid evf-grid-2\" data-grid=\"grid_2\"><div id=\"evf-25971-field_lEuDfwX0uK-2-container\" class=\"evf-field evf-field-last-name form-row validate-required\" data-required-field-message=\"This field is required.\" data-field-id=\"lEuDfwX0uK-2\"><label class=\"evf-field-label\" for=\"evf-25971-field_lEuDfwX0uK-2\"><span class=\"evf-label\">Nom de famille<\/span> <abbr class=\"required\" title=\"Required\">*<\/abbr><\/label><input type=\"text\" id=\"evf-25971-field_lEuDfwX0uK-2\" class=\"input-text\" name=\"everest_forms[form_fields][lEuDfwX0uK-2]\" required><\/div><\/div><\/div><div class=\"evf-frontend-row\" data-row=\"row_2\" conditional_rules=\"[]\"><div class=\"evf-frontend-grid evf-grid-2\" data-grid=\"grid_1\"><div id=\"evf-25971-field_Os6L2G9BTB-3-container\" class=\"evf-field evf-field-email form-row validate-required validate-email\" data-required-field-message=\"Please enter a valid email address.\" data-field-id=\"Os6L2G9BTB-3\"><label class=\"evf-field-label\" for=\"evf-25971-field_Os6L2G9BTB-3\"><span class=\"evf-label\">Email<\/span> <abbr class=\"required\" title=\"Required\">*<\/abbr><\/label><input type=\"email\" id=\"evf-25971-field_Os6L2G9BTB-3\" class=\"input-text\" name=\"everest_forms[form_fields][Os6L2G9BTB-3]\" required><\/div><\/div><div class=\"evf-frontend-grid evf-grid-2\" data-grid=\"grid_2\"><div id=\"evf-25971-field_uw2sQ5Lxd5-4-container\" class=\"evf-field evf-field-textarea form-row\" data-field-id=\"uw2sQ5Lxd5-4\"><label class=\"evf-field-label\" for=\"evf-25971-field_uw2sQ5Lxd5-4\"><span class=\"evf-label\">Remarques<\/span> <\/label><textarea id=\"evf-25971-field_uw2sQ5Lxd5-4\" class=\"input-text\" name=\"everest_forms[form_fields][uw2sQ5Lxd5-4]\"  ><\/textarea><\/div><\/div><\/div><\/div><div class=\"evf-honeypot-container evf-field-hp\"><label for=\"evf-25971-field-hp\" class=\"evf-field-label\">Site web<\/label><input type=\"text\" name=\"everest_forms[hp]\" id=\"evf-25971-field-hp\" class=\"input-text\"><\/div><div class=\"evf-submit-container\" ><input type=\"hidden\" name=\"everest_forms[id]\" value=\"25971\"><input type=\"hidden\" name=\"everest_forms[author]\" value=\"1\"><button type='submit' name='everest_forms[submit]' class='everest-forms-submit-button button evf-submit' id='evf-submit-25971' value='evf-submit' data-process-text=\"Processing\u2026\" conditional_rules='&quot;&quot;' conditional_id='evf-submit-25971'  aria-live=\"assertive\">s'inscrire...<\/button><\/div><input type=\"hidden\" name=\"trp-form-language\" value=\"fr\"\/><\/form><\/div><!-- .evf-container --><\/div>\t\t\t\t\t\t<\/div>\n\t\t\t\t<\/div>\n\t\t\t\t\t<\/div>\n\t\t<\/div>\n\t\t\t\t\t<\/div>\n\t\t<\/section>\n\t\t\t\t<section class=\"elementor-section elementor-top-section elementor-element elementor-element-b90a71c elementor-section-boxed elementor-section-height-default elementor-section-height-default\" data-id=\"b90a71c\" data-element_type=\"section\" data-e-type=\"section\">\n\t\t\t\t\t\t<div class=\"elementor-container elementor-column-gap-default\">\n\t\t\t\t\t<div class=\"elementor-column elementor-col-100 elementor-top-column elementor-element elementor-element-3de2eb9\" data-id=\"3de2eb9\" data-element_type=\"column\" data-e-type=\"column\">\n\t\t\t<div class=\"elementor-widget-wrap elementor-element-populated\">\n\t\t\t\t\t\t<div class=\"elementor-element elementor-element-7b875e7 elementor-alert-info elementor-widget elementor-widget-alert\" data-id=\"7b875e7\" data-element_type=\"widget\" data-e-type=\"widget\" data-widget_type=\"alert.default\">\n\t\t\t\t<div class=\"elementor-widget-container\">\n\t\t\t\t\t\t\t<div class=\"elementor-alert\" role=\"alert\">\n\n\t\t\t\t\t\t<span class=\"elementor-alert-title\">Note<\/span>\n\t\t\t\n\t\t\t\t\t\t<span class=\"elementor-alert-description\">* Le Flight Safety Dialog est un \u00e9v\u00e9nement annuel organis\u00e9 par la Flight Safety Alliance Switzerland (FSA). L'objectif de la FSA est de cr\u00e9er un vaste r\u00e9seau afin d'\u00e9tablir un processus continu de \"s\u00e9curit\u00e9 des vols\" chez les pilotes GA et les pilotes professionnels sans AOC ainsi que dans les associations de l'aviation g\u00e9n\u00e9rale. Outre la Foundation For Aviation Competence FFAC, l'AeCs, l'OFAC et Skyguide participent d\u00e9sormais \u00e0 ce projet. Elle est ouverte \u00e0 tous les acteurs de l'aviation.<\/span>\n\t\t\t\n\t\t\t\n\t\t<\/div>\n\t\t\t\t\t\t<\/div>\n\t\t\t\t<\/div>\n\t\t\t\t\t<\/div>\n\t\t<\/div>\n\t\t\t\t\t<\/div>\n\t\t<\/section>\n\t\t\t\t<\/div>","protected":false},"excerpt":{"rendered":"<p>Dialogue sur la s\u00e9curit\u00e9 des vols 2026 : Programme et inscription pour une participation sur place Le mercredi 18 mars 2026, le campus du DETEC \u00e0 Ittigen accueillera le Flight Safety Dialogue.<\/p>","protected":false},"author":1,"featured_media":0,"parent":0,"menu_order":0,"comment_status":"closed","ping_status":"closed","template":"","meta":{"footnotes":""},"class_list":["post-25951","page","type-page","status-publish","hentry"],"_links":{"self":[{"href":"https:\/\/aeroclub.ch\/fr\/wp-json\/wp\/v2\/pages\/25951","targetHints":{"allow":["GET"]}}],"collection":[{"href":"https:\/\/aeroclub.ch\/fr\/wp-json\/wp\/v2\/pages"}],"about":[{"href":"https:\/\/aeroclub.ch\/fr\/wp-json\/wp\/v2\/types\/page"}],"author":[{"embeddable":true,"href":"https:\/\/aeroclub.ch\/fr\/wp-json\/wp\/v2\/users\/1"}],"replies":[{"embeddable":true,"href":"https:\/\/aeroclub.ch\/fr\/wp-json\/wp\/v2\/comments?post=25951"}],"version-history":[{"count":0,"href":"https:\/\/aeroclub.ch\/fr\/wp-json\/wp\/v2\/pages\/25951\/revisions"}],"wp:attachment":[{"href":"https:\/\/aeroclub.ch\/fr\/wp-json\/wp\/v2\/media?parent=25951"}],"curies":[{"name":"wp","href":"https:\/\/api.w.org\/{rel}","templated":true}]}}