{"id":24131,"date":"2025-08-05T08:01:21","date_gmt":"2025-08-05T06:01:21","guid":{"rendered":"https:\/\/aeroclub.ch\/?page_id=24131"},"modified":"2025-08-05T08:21:15","modified_gmt":"2025-08-05T06:21:15","slug":"konferenz","status":"publish","type":"page","link":"https:\/\/aeroclub.ch\/fr\/konferenz\/","title":{"rendered":"2025 Conf\u00e9rence de l'aviation l\u00e9g\u00e8re"},"content":{"rendered":"<div data-elementor-type=\"wp-page\" data-elementor-id=\"24131\" class=\"elementor elementor-24131\" data-elementor-post-type=\"page\">\n\t\t\t\t\t\t<section class=\"elementor-section elementor-top-section elementor-element elementor-element-1c90580 elementor-section-boxed elementor-section-height-default elementor-section-height-default\" data-id=\"1c90580\" data-element_type=\"section\" data-e-type=\"section\">\n\t\t\t\t\t\t<div class=\"elementor-container elementor-column-gap-default\">\n\t\t\t\t\t<div class=\"elementor-column elementor-col-100 elementor-top-column elementor-element elementor-element-b9142ba\" data-id=\"b9142ba\" data-element_type=\"column\" data-e-type=\"column\">\n\t\t\t<div class=\"elementor-widget-wrap elementor-element-populated\">\n\t\t\t\t\t\t<div class=\"elementor-element elementor-element-f13bc71 elementor-widget elementor-widget-text-editor\" data-id=\"f13bc71\" data-element_type=\"widget\" data-e-type=\"widget\" data-widget_type=\"text-editor.default\">\n\t\t\t\t<div class=\"elementor-widget-container\">\n\t\t\t\t\t\t\t\t\t<h4 style=\"text-align: center;\">Invitation \u00e0 la Conf\u00e9rence de l'aviation l\u00e9g\u00e8re - A\u00e9ro-Club de Suisse<\/h4><p style=\"text-align: center;\">29 novembre 2025 - Auditorium Maihofstrasse 76 \u00e0 Lucerne<\/p>\t\t\t\t\t\t\t\t<\/div>\n\t\t\t\t<\/div>\n\t\t\t\t\t<\/div>\n\t\t<\/div>\n\t\t\t\t\t<\/div>\n\t\t<\/section>\n\t\t\t\t<section class=\"elementor-section elementor-top-section elementor-element elementor-element-caf76c4 elementor-section-boxed elementor-section-height-default elementor-section-height-default\" data-id=\"caf76c4\" data-element_type=\"section\" data-e-type=\"section\">\n\t\t\t\t\t\t<div class=\"elementor-container elementor-column-gap-default\">\n\t\t\t\t\t<div class=\"elementor-column elementor-col-100 elementor-top-column elementor-element elementor-element-2b71802\" data-id=\"2b71802\" data-element_type=\"column\" data-e-type=\"column\">\n\t\t\t<div class=\"elementor-widget-wrap elementor-element-populated\">\n\t\t\t\t\t\t<div class=\"elementor-element elementor-element-028630f elementor-widget elementor-widget-text-editor\" data-id=\"028630f\" data-element_type=\"widget\" data-e-type=\"widget\" data-widget_type=\"text-editor.default\">\n\t\t\t\t<div class=\"elementor-widget-container\">\n\t\t\t\t\t\t\t\t\t<p>L'A\u00e9CS organise cette ann\u00e9e pour la premi\u00e8re fois une conf\u00e9rence de l'aviation l\u00e9g\u00e8re et vous y invite cordialement. L'\u00e9v\u00e9nement s'adresse aux repr\u00e9sentants des f\u00e9d\u00e9rations r\u00e9gionales et de discipline, ainsi qu'aux associations et groupes des sports a\u00e9riens porteurs de personnes, et doit poursuivre l'ancienne Conf\u00e9rence des Pr\u00e9sidents sous une forme \u00e9largie. Nous nous r\u00e9jouissons d'une journ\u00e9e vari\u00e9e avec des expos\u00e9s passionnants.<\/p><h5>Programme :<\/h5><ul><li>10h15 Accueil, informations g\u00e9n\u00e9rales<\/li><li>10.20 Informations de l'A\u00e9ro-Club de Suisse<\/li><li>10.45 Questions, discussion, varia, interventions<\/li><li><strong>11.00 Pause<\/strong><\/li><li>11h15 Expos\u00e9 de Pablo Merz (CEO de Skyguide), th\u00e8me : des Forces a\u00e9riennes \u00e0 Skyguide<\/li><li>11h45 Expos\u00e9 de Thomas Bucheli (SRF Meteo), th\u00e8me : actualit\u00e9s et informations passionnantes sur la m\u00e9t\u00e9o<\/li><li>12h15 Expos\u00e9 de Gianpaolo Cecchin (OFAC SILR), th\u00e8me : Humans in mind, digital in airspace<\/li><li>12h45 Br\u00e8ve discussion de groupe (dirig\u00e9e par Urs Holderegger)<\/li><li>13h15 Ap\u00e9ro riche<\/li><\/ul><p>L'\u00e9v\u00e9nement est organis\u00e9 sur <strong>Allemand<\/strong> a \u00e9t\u00e9 effectu\u00e9e. Une traduction en <strong>Fran\u00e7ais<\/strong> est assur\u00e9e.<\/p><p>Il est n\u00e9cessaire de s'inscrire avant le <strong><span style=\"color: #ff0000;\">20 octobre 2025<\/span><\/strong> est n\u00e9cessaire pour participer. La participation est gratuite.<\/p>\t\t\t\t\t\t\t\t<\/div>\n\t\t\t\t<\/div>\n\t\t\t\t\t<\/div>\n\t\t<\/div>\n\t\t\t\t\t<\/div>\n\t\t<\/section>\n\t\t\t\t<section class=\"elementor-section elementor-top-section elementor-element elementor-element-ad90fbb elementor-section-boxed elementor-section-height-default elementor-section-height-default\" data-id=\"ad90fbb\" data-element_type=\"section\" data-e-type=\"section\">\n\t\t\t\t\t\t<div class=\"elementor-container elementor-column-gap-default\">\n\t\t\t\t\t<div class=\"elementor-column elementor-col-100 elementor-top-column elementor-element elementor-element-991777d\" data-id=\"991777d\" data-element_type=\"column\" data-e-type=\"column\">\n\t\t\t<div class=\"elementor-widget-wrap elementor-element-populated\">\n\t\t\t\t\t\t<div class=\"elementor-element elementor-element-1a1abb6 elementor-widget-divider--view-line elementor-widget elementor-widget-divider\" data-id=\"1a1abb6\" data-element_type=\"widget\" data-e-type=\"widget\" data-widget_type=\"divider.default\">\n\t\t\t\t<div class=\"elementor-widget-container\">\n\t\t\t\t\t\t\t<div class=\"elementor-divider\">\n\t\t\t<span class=\"elementor-divider-separator\">\n\t\t\t\t\t\t<\/span>\n\t\t<\/div>\n\t\t\t\t\t\t<\/div>\n\t\t\t\t<\/div>\n\t\t\t\t\t<\/div>\n\t\t<\/div>\n\t\t\t\t\t<\/div>\n\t\t<\/section>\n\t\t\t\t<section class=\"elementor-section elementor-top-section elementor-element elementor-element-15cf73d elementor-section-boxed elementor-section-height-default elementor-section-height-default\" data-id=\"15cf73d\" data-element_type=\"section\" data-e-type=\"section\">\n\t\t\t\t\t\t<div class=\"elementor-container elementor-column-gap-default\">\n\t\t\t\t\t<div class=\"elementor-column elementor-col-100 elementor-top-column elementor-element elementor-element-f91469e\" data-id=\"f91469e\" data-element_type=\"column\" data-e-type=\"column\">\n\t\t\t<div class=\"elementor-widget-wrap elementor-element-populated\">\n\t\t\t\t\t\t<div class=\"elementor-element elementor-element-162eb3c elementor-widget elementor-widget-text-editor\" data-id=\"162eb3c\" data-element_type=\"widget\" data-e-type=\"widget\" data-widget_type=\"text-editor.default\">\n\t\t\t\t<div class=\"elementor-widget-container\">\n\t\t\t\t\t\t\t\t\t<h4>Inscription en ligne pour participer \u00e0 la \"Conf\u00e9rence de l'aviation l\u00e9g\u00e8re\" :<\/h4>\t\t\t\t\t\t\t\t<\/div>\n\t\t\t\t<\/div>\n\t\t\t\t\t<\/div>\n\t\t<\/div>\n\t\t\t\t\t<\/div>\n\t\t<\/section>\n\t\t\t\t<section class=\"elementor-section elementor-top-section elementor-element elementor-element-8aa657f elementor-section-boxed elementor-section-height-default elementor-section-height-default\" data-id=\"8aa657f\" data-element_type=\"section\" data-e-type=\"section\">\n\t\t\t\t\t\t<div class=\"elementor-container elementor-column-gap-default\">\n\t\t\t\t\t<div class=\"elementor-column elementor-col-100 elementor-top-column elementor-element elementor-element-6f17e32\" data-id=\"6f17e32\" data-element_type=\"column\" data-e-type=\"column\">\n\t\t\t<div class=\"elementor-widget-wrap elementor-element-populated\">\n\t\t\t\t\t\t<div class=\"elementor-element elementor-element-2ba29d0 elementor-widget elementor-widget-text-editor\" data-id=\"2ba29d0\" data-element_type=\"widget\" data-e-type=\"widget\" data-widget_type=\"text-editor.default\">\n\t\t\t\t<div class=\"elementor-widget-container\">\n\t\t\t\t\t\t\t\t\t<p><div class=\"everest-forms\"><div class=\"evf-container default\" id=\"evf-24137\"><form id=\"evf-form-24137\" class=\"everest-form\" data-formid=\"24137\" data-ajax_submission=\"0\" data-keyboard_friendly_form=\"0\" method=\"post\" enctype=\"multipart\/form-data\" action=\"\/fr\/wp-json\/wp\/v2\/pages\/24131\" data-trp-original-action=\"\/fr\/wp-json\/wp\/v2\/pages\/24131\"><div class=\"evf-field-container\"><input type=\"hidden\" id=\"_wpnonce24137\" name=\"_wpnonce24137\" value=\"e54a265f8e\" \/><input type=\"hidden\" name=\"_wp_http_referer\" value=\"\/fr\/wp-json\/wp\/v2\/pages\/24131\" \/><div class=\"evf-frontend-row\" data-row=\"row_2\" conditional_rules=\"[]\"><div class=\"evf-frontend-grid evf-grid-1\" data-grid=\"grid_1\"><div id=\"evf-24137-field_uEXjbCJQmj-1-container\" class=\"evf-field evf-field-text form-row validate-required\" data-required-field-message=\"This field is required.\" data-field-id=\"uEXjbCJQmj-1\"><label class=\"evf-field-label\" for=\"evf-24137-field_uEXjbCJQmj-1\"><span class=\"evf-label\">Secteur \/ Association r\u00e9gionale \/ Club \/ Groupe<\/span> <abbr class=\"required\" title=\"Required\">*<\/abbr><\/label><input type=\"text\" id=\"evf-24137-field_uEXjbCJQmj-1\" class=\"input-text\" name=\"everest_forms[form_fields][uEXjbCJQmj-1]\" required><\/div><\/div><\/div><div class=\"evf-frontend-row\" data-row=\"row_1\" conditional_rules=\"[]\"><div class=\"evf-frontend-grid evf-grid-2\" data-grid=\"grid_1\"><div id=\"evf-24137-field_tBrfW5cZpK-2-container\" class=\"evf-field evf-field-first-name form-row validate-required\" data-required-field-message=\"This field is required.\" data-field-id=\"tBrfW5cZpK-2\"><label class=\"evf-field-label\" for=\"evf-24137-field_tBrfW5cZpK-2\"><span class=\"evf-label\">Pr\u00e9nom<\/span> <abbr class=\"required\" title=\"Required\">*<\/abbr><\/label><input type=\"text\" id=\"evf-24137-field_tBrfW5cZpK-2\" class=\"input-text\" name=\"everest_forms[form_fields][tBrfW5cZpK-2]\" required><\/div><div id=\"evf-24137-field_h3Bg0ihaZq-4-container\" class=\"evf-field evf-field-text form-row validate-required\" data-required-field-message=\"This field is required.\" data-field-id=\"h3Bg0ihaZq-4\"><label class=\"evf-field-label\" for=\"evf-24137-field_h3Bg0ihaZq-4\"><span class=\"evf-label\">Fonction<\/span> <abbr class=\"required\" title=\"Required\">*<\/abbr><\/label><input type=\"text\" id=\"evf-24137-field_h3Bg0ihaZq-4\" class=\"input-text\" name=\"everest_forms[form_fields][h3Bg0ihaZq-4]\" required><\/div><\/div><div class=\"evf-frontend-grid evf-grid-2\" data-grid=\"grid_2\"><div id=\"evf-24137-field_N84hxKowTW-3-container\" class=\"evf-field evf-field-last-name form-row validate-required\" data-required-field-message=\"This field is required.\" data-field-id=\"N84hxKowTW-3\"><label class=\"evf-field-label\" for=\"evf-24137-field_N84hxKowTW-3\"><span class=\"evf-label\">Nom de famille<\/span> <abbr class=\"required\" title=\"Required\">*<\/abbr><\/label><input type=\"text\" id=\"evf-24137-field_N84hxKowTW-3\" class=\"input-text\" name=\"everest_forms[form_fields][N84hxKowTW-3]\" required><\/div><div id=\"evf-24137-field_hXkkfx0FhX-5-container\" class=\"evf-field evf-field-text form-row\" data-field-id=\"hXkkfx0FhX-5\"><label class=\"evf-field-label\" for=\"evf-24137-field_hXkkfx0FhX-5\"><span class=\"evf-label\">+ nombre d'accompagnateurs<\/span> <\/label><input type=\"text\" id=\"evf-24137-field_hXkkfx0FhX-5\" class=\"input-text\" name=\"everest_forms[form_fields][hXkkfx0FhX-5]\" ><\/div><\/div><\/div><div class=\"evf-frontend-row\" data-row=\"row_3\" conditional_rules=\"[]\"><div class=\"evf-frontend-grid evf-grid-2\" data-grid=\"grid_1\"><div id=\"evf-24137-field_Y4Lmlbwlub-6-container\" class=\"evf-field evf-field-email form-row validate-required validate-email\" data-required-field-message=\"Please enter a valid email address.\" data-field-id=\"Y4Lmlbwlub-6\"><label class=\"evf-field-label\" for=\"evf-24137-field_Y4Lmlbwlub-6\"><span class=\"evf-label\">Email<\/span> <abbr class=\"required\" title=\"Required\">*<\/abbr><\/label><input type=\"email\" id=\"evf-24137-field_Y4Lmlbwlub-6\" class=\"input-text\" name=\"everest_forms[form_fields][Y4Lmlbwlub-6]\" required><\/div><div id=\"evf-24137-field_JcmeNs5IBz-8-container\" class=\"evf-field evf-field-radio form-row validate-required\" data-required-field-message=\"This field is required.\" data-field-id=\"JcmeNs5IBz-8\"><label class=\"evf-field-label\" for=\"evf-24137-field_JcmeNs5IBz-8\"><span class=\"evf-label\">Mes informations sont correctes<\/span> <abbr class=\"required\" title=\"Required\">*<\/abbr><\/label><ul id=\"evf-24137-field_JcmeNs5IBz-8\" class=\"evf-field-required\"><li class=\"choice-1 depth-1\"><input type=\"radio\" id=\"evf-24137-field_JcmeNs5IBz-8_1\" class=\"input-text\" name=\"everest_forms[form_fields][JcmeNs5IBz-8]\" value=\"Ja\" required><label class=\"everest-forms-field-label-inline\" for=\"evf-24137-field_JcmeNs5IBz-8_1\">Oui<\/label><\/li><\/ul><\/div><\/div><div class=\"evf-frontend-grid evf-grid-2\" data-grid=\"grid_2\"><div id=\"evf-24137-field_smPFDSFI8y-7-container\" class=\"evf-field evf-field-text form-row\" data-field-id=\"smPFDSFI8y-7\"><label class=\"evf-field-label\" for=\"evf-24137-field_smPFDSFI8y-7\"><span class=\"evf-label\">T\u00e9l\u00e9phone<\/span> <\/label><input type=\"text\" id=\"evf-24137-field_smPFDSFI8y-7\" class=\"input-text\" name=\"everest_forms[form_fields][smPFDSFI8y-7]\" ><\/div><\/div><\/div><\/div><div class=\"evf-honeypot-container evf-field-hp\"><label for=\"evf-24137-field-hp\" class=\"evf-field-label\">Nom<\/label><input type=\"text\" name=\"everest_forms[hp]\" id=\"evf-24137-field-hp\" class=\"input-text\"><\/div><div class=\"evf-submit-container\" ><input type=\"hidden\" name=\"everest_forms[id]\" value=\"24137\"><input type=\"hidden\" name=\"everest_forms[author]\" value=\"1\"><button type='submit' name='everest_forms[submit]' class='everest-forms-submit-button button evf-submit' id='evf-submit-24137' value='evf-submit' data-process-text=\"Processing\u2026\" conditional_rules='&quot;&quot;' conditional_id='evf-submit-24137'  aria-live=\"assertive\">...s'inscrire<\/button><\/div><input type=\"hidden\" name=\"trp-form-language\" value=\"fr\"\/><\/form><\/div><!-- .evf-container --><\/div><\/p>\t\t\t\t\t\t\t\t<\/div>\n\t\t\t\t<\/div>\n\t\t\t\t\t<\/div>\n\t\t<\/div>\n\t\t\t\t\t<\/div>\n\t\t<\/section>\n\t\t\t\t<\/div>","protected":false},"excerpt":{"rendered":"<p>Invitation \u00e0 la Conf\u00e9rence de l'aviation l\u00e9g\u00e8re - A\u00e9ro-Club de Suisse 29 novembre 2025 - Auditorium Maihofstrasse 76 \u00e0 Lucerne L'A\u00e9CS<\/p>","protected":false},"author":1,"featured_media":0,"parent":0,"menu_order":0,"comment_status":"closed","ping_status":"closed","template":"","meta":{"footnotes":""},"class_list":["post-24131","page","type-page","status-publish","hentry"],"_links":{"self":[{"href":"https:\/\/aeroclub.ch\/fr\/wp-json\/wp\/v2\/pages\/24131","targetHints":{"allow":["GET"]}}],"collection":[{"href":"https:\/\/aeroclub.ch\/fr\/wp-json\/wp\/v2\/pages"}],"about":[{"href":"https:\/\/aeroclub.ch\/fr\/wp-json\/wp\/v2\/types\/page"}],"author":[{"embeddable":true,"href":"https:\/\/aeroclub.ch\/fr\/wp-json\/wp\/v2\/users\/1"}],"replies":[{"embeddable":true,"href":"https:\/\/aeroclub.ch\/fr\/wp-json\/wp\/v2\/comments?post=24131"}],"version-history":[{"count":0,"href":"https:\/\/aeroclub.ch\/fr\/wp-json\/wp\/v2\/pages\/24131\/revisions"}],"wp:attachment":[{"href":"https:\/\/aeroclub.ch\/fr\/wp-json\/wp\/v2\/media?parent=24131"}],"curies":[{"name":"wp","href":"https:\/\/api.w.org\/{rel}","templated":true}]}}