{"id":21723,"date":"2024-12-11T13:01:53","date_gmt":"2024-12-11T12:01:53","guid":{"rendered":"https:\/\/bogehiwo.cyon.site\/?page_id=21723"},"modified":"2026-03-31T11:26:04","modified_gmt":"2026-03-31T09:26:04","slug":"luftraum","status":"publish","type":"page","link":"https:\/\/aeroclub.ch\/fr\/der-aecs-im-ueberblick-ressorts\/luftraum\/","title":{"rendered":"Espace a\u00e9rien"},"content":{"rendered":"<div data-elementor-type=\"wp-page\" data-elementor-id=\"21723\" class=\"elementor elementor-21723\" data-elementor-post-type=\"page\">\n\t\t\t\t\t\t<section class=\"elementor-section elementor-top-section elementor-element elementor-element-175927b elementor-section-boxed elementor-section-height-default elementor-section-height-default\" data-id=\"175927b\" data-element_type=\"section\" data-e-type=\"section\">\n\t\t\t\t\t\t<div class=\"elementor-container elementor-column-gap-default\">\n\t\t\t\t\t<div class=\"elementor-column elementor-col-100 elementor-top-column elementor-element elementor-element-2eb6279\" data-id=\"2eb6279\" data-element_type=\"column\" data-e-type=\"column\">\n\t\t\t<div class=\"elementor-widget-wrap elementor-element-populated\">\n\t\t\t\t\t\t<div class=\"elementor-element elementor-element-8928226 elementor-widget elementor-widget-image\" data-id=\"8928226\" data-element_type=\"widget\" data-e-type=\"widget\" data-widget_type=\"image.default\">\n\t\t\t\t<div class=\"elementor-widget-container\">\n\t\t\t\t\t\t\t\t\t\t\t\t\t\t\t<img decoding=\"async\" width=\"800\" height=\"533\" src=\"https:\/\/aeroclub.ch\/wp-content\/uploads\/2025\/03\/TMA-ZRH-2024.webp\" class=\"attachment-large size-large wp-image-22735\" alt=\"\" srcset=\"https:\/\/aeroclub.ch\/wp-content\/uploads\/2025\/03\/TMA-ZRH-2024.webp 800w, https:\/\/aeroclub.ch\/wp-content\/uploads\/2025\/03\/TMA-ZRH-2024-300x200.webp 300w, https:\/\/aeroclub.ch\/wp-content\/uploads\/2025\/03\/TMA-ZRH-2024-768x512.webp 768w, https:\/\/aeroclub.ch\/wp-content\/uploads\/2025\/03\/TMA-ZRH-2024-18x12.webp 18w\" sizes=\"(max-width: 800px) 100vw, 800px\" \/>\t\t\t\t\t\t\t\t\t\t\t\t\t\t\t<\/div>\n\t\t\t\t<\/div>\n\t\t\t\t\t<\/div>\n\t\t<\/div>\n\t\t\t\t\t<\/div>\n\t\t<\/section>\n\t\t\t\t<section class=\"elementor-section elementor-top-section elementor-element elementor-element-a0d8995 elementor-section-boxed elementor-section-height-default elementor-section-height-default\" data-id=\"a0d8995\" data-element_type=\"section\" data-e-type=\"section\">\n\t\t\t\t\t\t<div class=\"elementor-container elementor-column-gap-default\">\n\t\t\t\t\t<div class=\"elementor-column elementor-col-100 elementor-top-column elementor-element elementor-element-8b5d898\" data-id=\"8b5d898\" data-element_type=\"column\" data-e-type=\"column\">\n\t\t\t<div class=\"elementor-widget-wrap elementor-element-populated\">\n\t\t\t\t\t\t<div class=\"elementor-element elementor-element-16ad134 elementor-widget elementor-widget-text-editor\" data-id=\"16ad134\" data-element_type=\"widget\" data-e-type=\"widget\" data-widget_type=\"text-editor.default\">\n\t\t\t\t<div class=\"elementor-widget-container\">\n\t\t\t\t\t\t\t\t\t<p>Le d\u00e9partement Espace a\u00e9rien de l'A\u00e9ro-Club de Suisse s'engage pour une utilisation aussi libre que possible de l'espace a\u00e9rien suisse pour l'aviation l\u00e9g\u00e8re. Pour ce faire, il a besoin de participer \u00e0 diff\u00e9rents comit\u00e9s et groupes de projet, voire de collaborer activement \u00e0 des consultations. En tant que pilote de vol \u00e0 moteur actif, notre responsable de l'espace a\u00e9rien, Chrigel Markoff, est parfaitement au courant de cette mati\u00e8re complexe. Gabriel Rossier continuera d'agir en tant que freelance.<\/p>\t\t\t\t\t\t\t\t<\/div>\n\t\t\t\t<\/div>\n\t\t\t\t\t<\/div>\n\t\t<\/div>\n\t\t\t\t\t<\/div>\n\t\t<\/section>\n\t\t\t\t<section class=\"elementor-section elementor-top-section elementor-element elementor-element-637ef75 elementor-section-boxed elementor-section-height-default elementor-section-height-default\" data-id=\"637ef75\" data-element_type=\"section\" data-e-type=\"section\">\n\t\t\t\t\t\t<div class=\"elementor-container elementor-column-gap-default\">\n\t\t\t\t\t<div class=\"elementor-column elementor-col-100 elementor-top-column elementor-element elementor-element-b084a58\" data-id=\"b084a58\" data-element_type=\"column\" data-e-type=\"column\">\n\t\t\t<div class=\"elementor-widget-wrap elementor-element-populated\">\n\t\t\t\t\t\t<div class=\"elementor-element elementor-element-75fc057 elementor-widget elementor-widget-text-editor\" data-id=\"75fc057\" data-element_type=\"widget\" data-e-type=\"widget\" data-widget_type=\"text-editor.default\">\n\t\t\t\t<div class=\"elementor-widget-container\">\n\t\t\t\t\t\t\t\t\t<h2><strong>Distributeur d'espace a\u00e9rien de l'A\u00e9CS<\/strong><\/h2><p>Plusieurs fois par an, l'OFAC organise des consultations sur les modifications temporaires ou permanentes pr\u00e9vues de l'espace a\u00e9rien aupr\u00e8s de toutes les f\u00e9d\u00e9rations. Pour l'A\u00e9CS, il est parfois difficile de trouver tous les interlocuteurs ou les bons interlocuteurs ou les utilisateurs de l'espace a\u00e9rien concern\u00e9s. C'est pourquoi l'A\u00e9CS envoie depuis peu toutes les consultations par e-mail aux associations, groupes, a\u00e9rodromes ou m\u00eame aux particuliers int\u00e9ress\u00e9s, via une liste de distribution. Toute personne ayant un int\u00e9r\u00eat justifi\u00e9 pour une modification de l'espace a\u00e9rien peut r\u00e9pondre \u00e0 l'e-mail dans le d\u00e9lai imparti et proposer les modifications souhait\u00e9es. L'A\u00e9CS les examine alors et les int\u00e8gre, le cas \u00e9ch\u00e9ant, dans sa prise de position \u00e0 l'intention de l'OFAC.<br \/>La liste de diffusion de l'espace a\u00e9rien n'est pas un bulletin d'information. Elle sert uniquement \u00e0 s'informer mutuellement sur les projets d'espace a\u00e9rien. Les pilotes, les dirigeants de clubs ou les a\u00e9rodromes int\u00e9ress\u00e9s peuvent s'inscrire facilement par e-mail sur <strong><em><a href=\"mailto:luftraum@aeroclub.ch\">luftraum@aeroclub.ch<\/a><\/em><\/strong> \u00e0.<\/p>\t\t\t\t\t\t\t\t<\/div>\n\t\t\t\t<\/div>\n\t\t\t\t\t<\/div>\n\t\t<\/div>\n\t\t\t\t\t<\/div>\n\t\t<\/section>\n\t\t\t\t<section class=\"elementor-section elementor-top-section elementor-element elementor-element-2fd93b02 elementor-section-boxed elementor-section-height-default elementor-section-height-default\" data-id=\"2fd93b02\" data-element_type=\"section\" data-e-type=\"section\">\n\t\t\t\t\t\t<div class=\"elementor-container elementor-column-gap-default\">\n\t\t\t\t\t<div class=\"elementor-column elementor-col-100 elementor-top-column elementor-element elementor-element-20fac164\" data-id=\"20fac164\" data-element_type=\"column\" data-e-type=\"column\">\n\t\t\t<div class=\"elementor-widget-wrap elementor-element-populated\">\n\t\t\t\t\t\t<div class=\"elementor-element elementor-element-4b28a040 elementor-widget elementor-widget-text-editor\" data-id=\"4b28a040\" data-element_type=\"widget\" data-e-type=\"widget\" data-widget_type=\"text-editor.default\">\n\t\t\t\t<div class=\"elementor-widget-container\">\n\t\t\t\t\t\t\t\t\t<h2><strong>Formulaires &amp; liens<\/strong><\/h2>\t\t\t\t\t\t\t\t<\/div>\n\t\t\t\t<\/div>\n\t\t\t\t\t<\/div>\n\t\t<\/div>\n\t\t\t\t\t<\/div>\n\t\t<\/section>\n\t\t\t\t<section class=\"elementor-section elementor-top-section elementor-element elementor-element-652c1f69 elementor-section-boxed elementor-section-height-default elementor-section-height-default\" data-id=\"652c1f69\" data-element_type=\"section\" data-e-type=\"section\">\n\t\t\t\t\t\t<div class=\"elementor-container elementor-column-gap-default\">\n\t\t\t\t\t<div class=\"elementor-column elementor-col-100 elementor-top-column elementor-element elementor-element-56bc8bc1\" data-id=\"56bc8bc1\" data-element_type=\"column\" data-e-type=\"column\">\n\t\t\t<div class=\"elementor-widget-wrap elementor-element-populated\">\n\t\t\t\t\t\t<div class=\"elementor-element elementor-element-50240bd0 elementor-icon-list--layout-traditional elementor-list-item-link-full_width elementor-widget elementor-widget-icon-list\" data-id=\"50240bd0\" data-element_type=\"widget\" data-e-type=\"widget\" data-widget_type=\"icon-list.default\">\n\t\t\t\t<div class=\"elementor-widget-container\">\n\t\t\t\t\t\t\t<ul class=\"elementor-icon-list-items\">\n\t\t\t\t\t\t\t<li class=\"elementor-icon-list-item\">\n\t\t\t\t\t\t\t\t\t\t\t<a href=\"https:\/\/cloud.hoststar.ch\/s\/nRETFSYtqWqHNRF\" target=\"_blank\">\n\n\t\t\t\t\t\t\t\t\t\t\t\t<span class=\"elementor-icon-list-icon\">\n\t\t\t\t\t\t\t<svg aria-hidden=\"true\" class=\"e-font-icon-svg e-fas-plane\" viewbox=\"0 0 576 512\" xmlns=\"http:\/\/www.w3.org\/2000\/svg\"><path d=\"M480 192H365.71L260.61 8.06A16.014 16.014 0 0 0 246.71 0h-65.5c-10.63 0-18.3 10.17-15.38 20.39L214.86 192H112l-43.2-57.6c-3.02-4.03-7.77-6.4-12.8-6.4H16.01C5.6 128-2.04 137.78.49 147.88L32 256 .49 364.12C-2.04 374.22 5.6 384 16.01 384H56c5.04 0 9.78-2.37 12.8-6.4L112 320h102.86l-49.03 171.6c-2.92 10.22 4.75 20.4 15.38 20.4h65.5c5.74 0 11.04-3.08 13.89-8.06L365.71 320H480c35.35 0 96-28.65 96-64s-60.65-64-96-64z\"><\/path><\/svg>\t\t\t\t\t\t<\/span>\n\t\t\t\t\t\t\t\t\t\t<span class=\"elementor-icon-list-text\">D\u00e9cision d'adaptation de l'espace a\u00e9rien 2026 \u00e0 partir du 19.03.2026<\/span>\n\t\t\t\t\t\t\t\t\t\t\t<\/a>\n\t\t\t\t\t\t\t\t\t<\/li>\n\t\t\t\t\t\t<\/ul>\n\t\t\t\t\t\t<\/div>\n\t\t\t\t<\/div>\n\t\t\t\t\t<\/div>\n\t\t<\/div>\n\t\t\t\t\t<\/div>\n\t\t<\/section>\n\t\t\t\t<\/div>","protected":false},"excerpt":{"rendered":"<p>Le d\u00e9partement Espace a\u00e9rien de l'A\u00e9ro-Club de Suisse s'engage pour une utilisation aussi libre que possible de l'espace a\u00e9rien suisse pour l'aviation l\u00e9g\u00e8re.<\/p>","protected":false},"author":1,"featured_media":0,"parent":445,"menu_order":0,"comment_status":"closed","ping_status":"closed","template":"","meta":{"footnotes":""},"class_list":["post-21723","page","type-page","status-publish","hentry"],"_links":{"self":[{"href":"https:\/\/aeroclub.ch\/fr\/wp-json\/wp\/v2\/pages\/21723","targetHints":{"allow":["GET"]}}],"collection":[{"href":"https:\/\/aeroclub.ch\/fr\/wp-json\/wp\/v2\/pages"}],"about":[{"href":"https:\/\/aeroclub.ch\/fr\/wp-json\/wp\/v2\/types\/page"}],"author":[{"embeddable":true,"href":"https:\/\/aeroclub.ch\/fr\/wp-json\/wp\/v2\/users\/1"}],"replies":[{"embeddable":true,"href":"https:\/\/aeroclub.ch\/fr\/wp-json\/wp\/v2\/comments?post=21723"}],"version-history":[{"count":0,"href":"https:\/\/aeroclub.ch\/fr\/wp-json\/wp\/v2\/pages\/21723\/revisions"}],"up":[{"embeddable":true,"href":"https:\/\/aeroclub.ch\/fr\/wp-json\/wp\/v2\/pages\/445"}],"wp:attachment":[{"href":"https:\/\/aeroclub.ch\/fr\/wp-json\/wp\/v2\/media?parent=21723"}],"curies":[{"name":"wp","href":"https:\/\/api.w.org\/{rel}","templated":true}]}}